{"id":5958,"date":"2022-11-25T12:16:37","date_gmt":"2022-11-25T12:16:37","guid":{"rendered":"https:\/\/www.afecvigo.es\/web\/?page_id=5958"},"modified":"2022-11-28T12:41:33","modified_gmt":"2022-11-28T12:41:33","slug":"formulario-cv-tutores-enfermeria","status":"publish","type":"page","link":"https:\/\/www.afecvigo.es\/web\/?page_id=5958","title":{"rendered":"Formulario CV Tutores enfermeria"},"content":{"rendered":"\t\t<div data-elementor-type=\"wp-page\" data-elementor-id=\"5958\" class=\"elementor elementor-5958\">\n\t\t\t\t\t\t<div class=\"elementor-inner\">\n\t\t\t\t<div class=\"elementor-section-wrap\">\n\t\t\t\t\t\t\t\t\t<section class=\"elementor-section elementor-top-section elementor-element elementor-element-fff1872 elementor-section-boxed elementor-section-height-default elementor-section-height-default\" data-id=\"fff1872\" data-element_type=\"section\">\n\t\t\t\t\t\t<div class=\"elementor-container elementor-column-gap-default\">\n\t\t\t\t\t\t\t<div class=\"elementor-row\">\n\t\t\t\t\t<div class=\"elementor-column elementor-col-100 elementor-top-column elementor-element elementor-element-a786370\" data-id=\"a786370\" data-element_type=\"column\">\n\t\t\t<div class=\"elementor-column-wrap elementor-element-populated\">\n\t\t\t\t\t\t\t<div class=\"elementor-widget-wrap\">\n\t\t\t\t\t\t<div class=\"elementor-element elementor-element-65281b3 hide_impreso elementor-widget elementor-widget-heading\" data-id=\"65281b3\" data-element_type=\"widget\" data-widget_type=\"heading.default\">\n\t\t\t\t<div class=\"elementor-widget-container\">\n\t\t\t<h2 class=\"elementor-heading-title elementor-size-default\">CV Tutores Enfermer\u00eda<\/h2>\t\t<\/div>\n\t\t\t\t<\/div>\n\t\t\t\t\t\t<\/div>\n\t\t\t\t\t<\/div>\n\t\t<\/div>\n\t\t\t\t\t\t\t\t<\/div>\n\t\t\t\t\t<\/div>\n\t\t<\/section>\n\t\t\t\t<section class=\"elementor-section elementor-top-section elementor-element elementor-element-7dab32a elementor-section-boxed elementor-section-height-default elementor-section-height-default\" data-id=\"7dab32a\" data-element_type=\"section\">\n\t\t\t\t\t\t<div class=\"elementor-container elementor-column-gap-default\">\n\t\t\t\t\t\t\t<div class=\"elementor-row\">\n\t\t\t\t\t<div class=\"elementor-column elementor-col-100 elementor-top-column elementor-element elementor-element-e840bf4\" data-id=\"e840bf4\" data-element_type=\"column\">\n\t\t\t<div class=\"elementor-column-wrap elementor-element-populated\">\n\t\t\t\t\t\t\t<div class=\"elementor-widget-wrap\">\n\t\t\t\t\t\t<div class=\"elementor-element elementor-element-bb89dd7 elementor-widget elementor-widget-shortcode\" data-id=\"bb89dd7\" data-element_type=\"widget\" data-widget_type=\"shortcode.default\">\n\t\t\t\t<div class=\"elementor-widget-container\">\n\t\t\t\t\t<div class=\"elementor-shortcode\"><div role=\"form\" class=\"wpcf7\" id=\"wpcf7-f5960-o1\" lang=\"gl-ES\" dir=\"ltr\">\n<div class=\"screen-reader-response\"><p role=\"status\" aria-live=\"polite\" aria-atomic=\"true\"><\/p> <ul><\/ul><\/div>\n<form action=\"\/web\/index.php?rest_route=%2Fwp%2Fv2%2Fpages%2F5958#wpcf7-f5960-o1\" method=\"post\" class=\"wpcf7-form init demo\" enctype=\"multipart\/form-data\" novalidate=\"novalidate\" data-status=\"init\" id=\"formulario_imprimir\">\n<div style=\"display: none;\">\n<input type=\"hidden\" name=\"_wpcf7\" value=\"5960\" \/>\n<input type=\"hidden\" name=\"_wpcf7_version\" value=\"5.6.4\" \/>\n<input type=\"hidden\" name=\"_wpcf7_locale\" value=\"gl_ES\" \/>\n<input type=\"hidden\" name=\"_wpcf7_unit_tag\" value=\"wpcf7-f5960-o1\" \/>\n<input type=\"hidden\" name=\"_wpcf7_container_post\" value=\"0\" \/>\n<input type=\"hidden\" name=\"_wpcf7_posted_data_hash\" value=\"\" \/>\n<\/div>\n<div class=\"col-md-12 format_div\" id=\"contenedor\">\n<table style=\"width: 100%; border-collapse:collapse; border-spacing:0; margin-left: auto; margin-right: auto;\">\n<tbody>\n<tr>\n<td style=\"border: solid 1px black;\">\n                    <strong>DATOS PERSONALES<\/strong>\n                <\/td>\n<\/tr>\n<tr>\n<td style=\"border: solid 1px black;\">\n                    <label>Nombre y Apellidos:<\/label><br \/>\n                    <span class=\"wpcf7-form-control-wrap\" data-name=\"nombre_apellidos\"><input type=\"text\" name=\"nombre_apellidos\" value=\"\" size=\"40\" class=\"wpcf7-form-control wpcf7-text wpcf7-validates-as-required sin_borde\" id=\"nombre_apellidos\" aria-required=\"true\" aria-invalid=\"false\" \/><\/span>\n                <\/td>\n<\/tr>\n<tr>\n<td style=\"border: solid 1px black;\">\n                    <label>DNI:<\/label><br \/>\n                    <span class=\"wpcf7-form-control-wrap\" data-name=\"dni\"><input type=\"text\" name=\"dni\" value=\"\" size=\"40\" class=\"wpcf7-form-control wpcf7-text wpcf7-validates-as-required sin_borde\" id=\"dni\" aria-required=\"true\" aria-invalid=\"false\" \/><\/span>\n                <\/td>\n<\/tr>\n<tr>\n<td style=\"border: solid 1px black;\">\n                    <label>Tel\u00e9fono:<\/label><br \/>\n                    <span class=\"wpcf7-form-control-wrap\" data-name=\"telefono\"><input type=\"text\" name=\"telefono\" value=\"\" size=\"40\" class=\"wpcf7-form-control wpcf7-text wpcf7-validates-as-required sin_borde\" id=\"telefono\" aria-required=\"true\" aria-invalid=\"false\" \/><\/span>\n                <\/td>\n<\/tr>\n<tr>\n<td style=\"border: solid 1px black;\">\n                    <label>E-mail:<\/label><br \/>\n                    <span class=\"wpcf7-form-control-wrap\" data-name=\"email\"><input type=\"text\" name=\"email\" value=\"\" size=\"40\" class=\"wpcf7-form-control wpcf7-text wpcf7-validates-as-required sin_borde\" id=\"email\" aria-required=\"true\" aria-invalid=\"false\" \/><\/span>\n                <\/td>\n<\/tr>\n<tr>\n<td style=\"border: solid 1px black;\">\n                    <label>Ocupaci\u00f3n laboral actual (puesto\/ horario):<\/label><br \/>\n                    <span class=\"wpcf7-form-control-wrap\" data-name=\"ocupacion_laboral\"><input type=\"text\" name=\"ocupacion_laboral\" value=\"\" size=\"40\" class=\"wpcf7-form-control wpcf7-text wpcf7-validates-as-required sin_borde\" id=\"ocupacion_laboral\" aria-required=\"true\" aria-invalid=\"false\" \/><\/span>\n                <\/td>\n<\/tr>\n<tr>\n<td style=\"border: solid 1px black;\">\n                    <strong>DATOS DE FORMACI\u00d3N<\/strong>\n                <\/td>\n<\/tr>\n<tr>\n<td style=\"border: solid 1px black;\">\n                    <label>Licenciatura \/Diplomatura\/ Grado<\/label><br \/>\n                    <span class=\"wpcf7-form-control-wrap\" data-name=\"formacion\"><input type=\"text\" name=\"formacion\" value=\"\" size=\"40\" class=\"wpcf7-form-control wpcf7-text wpcf7-validates-as-required sin_borde\" id=\"formacion\" aria-required=\"true\" aria-invalid=\"false\" \/><\/span>\n                <\/td>\n<\/tr>\n<tr>\n<td style=\"border: solid 1px black;\">\n                    <label>A\u00f1o de obtenci\u00f3n del t\u00edtulo de especialista:<\/label><br \/>\n                    <span class=\"wpcf7-form-control-wrap\" data-name=\"ano_titulacion\"><input type=\"text\" name=\"ano_titulacion\" value=\"\" size=\"40\" class=\"wpcf7-form-control wpcf7-text wpcf7-validates-as-required sin_borde\" id=\"ano_titulacion\" aria-required=\"true\" aria-invalid=\"false\" \/><\/span>\n                <\/td>\n<\/tr>\n<tr>\n<td style=\"border: solid 1px black;\">\n                    <label>Experiencia en a\u00f1os como tutor:<\/label><br \/>\n                    <span class=\"wpcf7-form-control-wrap\" data-name=\"experiencia_tutor\"><input type=\"number\" name=\"experiencia_tutor\" value=\"\" class=\"wpcf7-form-control wpcf7-number wpcf7-validates-as-required wpcf7-validates-as-number sin_borde\" id=\"experiencia_tutor\" aria-required=\"true\" aria-invalid=\"false\" \/><\/span>\n                <\/td>\n<\/tr>\n<tr>\n<td style=\"border: solid 1px black;\">\n                    <strong>Otra FORMACI\u00d3N ACAD\u00c9MICA<\/strong>\n                <\/td>\n<\/tr>\n<tr>\n<td style=\"border: solid 1px black;\">\n                    <label>Master:<\/label><br \/>\n                    <span class=\"wpcf7-form-control-wrap\" data-name=\"master\"><input type=\"text\" name=\"master\" value=\"\" size=\"40\" class=\"wpcf7-form-control wpcf7-text wpcf7-validates-as-required sin_borde\" id=\"master\" aria-required=\"true\" aria-invalid=\"false\" \/><\/span>\n                <\/td>\n<\/tr>\n<tr>\n<td style=\"border: solid 1px black;\">\n                    <label>Doctorado:<\/label><br \/>\n                    <span class=\"wpcf7-form-control-wrap\" data-name=\"doctorado\"><input type=\"text\" name=\"doctorado\" value=\"\" size=\"40\" class=\"wpcf7-form-control wpcf7-text wpcf7-validates-as-required sin_borde\" id=\"doctorado\" aria-required=\"true\" aria-invalid=\"false\" \/><\/span>\n                <\/td>\n<\/tr>\n<tr>\n<td style=\"border: solid 1px black;\">\n                    <strong>FORMACI\u00d3N CONTINUADA - CURSOS:<\/strong> (las citaciones deben pertenecer a los \u00faltimos 2 a\u00f1os)\n                <\/td>\n<\/tr>\n<tr>\n<td style=\"border: solid 1px black;\">\n                    <label>Denominacion del curso:<\/label><br \/>\n                    <span class=\"wpcf7-form-control-wrap\" data-name=\"curso_denominacion\"><input type=\"text\" name=\"curso_denominacion\" value=\"\" size=\"40\" class=\"wpcf7-form-control wpcf7-text wpcf7-validates-as-required sin_borde\" id=\"curso_denominacion\" aria-required=\"true\" aria-invalid=\"false\" \/><\/span>\n                <\/td>\n<\/tr>\n<tr>\n<td style=\"border: solid 1px black;\">\n                    <label>A\u00f1o:<\/label><br \/>\n                    <span class=\"wpcf7-form-control-wrap\" data-name=\"curso_ano\"><input type=\"text\" name=\"curso_ano\" value=\"\" size=\"40\" class=\"wpcf7-form-control wpcf7-text wpcf7-validates-as-required sin_borde\" id=\"curso_ano\" aria-required=\"true\" aria-invalid=\"false\" \/><\/span>\n                <\/td>\n<\/tr>\n<tr>\n<td style=\"border: solid 1px black;\">\n                    <label>Participaci\u00f3n Horas\/Cr\u00e9ditos:<\/label><br \/>\n                    <span class=\"wpcf7-form-control-wrap\" data-name=\"curso_participacion\"><input type=\"text\" name=\"curso_participacion\" value=\"\" size=\"40\" class=\"wpcf7-form-control wpcf7-text wpcf7-validates-as-required sin_borde\" id=\"curso_participacion\" aria-required=\"true\" aria-invalid=\"false\" \/><\/span>\n                <\/td>\n<\/tr>\n<tr>\n<td style=\"border: solid 1px black;\">\n                    <label>Tipo de contenido:<\/label><br \/>\n                    <span class=\"wpcf7-form-control-wrap\" data-name=\"curso_contenido\"><input type=\"text\" name=\"curso_contenido\" value=\"\" size=\"40\" class=\"wpcf7-form-control wpcf7-text wpcf7-validates-as-required sin_borde\" id=\"curso_contenido\" aria-required=\"true\" aria-invalid=\"false\" \/><\/span>\n                <\/td>\n<\/tr>\n<tr>\n<td style=\"border: solid 1px black;\">\n                    <strong>EXPERIENCIA PROFESIONAL ASISTENCIAL y de GESTI\u00d3N,<\/strong> (las citaciones deben pertenecer a los \u00faltimos 5 a\u00f1os)\n                <\/td>\n<\/tr>\n<tr>\n<td style=\"border: solid 1px black;\">\n                    <label>Lugar:<\/label><br \/>\n                    <span class=\"wpcf7-form-control-wrap\" data-name=\"experiencia_lugar\"><input type=\"text\" name=\"experiencia_lugar\" value=\"\" size=\"40\" class=\"wpcf7-form-control wpcf7-text wpcf7-validates-as-required sin_borde\" id=\"experiencia_lugar\" aria-required=\"true\" aria-invalid=\"false\" \/><\/span>\n                <\/td>\n<\/tr>\n<tr>\n<td style=\"border: solid 1px black;\">\n                    <label>Puesto:<\/label><br \/>\n                    <span class=\"wpcf7-form-control-wrap\" data-name=\"experiencia_puesto\"><input type=\"text\" name=\"experiencia_puesto\" value=\"\" size=\"40\" class=\"wpcf7-form-control wpcf7-text wpcf7-validates-as-required sin_borde\" id=\"experiencia_puesto\" aria-required=\"true\" aria-invalid=\"false\" \/><\/span>\n                <\/td>\n<\/tr>\n<tr>\n<td style=\"border: solid 1px black;\">\n                    <label>Duraci\u00f3n a\u00f1os\/meses:<\/label><br \/>\n                    <span class=\"wpcf7-form-control-wrap\" data-name=\"experiencia_duracion\"><input type=\"text\" name=\"experiencia_duracion\" value=\"\" size=\"40\" class=\"wpcf7-form-control wpcf7-text wpcf7-validates-as-required sin_borde\" id=\"experiencia_duracion\" aria-required=\"true\" aria-invalid=\"false\" \/><\/span>\n                <\/td>\n<\/tr>\n<tr>\n<td style=\"border: solid 1px black;\">\n                    <strong>PUBLICACIONES CIENT\u00cdFICAS Y ART\u00cdCULOS DE OPINI\u00d3N<\/strong>\n                <\/td>\n<\/tr>\n<tr>\n<td style=\"border: solid 1px black;\">\n                    <label>T\u00edtulo, autores y lugar de publicaci\u00f3n:<\/label><br \/>\n                    <span class=\"wpcf7-form-control-wrap\" data-name=\"publicacion_info\"><input type=\"text\" name=\"publicacion_info\" value=\"\" size=\"40\" class=\"wpcf7-form-control wpcf7-text wpcf7-validates-as-required sin_borde\" id=\"publicacion_info\" aria-required=\"true\" aria-invalid=\"false\" \/><\/span>\n                <\/td>\n<\/tr>\n<tr>\n<td style=\"border: solid 1px black;\">\n                    <label>A\u00f1o de publicaci\u00f3n:<\/label><br \/>\n                    <span class=\"wpcf7-form-control-wrap\" data-name=\"publicacion_ano\"><input type=\"text\" name=\"publicacion_ano\" value=\"\" size=\"40\" class=\"wpcf7-form-control wpcf7-text wpcf7-validates-as-required sin_borde\" id=\"publicacion_ano\" aria-required=\"true\" aria-invalid=\"false\" \/><\/span>\n                <\/td>\n<\/tr>\n<tr>\n<td style=\"border: solid 1px black;\">\n                    <label>ISBN\/ISSN\/Doi\/:<\/label><br \/>\n                    <span class=\"wpcf7-form-control-wrap\" data-name=\"publicacion_id\"><input type=\"text\" name=\"publicacion_id\" value=\"\" size=\"40\" class=\"wpcf7-form-control wpcf7-text wpcf7-validates-as-required sin_borde\" id=\"publicacion_id\" aria-required=\"true\" aria-invalid=\"false\" \/><\/span>\n                <\/td>\n<\/tr>\n<tr>\n<td style=\"border: solid 1px black;\">\n                    <strong>COMUNICACIONES REUNIONES CIENT\u00cdFICAS<\/strong>\n                <\/td>\n<\/tr>\n<tr>\n<td style=\"border: solid 1px black;\">\n                    <label>Comunicaciones orales\/P\u00f3ster<\/label><br \/>\n                    <span class=\"wpcf7-form-control-wrap\" data-name=\"comunicaciones_orales\"><input type=\"text\" name=\"comunicaciones_orales\" value=\"\" size=\"40\" class=\"wpcf7-form-control wpcf7-text wpcf7-validates-as-required sin_borde\" id=\"comunicaciones_orales\" aria-required=\"true\" aria-invalid=\"false\" \/><\/span>\n                <\/td>\n<\/tr>\n<tr>\n<td style=\"border: solid 1px black;\">\n                    <label>Nombre Congreso o Reuni\u00f3n Cient\u00edfica A\u00f1o<\/label><br \/>\n                    <span class=\"wpcf7-form-control-wrap\" data-name=\"comunicaciones_congreso\"><input type=\"text\" name=\"comunicaciones_congreso\" value=\"\" size=\"40\" class=\"wpcf7-form-control wpcf7-text wpcf7-validates-as-required sin_borde\" id=\"comunicaciones_congreso\" aria-required=\"true\" aria-invalid=\"false\" \/><\/span>\n                <\/td>\n<\/tr>\n<tr>\n<td style=\"border: solid 1px black;\">\n                    <label>Autores\/T\u00edtulo\/Lugar de presentaci\u00f3n:<\/label><br \/>\n                    <span class=\"wpcf7-form-control-wrap\" data-name=\"comunicaciones_autores\"><input type=\"text\" name=\"comunicaciones_autores\" value=\"\" size=\"40\" class=\"wpcf7-form-control wpcf7-text wpcf7-validates-as-required sin_borde\" id=\"comunicaciones_autores\" aria-required=\"true\" aria-invalid=\"false\" \/><\/span>\n                <\/td>\n<\/tr>\n<\/tbody>\n<\/table>\n<\/div>\n<div style=\"width: 30%; margin-right: auto;\" class=\"hide_impreso\">\n    <label>Adjuntar CV:<\/label><br \/>\n       <span class=\"wpcf7-form-control-wrap\" data-name=\"file_cv\"><input type=\"file\" name=\"file_cv\" size=\"40\" class=\"wpcf7-form-control wpcf7-file wpcf7-validates-as-required\" id=\"file_cv\" accept=\".pdf\" aria-required=\"true\" aria-invalid=\"false\" \/><\/span>\n<\/div>\n<div style=\"width: 100%; margin-left: auto; margin-right: auto;\" class=\"hide_impreso\">\n        <input type=\"submit\" value=\"Imprimir y Enviar\" class=\"wpcf7-form-control has-spinner wpcf7-submit\" id=\"confirm_form\" \/>\n<\/div>\n<div class=\"wpcf7-response-output\" aria-hidden=\"true\"><\/div><\/form><\/div><\/div>\n\t\t\t\t<\/div>\n\t\t\t\t<\/div>\n\t\t\t\t\t\t<\/div>\n\t\t\t\t\t<\/div>\n\t\t<\/div>\n\t\t\t\t\t\t\t\t<\/div>\n\t\t\t\t\t<\/div>\n\t\t<\/section>\n\t\t\t\t\t\t\t\t\t<\/div>\n\t\t\t<\/div>\n\t\t\t\t\t<\/div>\n\t\t","protected":false},"excerpt":{"rendered":"<p>CV Tutores Enfermer\u00eda<\/p>\n","protected":false},"author":1,"featured_media":0,"parent":0,"menu_order":0,"comment_status":"closed","ping_status":"closed","template":"plantilla_formulario.php","meta":{"footnotes":""},"class_list":["post-5958","page","type-page","status-publish","hentry"],"_links":{"self":[{"href":"https:\/\/www.afecvigo.es\/web\/index.php?rest_route=\/wp\/v2\/pages\/5958","targetHints":{"allow":["GET"]}}],"collection":[{"href":"https:\/\/www.afecvigo.es\/web\/index.php?rest_route=\/wp\/v2\/pages"}],"about":[{"href":"https:\/\/www.afecvigo.es\/web\/index.php?rest_route=\/wp\/v2\/types\/page"}],"author":[{"embeddable":true,"href":"https:\/\/www.afecvigo.es\/web\/index.php?rest_route=\/wp\/v2\/users\/1"}],"replies":[{"embeddable":true,"href":"https:\/\/www.afecvigo.es\/web\/index.php?rest_route=%2Fwp%2Fv2%2Fcomments&post=5958"}],"version-history":[{"count":4,"href":"https:\/\/www.afecvigo.es\/web\/index.php?rest_route=\/wp\/v2\/pages\/5958\/revisions"}],"predecessor-version":[{"id":5963,"href":"https:\/\/www.afecvigo.es\/web\/index.php?rest_route=\/wp\/v2\/pages\/5958\/revisions\/5963"}],"wp:attachment":[{"href":"https:\/\/www.afecvigo.es\/web\/index.php?rest_route=%2Fwp%2Fv2%2Fmedia&parent=5958"}],"curies":[{"name":"wp","href":"https:\/\/api.w.org\/{rel}","templated":true}]}}