{"id":5530,"date":"2022-11-15T08:49:34","date_gmt":"2022-11-15T08:49:34","guid":{"rendered":"https:\/\/www.afecvigo.es\/web\/?page_id=5530"},"modified":"2022-11-22T12:21:30","modified_gmt":"2022-11-22T12:21:30","slug":"formulario-responsable-docencia-mir","status":"publish","type":"page","link":"https:\/\/www.afecvigo.es\/web\/?page_id=5530","title":{"rendered":"Formulario Responsable Docencia MIR"},"content":{"rendered":"\t\t<div data-elementor-type=\"wp-page\" data-elementor-id=\"5530\" class=\"elementor elementor-5530\">\n\t\t\t\t\t\t<div class=\"elementor-inner\">\n\t\t\t\t<div class=\"elementor-section-wrap\">\n\t\t\t\t\t\t\t\t\t<section class=\"elementor-section elementor-top-section elementor-element elementor-element-d6e4557 elementor-section-boxed elementor-section-height-default elementor-section-height-default\" data-id=\"d6e4557\" data-element_type=\"section\">\n\t\t\t\t\t\t<div class=\"elementor-container elementor-column-gap-default\">\n\t\t\t\t\t\t\t<div class=\"elementor-row\">\n\t\t\t\t\t<div class=\"elementor-column elementor-col-100 elementor-top-column elementor-element elementor-element-9bf4b67\" data-id=\"9bf4b67\" data-element_type=\"column\">\n\t\t\t<div class=\"elementor-column-wrap elementor-element-populated\">\n\t\t\t\t\t\t\t<div class=\"elementor-widget-wrap\">\n\t\t\t\t\t\t<div class=\"elementor-element elementor-element-da3350e hide_impreso elementor-widget elementor-widget-heading\" data-id=\"da3350e\" data-element_type=\"widget\" data-widget_type=\"heading.default\">\n\t\t\t\t<div class=\"elementor-widget-container\">\n\t\t\t<h2 class=\"elementor-heading-title elementor-size-default\">Responsable de Docencia MIR<\/h2>\t\t<\/div>\n\t\t\t\t<\/div>\n\t\t\t\t\t\t<\/div>\n\t\t\t\t\t<\/div>\n\t\t<\/div>\n\t\t\t\t\t\t\t\t<\/div>\n\t\t\t\t\t<\/div>\n\t\t<\/section>\n\t\t\t\t<section class=\"elementor-section elementor-top-section elementor-element elementor-element-4016a17 elementor-section-boxed elementor-section-height-default elementor-section-height-default\" data-id=\"4016a17\" data-element_type=\"section\">\n\t\t\t\t\t\t<div class=\"elementor-container elementor-column-gap-default\">\n\t\t\t\t\t\t\t<div class=\"elementor-row\">\n\t\t\t\t\t<div class=\"elementor-column elementor-col-100 elementor-top-column elementor-element elementor-element-c33dd34\" data-id=\"c33dd34\" data-element_type=\"column\">\n\t\t\t<div class=\"elementor-column-wrap elementor-element-populated\">\n\t\t\t\t\t\t\t<div class=\"elementor-widget-wrap\">\n\t\t\t\t\t\t<div class=\"elementor-element elementor-element-f5caa1e elementor-widget elementor-widget-shortcode\" data-id=\"f5caa1e\" data-element_type=\"widget\" data-widget_type=\"shortcode.default\">\n\t\t\t\t<div class=\"elementor-widget-container\">\n\t\t\t\t\t<div class=\"elementor-shortcode\"><div role=\"form\" class=\"wpcf7\" id=\"wpcf7-f4789-o1\" lang=\"gl-ES\" dir=\"ltr\">\n<div class=\"screen-reader-response\"><p role=\"status\" aria-live=\"polite\" aria-atomic=\"true\"><\/p> <ul><\/ul><\/div>\n<form action=\"\/web\/index.php?rest_route=%2Fwp%2Fv2%2Fpages%2F5530#wpcf7-f4789-o1\" method=\"post\" class=\"wpcf7-form init\" novalidate=\"novalidate\" data-status=\"init\" id=\"formulario_imprimir\">\n<div style=\"display: none;\">\n<input type=\"hidden\" name=\"_wpcf7\" value=\"4789\" \/>\n<input type=\"hidden\" name=\"_wpcf7_version\" value=\"5.6.4\" \/>\n<input type=\"hidden\" name=\"_wpcf7_locale\" value=\"gl_ES\" \/>\n<input type=\"hidden\" name=\"_wpcf7_unit_tag\" value=\"wpcf7-f4789-o1\" \/>\n<input type=\"hidden\" name=\"_wpcf7_container_post\" value=\"0\" \/>\n<input type=\"hidden\" name=\"_wpcf7_posted_data_hash\" value=\"\" \/>\n<\/div>\n<div class=\"col-md-12 format_div adjust_top_small\" id=\"contenedor\">\n<h2 style=\"text-align: center; text-align: center;\" class=\"solo_impreso\">INFORME DEL RESPONSABLE DE DOCENCIA DEL CENTRO DE SALUD<\/h2>\n<table style=\"width: 100%; border-collapse:collapse; border-spacing:0; margin-left: auto; margin-right: auto;\" class=\"full_width_impreso\">\n<tbody>\n<tr>\n<td style=\"border: solid 1px black; background-color: rgb(231, 231, 231); text-align: center;\" colspan=\"2\">INFORME DEL RESPONSABLE DE DOCENCIA DEL PAC<\/td>\n<\/tr>\n<tr>\n<td style=\"border: solid 1px black; width: 25%;\">Nombre y Apellidos:<\/td>\n<td style=\"border: solid 1px black;\"><span class=\"wpcf7-form-control-wrap\" data-name=\"nombre_apellidos\"><input type=\"text\" name=\"nombre_apellidos\" value=\"\" size=\"40\" class=\"wpcf7-form-control wpcf7-text sin_borde\" id=\"nombre_apellidos\" aria-invalid=\"false\" \/><\/span><\/td>\n<\/tr>\n<tr>\n<td style=\"border: solid 1px black; width: 25%;\">Centro de Salud:<\/td>\n<td style=\"border: solid 1px black;\"><span class=\"wpcf7-form-control-wrap\" data-name=\"centro_salud\"><input type=\"text\" name=\"centro_salud\" value=\"\" size=\"40\" class=\"wpcf7-form-control wpcf7-text sin_borde\" id=\"centro_salud\" aria-invalid=\"false\" \/><\/span><\/td>\n<\/tr>\n<tr>\n<td style=\"border: solid 1px black; width: 25%;\">Nombre del candidato:<\/td>\n<td style=\"border: solid 1px black;\"><span class=\"wpcf7-form-control-wrap\" data-name=\"nombre_candidato\"><input type=\"text\" name=\"nombre_candidato\" value=\"\" size=\"40\" class=\"wpcf7-form-control wpcf7-text sin_borde\" id=\"nombre_candidato\" aria-invalid=\"false\" \/><\/span><\/td>\n<\/tr>\n<\/tbody>\n<\/table>\n<table style=\"width: 100%; border-collapse:collapse; border-spacing:0; margin-left: auto; margin-right: auto; margin-bottom: 10px;\" class=\"full_width_impreso\">\n<tbody>\n<tr>\n<td style=\"border: solid 1px black;\">El tutor o candidato:<\/td>\n<\/tr>\n<tr>\n<td style=\"border: solid 1px black;\">\u00bfPrepara adecuadamente las sesiones del centro (inter\u00e9s del tema, metodolog\u00eda, presentaci\u00f3n\u2026)?<\/td>\n<\/tr>\n<tr>\n<td style=\"border: solid 1px black;\"><span class=\"wpcf7-form-control-wrap\" data-name=\"pregunta_1\"><textarea name=\"pregunta_1\" cols=\"40\" rows=\"4\" class=\"wpcf7-form-control wpcf7-textarea sin_borde\" id=\"pregunta_1\" aria-invalid=\"false\"><\/textarea><\/span><\/td>\n<\/tr>\n<\/tbody>\n<\/table>\n<table style=\"width: 100%; border-collapse:collapse; border-spacing:0; margin-left: auto; margin-right: auto; margin-bottom: 10px;\" class=\"full_width_impreso\">\n<tbody>\n<tr>\n<td style=\"border: solid 1px black;\">\u00bfParticipa activamente en las sesiones del centro (asistencia, puntualidad, implicaci\u00f3n \u2026)?<\/td>\n<\/tr>\n<tr>\n<td style=\"border: solid 1px black;\"><span class=\"wpcf7-form-control-wrap\" data-name=\"pregunta_2\"><textarea name=\"pregunta_2\" cols=\"40\" rows=\"4\" class=\"wpcf7-form-control wpcf7-textarea sin_borde\" id=\"pregunta_2\" aria-invalid=\"false\"><\/textarea><\/span><\/td>\n<\/tr>\n<\/tbody>\n<\/table>\n<table style=\"width: 100%; border-collapse:collapse; border-spacing:0; margin-left: auto; margin-right: auto; margin-bottom: 10px;\" class=\"full_width_impreso\">\n<tbody>\n<tr>\n<td style=\"border: solid 1px black;\">\u00bfRealiza, en caso de tener residentes, una buena tutorizaci\u00f3n de su proceso de aprendizaje a lo largo de los a\u00f1os de especialidad, teniendo en cuenta la asistencia cl\u00ednica, la investigaci\u00f3n y la docencia?<\/td>\n<\/tr>\n<tr>\n<td style=\"border: solid 1px black;\"><span class=\"wpcf7-form-control-wrap\" data-name=\"pregunta_3\"><textarea name=\"pregunta_3\" cols=\"40\" rows=\"4\" class=\"wpcf7-form-control wpcf7-textarea sin_borde\" id=\"pregunta_3\" aria-invalid=\"false\"><\/textarea><\/span><\/td>\n<\/tr>\n<\/tbody>\n<\/table>\n<div class=\"pagebreak\"> <\/div>\n<table style=\"width: 100%; border-collapse:collapse; border-spacing:0; margin-left: auto; margin-right: auto; margin-bottom: 10px;\" class=\"full_width_impreso\">\n<tbody>\n<tr>\n<td style=\"border: solid 1px black;\">Otros comentarios que quiera hacer del tutor o candidato.<\/td>\n<\/tr>\n<tr>\n<td style=\"border: solid 1px black;\"><span class=\"wpcf7-form-control-wrap\" data-name=\"pregunta_4\"><textarea name=\"pregunta_4\" cols=\"40\" rows=\"4\" class=\"wpcf7-form-control wpcf7-textarea sin_borde\" id=\"pregunta_4\" aria-invalid=\"false\"><\/textarea><\/span><\/td>\n<\/tr>\n<\/tbody>\n<\/table>\n<div style=\"width: 100%; margin-left: auto; margin-right: auto;\" class=\"hide_impreso\">\n        <input type=\"submit\" value=\"Imprimir y Enviar\" class=\"wpcf7-form-control has-spinner wpcf7-submit\" id=\"confirm_form\" \/>\n    <\/div>\n<div class=\"solo_impreso\">\n<p style=\"margin: 40px 0px !important;\">Fecha: .........\/....................\/.............<\/p>\n<p style=\"margin: 20px 0px !important;\">Firmado:<\/p>\n<\/div>\n<\/div>\n<div class=\"wpcf7-response-output\" aria-hidden=\"true\"><\/div><\/form><\/div><\/div>\n\t\t\t\t<\/div>\n\t\t\t\t<\/div>\n\t\t\t\t\t\t<\/div>\n\t\t\t\t\t<\/div>\n\t\t<\/div>\n\t\t\t\t\t\t\t\t<\/div>\n\t\t\t\t\t<\/div>\n\t\t<\/section>\n\t\t\t\t\t\t\t\t\t<\/div>\n\t\t\t<\/div>\n\t\t\t\t\t<\/div>\n\t\t","protected":false},"excerpt":{"rendered":"<p>Responsable de Docencia MIR<\/p>\n","protected":false},"author":1,"featured_media":0,"parent":0,"menu_order":0,"comment_status":"closed","ping_status":"closed","template":"plantilla_formulario.php","meta":{"footnotes":""},"class_list":["post-5530","page","type-page","status-publish","hentry"],"_links":{"self":[{"href":"https:\/\/www.afecvigo.es\/web\/index.php?rest_route=\/wp\/v2\/pages\/5530","targetHints":{"allow":["GET"]}}],"collection":[{"href":"https:\/\/www.afecvigo.es\/web\/index.php?rest_route=\/wp\/v2\/pages"}],"about":[{"href":"https:\/\/www.afecvigo.es\/web\/index.php?rest_route=\/wp\/v2\/types\/page"}],"author":[{"embeddable":true,"href":"https:\/\/www.afecvigo.es\/web\/index.php?rest_route=\/wp\/v2\/users\/1"}],"replies":[{"embeddable":true,"href":"https:\/\/www.afecvigo.es\/web\/index.php?rest_route=%2Fwp%2Fv2%2Fcomments&post=5530"}],"version-history":[{"count":13,"href":"https:\/\/www.afecvigo.es\/web\/index.php?rest_route=\/wp\/v2\/pages\/5530\/revisions"}],"predecessor-version":[{"id":5788,"href":"https:\/\/www.afecvigo.es\/web\/index.php?rest_route=\/wp\/v2\/pages\/5530\/revisions\/5788"}],"wp:attachment":[{"href":"https:\/\/www.afecvigo.es\/web\/index.php?rest_route=%2Fwp%2Fv2%2Fmedia&parent=5530"}],"curies":[{"name":"wp","href":"https:\/\/api.w.org\/{rel}","templated":true}]}}