{"id":5522,"date":"2022-11-15T08:42:57","date_gmt":"2022-11-15T08:42:57","guid":{"rendered":"https:\/\/www.afecvigo.es\/web\/?page_id=5522"},"modified":"2022-11-22T11:52:25","modified_gmt":"2022-11-22T11:52:25","slug":"formulario-solicitud-tutores-medicina","status":"publish","type":"page","link":"https:\/\/www.afecvigo.es\/web\/?page_id=5522","title":{"rendered":"Formulario Solicitud tutores medicina"},"content":{"rendered":"\t\t<div data-elementor-type=\"wp-page\" data-elementor-id=\"5522\" class=\"elementor elementor-5522\">\n\t\t\t\t\t\t<div class=\"elementor-inner\">\n\t\t\t\t<div class=\"elementor-section-wrap\">\n\t\t\t\t\t\t\t\t\t<section class=\"elementor-section elementor-top-section elementor-element elementor-element-44ee3fc elementor-section-boxed elementor-section-height-default elementor-section-height-default\" data-id=\"44ee3fc\" data-element_type=\"section\">\n\t\t\t\t\t\t<div class=\"elementor-container elementor-column-gap-default\">\n\t\t\t\t\t\t\t<div class=\"elementor-row\">\n\t\t\t\t\t<div class=\"elementor-column elementor-col-100 elementor-top-column elementor-element elementor-element-5d54bc7\" data-id=\"5d54bc7\" data-element_type=\"column\">\n\t\t\t<div class=\"elementor-column-wrap elementor-element-populated\">\n\t\t\t\t\t\t\t<div class=\"elementor-widget-wrap\">\n\t\t\t\t\t\t<div class=\"elementor-element elementor-element-089816f hide_impreso elementor-widget elementor-widget-heading\" data-id=\"089816f\" data-element_type=\"widget\" data-widget_type=\"heading.default\">\n\t\t\t\t<div class=\"elementor-widget-container\">\n\t\t\t<h2 class=\"elementor-heading-title elementor-size-default\">Solicitude Acreditaci\u00f3n Tutor Medicina<\/h2>\t\t<\/div>\n\t\t\t\t<\/div>\n\t\t\t\t\t\t<\/div>\n\t\t\t\t\t<\/div>\n\t\t<\/div>\n\t\t\t\t\t\t\t\t<\/div>\n\t\t\t\t\t<\/div>\n\t\t<\/section>\n\t\t\t\t<section class=\"elementor-section elementor-top-section elementor-element elementor-element-57f4434 elementor-section-boxed elementor-section-height-default elementor-section-height-default\" data-id=\"57f4434\" data-element_type=\"section\">\n\t\t\t\t\t\t<div class=\"elementor-container elementor-column-gap-default\">\n\t\t\t\t\t\t\t<div class=\"elementor-row\">\n\t\t\t\t\t<div class=\"elementor-column elementor-col-100 elementor-top-column elementor-element elementor-element-f0f9b8b\" data-id=\"f0f9b8b\" data-element_type=\"column\">\n\t\t\t<div class=\"elementor-column-wrap elementor-element-populated\">\n\t\t\t\t\t\t\t<div class=\"elementor-widget-wrap\">\n\t\t\t\t\t\t<div class=\"elementor-element elementor-element-7da6c25 elementor-widget elementor-widget-shortcode\" data-id=\"7da6c25\" data-element_type=\"widget\" data-widget_type=\"shortcode.default\">\n\t\t\t\t<div class=\"elementor-widget-container\">\n\t\t\t\t\t<div class=\"elementor-shortcode\"><div role=\"form\" class=\"wpcf7\" id=\"wpcf7-f4820-o1\" lang=\"gl-ES\" dir=\"ltr\">\n<div class=\"screen-reader-response\"><p role=\"status\" aria-live=\"polite\" aria-atomic=\"true\"><\/p> <ul><\/ul><\/div>\n<form action=\"\/web\/index.php?rest_route=%2Fwp%2Fv2%2Fpages%2F5522#wpcf7-f4820-o1\" method=\"post\" class=\"wpcf7-form init\" novalidate=\"novalidate\" data-status=\"init\" id=\"formulario_imprimir\">\n<div style=\"display: none;\">\n<input type=\"hidden\" name=\"_wpcf7\" value=\"4820\" \/>\n<input type=\"hidden\" name=\"_wpcf7_version\" value=\"5.6.4\" \/>\n<input type=\"hidden\" name=\"_wpcf7_locale\" value=\"gl_ES\" \/>\n<input type=\"hidden\" name=\"_wpcf7_unit_tag\" value=\"wpcf7-f4820-o1\" \/>\n<input type=\"hidden\" name=\"_wpcf7_container_post\" value=\"0\" \/>\n<input type=\"hidden\" name=\"_wpcf7_posted_data_hash\" value=\"\" \/>\n<\/div>\n<div class=\"col-md-12 format_div\" id=\"contenedor\">\n<h2 style=\"text-align: center;\" class=\"solo_impreso\">SOLICITUD DE ACREDITACI\u00d3N DE TUTOR DE MEDICINA<\/h2>\n<table style=\"width: 100%; border-collapse:collapse; border-spacing:0; margin-left: auto; margin-right: auto;\" class=\"full_width_impreso\">\n<tbody>\n<tr>\n<td style=\"border: solid 1px black; background-color: rgb(231, 231, 231); width: 30%;\">Don \/ Do\u00f1a:<\/td>\n<td style=\"border: solid 1px black; width: 70%; padding-left: 15px;\"><span class=\"wpcf7-form-control-wrap\" data-name=\"nome_apelidos\"><input type=\"text\" name=\"nome_apelidos\" value=\"\" size=\"40\" class=\"wpcf7-form-control wpcf7-text wpcf7-validates-as-required sin_borde\" id=\"nome_apelidos\" aria-required=\"true\" aria-invalid=\"false\" \/><\/span><\/td>\n<\/tr>\n<tr>\n<td style=\"border: solid 1px black; background-color: rgb(231, 231, 231); width: 30%;\">Centro de Salud:<\/td>\n<td style=\"border: solid 1px black; width: 70%; padding-left: 15px;\"><span class=\"wpcf7-form-control-wrap\" data-name=\"nome_centroSaude\"><input type=\"text\" name=\"nome_centroSaude\" value=\"\" size=\"40\" class=\"wpcf7-form-control wpcf7-text wpcf7-validates-as-required sin_borde\" id=\"nome_centroSaude\" aria-required=\"true\" aria-invalid=\"false\" \/><\/span><\/td>\n<\/tr>\n<tr>\n<td style=\"border: solid 1px black; background-color: rgb(231, 231, 231); width: 30%;\">Solicita ser:<\/td>\n<td style=\"border: solid 1px black; width: 70%; padding-left: 15px;\"><strong><span class=\"wpcf7-form-control-wrap\" data-name=\"opciones\"><select name=\"opciones\" class=\"wpcf7-form-control wpcf7-select wpcf7-validates-as-required sin_borde\" id=\"opciones\" aria-required=\"true\" aria-invalid=\"false\"><option value=\"Acreditado\">Acreditado<\/option><option value=\"Reacreditado\">Reacreditado<\/option><\/select><\/span><\/strong><\/td>\n<\/tr>\n<\/tbody>\n<\/table>\n<div class=\"solo_impreso\">como tutor de Medicina de Familia, para la formaci\u00f3n de m\u00e9dicos residentes en la especialidad de Medicina Familiar y Comunitaria, comprometi\u00e9ndome a cumplir las tareas y obligaciones, que el programa de la especialidad recoge, con los residentes que me sean adscritos, as\u00ed como la posible inspecci\u00f3n o auditor\u00eda de mi trabajo como cl\u00ednico y como docente, y a colaborar en el an\u00e1lisis y discusi\u00f3n, si fuese solicitado por la Comisi\u00f3n de Docencia de la Unidad Docente. Tambi\u00e9n me comprometo a realizar las evaluaciones peri\u00f3dicas de los m\u00e9dicos residentes a mi cargo.<\/div>\n<div style=\"width: 100%; margin-left: auto; margin-right: auto;\" class=\"hide_impreso\">\n        <input type=\"submit\" value=\"Imprimir y Enviar\" class=\"wpcf7-form-control has-spinner wpcf7-submit\" id=\"confirm_form\" \/>\n    <\/div>\n<div class=\"solo_impreso\">\n<p style=\"margin-bottom: 40px; margin-top: 100px;\">Fecha: .........\/...................................\/.............<\/p>\n<table style=\"width: 35%; border-collapse:collapse; border-spacing:0;\">\n<tbody>\n<tr>\n<td style=\"border: solid 1px black; height: 140px; \"><\/td>\n<\/tr>\n<tr>\n<td style=\"border: solid 1px black;\">Firmado: <\/td>\n<\/tr>\n<\/tbody>\n<\/table>\n<\/div>\n<\/div>\n<div class=\"wpcf7-response-output\" aria-hidden=\"true\"><\/div><\/form><\/div><\/div>\n\t\t\t\t<\/div>\n\t\t\t\t<\/div>\n\t\t\t\t\t\t<\/div>\n\t\t\t\t\t<\/div>\n\t\t<\/div>\n\t\t\t\t\t\t\t\t<\/div>\n\t\t\t\t\t<\/div>\n\t\t<\/section>\n\t\t\t\t<section class=\"elementor-section elementor-top-section elementor-element elementor-element-1f4b5b2 elementor-section-boxed elementor-section-height-default elementor-section-height-default\" data-id=\"1f4b5b2\" data-element_type=\"section\">\n\t\t\t\t\t\t<div class=\"elementor-container elementor-column-gap-default\">\n\t\t\t\t\t\t\t<div class=\"elementor-row\">\n\t\t\t\t\t<div class=\"elementor-column elementor-col-100 elementor-top-column elementor-element elementor-element-4e0310c\" data-id=\"4e0310c\" data-element_type=\"column\">\n\t\t\t<div class=\"elementor-column-wrap elementor-element-populated\">\n\t\t\t\t\t\t\t<div class=\"elementor-widget-wrap\">\n\t\t\t\t\t\t<div class=\"elementor-element elementor-element-2f40112 elementor-widget elementor-widget-spacer\" data-id=\"2f40112\" data-element_type=\"widget\" data-widget_type=\"spacer.default\">\n\t\t\t\t<div class=\"elementor-widget-container\">\n\t\t\t\t\t<div class=\"elementor-spacer\">\n\t\t\t<div class=\"elementor-spacer-inner\"><\/div>\n\t\t<\/div>\n\t\t\t\t<\/div>\n\t\t\t\t<\/div>\n\t\t\t\t\t\t<\/div>\n\t\t\t\t\t<\/div>\n\t\t<\/div>\n\t\t\t\t\t\t\t\t<\/div>\n\t\t\t\t\t<\/div>\n\t\t<\/section>\n\t\t\t\t\t\t\t\t\t<\/div>\n\t\t\t<\/div>\n\t\t\t\t\t<\/div>\n\t\t","protected":false},"excerpt":{"rendered":"<p>Solicitude Acreditaci\u00f3n Tutor Medicina<\/p>\n","protected":false},"author":1,"featured_media":0,"parent":0,"menu_order":0,"comment_status":"closed","ping_status":"closed","template":"plantilla_formulario.php","meta":{"footnotes":""},"class_list":["post-5522","page","type-page","status-publish","hentry"],"_links":{"self":[{"href":"https:\/\/www.afecvigo.es\/web\/index.php?rest_route=\/wp\/v2\/pages\/5522","targetHints":{"allow":["GET"]}}],"collection":[{"href":"https:\/\/www.afecvigo.es\/web\/index.php?rest_route=\/wp\/v2\/pages"}],"about":[{"href":"https:\/\/www.afecvigo.es\/web\/index.php?rest_route=\/wp\/v2\/types\/page"}],"author":[{"embeddable":true,"href":"https:\/\/www.afecvigo.es\/web\/index.php?rest_route=\/wp\/v2\/users\/1"}],"replies":[{"embeddable":true,"href":"https:\/\/www.afecvigo.es\/web\/index.php?rest_route=%2Fwp%2Fv2%2Fcomments&post=5522"}],"version-history":[{"count":23,"href":"https:\/\/www.afecvigo.es\/web\/index.php?rest_route=\/wp\/v2\/pages\/5522\/revisions"}],"predecessor-version":[{"id":5782,"href":"https:\/\/www.afecvigo.es\/web\/index.php?rest_route=\/wp\/v2\/pages\/5522\/revisions\/5782"}],"wp:attachment":[{"href":"https:\/\/www.afecvigo.es\/web\/index.php?rest_route=%2Fwp%2Fv2%2Fmedia&parent=5522"}],"curies":[{"name":"wp","href":"https:\/\/api.w.org\/{rel}","templated":true}]}}