{"id":5104,"date":"2022-11-04T12:10:51","date_gmt":"2022-11-04T12:10:51","guid":{"rendered":"https:\/\/www.afecvigo.es\/web\/?page_id=5104"},"modified":"2025-07-22T10:11:09","modified_gmt":"2025-07-22T10:11:09","slug":"mapeos-2","status":"publish","type":"page","link":"https:\/\/www.afecvigo.es\/web\/?page_id=5104&lang=es","title":{"rendered":"Mapeos"},"content":{"rendered":"\t\t<div data-elementor-type=\"wp-page\" data-elementor-id=\"5104\" class=\"elementor elementor-5104\">\n\t\t\t\t\t\t<div class=\"elementor-inner\">\n\t\t\t\t<div class=\"elementor-section-wrap\">\n\t\t\t\t\t\t\t\t\t<section class=\"elementor-section elementor-top-section elementor-element elementor-element-001d9f9 elementor-section-boxed elementor-section-height-default elementor-section-height-default\" data-id=\"001d9f9\" data-element_type=\"section\">\n\t\t\t\t\t\t<div class=\"elementor-container elementor-column-gap-default\">\n\t\t\t\t\t\t\t<div class=\"elementor-row\">\n\t\t\t\t\t<div class=\"elementor-column elementor-col-100 elementor-top-column elementor-element elementor-element-4adbb70\" data-id=\"4adbb70\" data-element_type=\"column\">\n\t\t\t<div class=\"elementor-column-wrap elementor-element-populated\">\n\t\t\t\t\t\t\t<div class=\"elementor-widget-wrap\">\n\t\t\t\t\t\t<div class=\"elementor-element elementor-element-18a81ca elementor-widget elementor-widget-heading\" data-id=\"18a81ca\" data-element_type=\"widget\" data-widget_type=\"heading.default\">\n\t\t\t\t<div class=\"elementor-widget-container\">\n\t\t\t<h1 class=\"elementor-heading-title elementor-size-default\">Mapeos<\/h1>\t\t<\/div>\n\t\t\t\t<\/div>\n\t\t\t\t\t\t<\/div>\n\t\t\t\t\t<\/div>\n\t\t<\/div>\n\t\t\t\t\t\t\t\t<\/div>\n\t\t\t\t\t<\/div>\n\t\t<\/section>\n\t\t\t\t<section class=\"elementor-section elementor-top-section elementor-element elementor-element-5c51411 elementor-section-boxed elementor-section-height-default elementor-section-height-default\" data-id=\"5c51411\" data-element_type=\"section\">\n\t\t\t\t\t\t<div class=\"elementor-container elementor-column-gap-default\">\n\t\t\t\t\t\t\t<div class=\"elementor-row\">\n\t\t\t\t\t<div class=\"elementor-column elementor-col-100 elementor-top-column elementor-element elementor-element-6a30bdf\" data-id=\"6a30bdf\" data-element_type=\"column\">\n\t\t\t<div class=\"elementor-column-wrap elementor-element-populated\">\n\t\t\t\t\t\t\t<div class=\"elementor-widget-wrap\">\n\t\t\t\t\t\t<div class=\"elementor-element elementor-element-d3261b8 elementor-widget elementor-widget-text-editor\" data-id=\"d3261b8\" data-element_type=\"widget\" data-widget_type=\"text-editor.default\">\n\t\t\t\t<div class=\"elementor-widget-container\">\n\t\t\t\t\t\t\t\t<div class=\"elementor-text-editor elementor-clearfix\">\n\t\t\t\t<!DOCTYPE html>\n<html lang=\"es\">\n<head>\n  <meta charset=\"UTF-8\">\n  <title>Zona de Sa\u00fade<\/title>\n  <style>\n    body {\n      font-family: sans-serif;\n      text-align: center;\n      padding: 40px 20px;\n    }\n\n    .zonasMenu {\n      display: flex;\n      flex-wrap: wrap;\n      justify-content: center;\n      gap: 8px;\n    }\n\n    .dropdown {\n      position: relative;\n      display: inline-block;\n    }\n\n    .dropdownBtn {\n      padding: 8px 12px;\n      background-color: #d0a0c7;\n      color: black;\n      font-weight: bold;\n      border: none;\n      border-radius: 4px;\n      cursor: pointer;\n      font-size: 12px;\n      min-width: 130px;\n      transition: background-color 0.3s ease; \/* Transici\u00f3n suave *\/\n    }\n\n    .dropdownBtn:hover {\n      background-color: #624697 !important; \/* Cambiar a color #624697 al pasar el mouse *\/\n    }\n\n    .dropdownContent {\n      display: none;\n      position: absolute;\n      background-color: white;\n      min-width: 100px;\n      box-shadow: 0px 8px 16px rgba(0,0,0,0.2);\n      z-index: 1;\n      top: 100%;\n      left: 50%;\n      transform: translateX(-50%);\n      text-align: center;\n      border-radius: 4px;\n    }\n\n    .dropdownContent a {\n      color: #333;\n      padding: 6px 10px;\n      text-decoration: none;\n      display: block;\n      font-size: 12px;\n    }\n\n    .dropdownContent a:hover {\n      background-color: #f1f1f1;\n    }\n\n    .dropdown:hover .dropdownContent {\n      display: block;\n    }\n\n    #videoContainer {\n      margin-top: 40px;\n    }\n\n    iframe {\n      width: 90%;\n      max-width: 500px;\n      height: 300px;\n      border: none;\n      margin-top: 10px;\n    }\n\n    .videoTitle {\n      font-size: 16px;\n      font-weight: bold;\n      margin-bottom: 10px;\n    }\n  <\/style>\n<\/head>\n<body>\n  <div class=\"zonasMenu\">\n    <div class=\"dropdown\">\n      <button class=\"dropdownBtn\">BEIRAMAR-TABOADA LEAL<\/button>\n      <div class=\"dropdownContent\">\n        <a href=\"#\" onclick=\"mostrarVideo('BEIRAMAR-TABOADA LEAL', '2023')\">2023<\/a>\n        <a href=\"#\" onclick=\"mostrarVideo('BEIRAMAR-TABOADA LEAL', '2024')\">2024<\/a>\n      <\/div>\n    <\/div>\n    \n    \n     <div class=\"dropdown\">\n      <button class=\"dropdownBtn\">CANGAS<\/button>\n      <div class=\"dropdownContent\">\n        <a href=\"#\" onclick=\"mostrarVideo('CANGAS', '2024')\">2024<\/a>\n        <a href=\"#\" onclick=\"mostrarVideo('CANGAS', '2025')\">2025<\/a>\n      <\/div>\n    <\/div>\n    \n     <div class=\"dropdown\">\n      <button class=\"dropdownBtn\">CHAPELA<\/button>\n      <div class=\"dropdownContent\">\n        <a href=\"#\" onclick=\"mostrarVideo('CHAPELA', '2024')\">2024<\/a>\n        <a href=\"#\" onclick=\"mostrarVideo('CHAPELA', '2025')\">2025<\/a>\n      <\/div>\n    <\/div>\n\n    <div class=\"dropdown\">\n      <button class=\"dropdownBtn\">MATAM\u00c1<\/button>\n      <div class=\"dropdownContent\">\n        <a href=\"#\" onclick=\"mostrarVideo('MATAM\u00c1', '2022')\">2022<\/a>\n        <a href=\"#\" onclick=\"mostrarVideo('MATAM\u00c1', '2025')\">2025<\/a>\n      <\/div>\n    <\/div>\n\n    <div class=\"dropdown\">\n      <button class=\"dropdownBtn\">MOS<\/button>\n      <div class=\"dropdownContent\">\n        <a href=\"#\" onclick=\"mostrarVideo('MOS', '2020')\">2020<\/a>\n        <a href=\"#\" onclick=\"mostrarVideo('MOS', '2021')\">2021<\/a>\n        <a href=\"#\" onclick=\"mostrarVideo('MOS', '2022')\">2022<\/a>\n        <a href=\"#\" onclick=\"mostrarVideo('MOS', '2023')\">2023<\/a>\n        <a href=\"#\" onclick=\"mostrarVideo('MOS', '2025')\">2025<\/a>\n      <\/div>\n    <\/div>\n\n    <div class=\"dropdown\">\n      <button class=\"dropdownBtn\">O PORRI\u00d1O<\/button>\n      <div class=\"dropdownContent\">\n        <a href=\"#\" onclick=\"mostrarVideo('O PORRI\u00d1O', '2023')\">2023<\/a>\n        <a href=\"#\" onclick=\"mostrarVideo('O PORRI\u00d1O', '2024')\">2024<\/a>\n      <\/div>\n    <\/div>\n\n    <div class=\"dropdown\">\n      <button class=\"dropdownBtn\">PINTOR COLMEIRO Y BOLIVIA<\/button>\n      <div class=\"dropdownContent\">\n        <a href=\"#\" onclick=\"mostrarVideo('PINTOR COLMEIRO Y BOLIVIA', '2022')\">2022<\/a>\n      <\/div>\n    <\/div>\n\n    <div class=\"dropdown\">\n      <button class=\"dropdownBtn\">PINTOR COLMEIRO Y TABOADA LEAL<\/button>\n      <div class=\"dropdownContent\">\n        <a href=\"#\" onclick=\"mostrarVideo('PINTOR COLMEIRO Y TABOADA LEAL', '2020')\">2020<\/a>\n        <a href=\"#\" onclick=\"mostrarVideo('PINTOR COLMEIRO Y TABOADA LEAL', '2021')\">2021<\/a>\n        <a href=\"#\" onclick=\"mostrarVideo('PINTOR COLMEIRO Y TABOADA LEAL', '2025')\">2025<\/a>\n      <\/div>\n    <\/div>\n\n    <div class=\"dropdown\">\n      <button class=\"dropdownBtn\">PONTEAREAS<\/button>\n      <div class=\"dropdownContent\">\n        <a href=\"#\" onclick=\"mostrarVideo('PONTEAREAS', '2022')\">2022<\/a>\n        <a href=\"#\" onclick=\"mostrarVideo('PONTEAREAS', '2024')\">2024<\/a>\n         <a href=\"#\" onclick=\"mostrarVideo('PONTEAREAS', '2025')\">2025<\/a>\n      <\/div>\n    <\/div>\n\n    <div class=\"dropdown\">\n      <button class=\"dropdownBtn\">REDONDELA<\/button>\n      <div class=\"dropdownContent\">\n        <a href=\"#\" onclick=\"mostrarVideo('REDONDELA', '2022')\">2022<\/a>\n        <a href=\"#\" onclick=\"mostrarVideo('REDONDELA', '2023')\">2023<\/a>\n        <a href=\"#\" onclick=\"mostrarVideo('REDONDELA', '2024')\">2024<\/a>\n        <a href=\"#\" onclick=\"mostrarVideo('REDONDELA', '2025')\">2025<\/a>\n      <\/div>\n    <\/div>\n\n    <div class=\"dropdown\">\n      <button class=\"dropdownBtn\">SALCEDA DE CASELAS<\/button>\n      <div class=\"dropdownContent\">\n        <a href=\"#\" onclick=\"mostrarVideo('SALCEDA DE CASELAS', '2023')\">2023<\/a>\n      <\/div>\n    <\/div>\n\n    <div class=\"dropdown\">\n      <button class=\"dropdownBtn\">S\u00c1RDOMA-BEMBRIVE<\/button>\n      <div class=\"dropdownContent\">\n        <a href=\"#\" onclick=\"mostrarVideo('S\u00c1RDOMA-BEMBRIVE', '2021')\">2021<\/a>\n        <a href=\"#\" onclick=\"mostrarVideo('S\u00c1RDOMA-BEMBRIVE', '2022')\">2022<\/a>\n        <a href=\"#\" onclick=\"mostrarVideo('S\u00c1RDOMA-BEMBRIVE', '2023')\">2023<\/a>\n        <a href=\"#\" onclick=\"mostrarVideo('S\u00c1RDOMA-BEMBRIVE', '2024')\">2024<\/a>\n        <a href=\"#\" onclick=\"mostrarVideo('S\u00c1RDOMA-BEMBRIVE', '2025')\">2025<\/a>\n      <\/div>\n    <\/div>\n    \n    <div class=\"dropdown\">\n      <button class=\"dropdownBtn\">TABOADA LEAL-CUBA<\/button>\n      <div class=\"dropdownContent\">\n        <a href=\"#\" onclick=\"mostrarVideo('TABOADA LEAL-CUBA', '2024')\">2024<\/a>\n      <\/div>\n    <\/div>\n\n    <div class=\"dropdown\">\n      <button class=\"dropdownBtn\">TEIS<\/button>\n      <div class=\"dropdownContent\">\n        <a href=\"#\" onclick=\"mostrarVideo('TEIS', '2020')\">2020<\/a>\n        <a href=\"#\" onclick=\"mostrarVideo('TEIS', '2021')\">2021<\/a>\n        <a href=\"#\" onclick=\"mostrarVideo('TEIS', '2023')\">2023<\/a>\n        <a href=\"#\" onclick=\"mostrarVideo('TEIS', '2024')\">2024<\/a>\n        <a href=\"#\" onclick=\"mostrarVideo('TEIS', '2025')\">2025<\/a>\n        \n      <\/div>\n    <\/div>\n\n    <div class=\"dropdown\">\n      <button class=\"dropdownBtn\">TUI<\/button>\n      <div class=\"dropdownContent\">\n        <a href=\"#\" onclick=\"mostrarVideo('TUI', '2021')\">2021<\/a>\n      <\/div>\n    <\/div>\n\n    <div class=\"dropdown\">\n      <button class=\"dropdownBtn\">VAL MI\u00d1OR<\/button>\n      <div class=\"dropdownContent\">\n        <a href=\"#\" onclick=\"mostrarVideo('VAL MI\u00d1OR', '2020')\">2020<\/a>\n        <a href=\"#\" onclick=\"mostrarVideo('VAL MI\u00d1OR', '2021')\">2021<\/a>\n        <a href=\"#\" onclick=\"mostrarVideo('VAL MI\u00d1OR', '2022')\">2022<\/a>\n        <a href=\"#\" onclick=\"mostrarVideo('VAL MI\u00d1OR', '2023')\">2023<\/a>\n        <a href=\"#\" onclick=\"mostrarVideo('VAL MI\u00d1OR', '2024')\">2024<\/a>\n         <a href=\"#\" onclick=\"mostrarVideo('VAL MI\u00d1OR', '2025')\">2025<\/a>\n      <\/div>\n    <\/div>\n    \n    <div class=\"dropdown\">\n      <button class=\"dropdownBtn\">VIGO<\/button>\n      <div class=\"dropdownContent\">\n        <a href=\"#\" onclick=\"mostrarVideo('VIGO', '2024')\">2024<\/a>\n        <a href=\"#\" onclick=\"mostrarVideo('VIGO', '2025')\">2025<\/a>\n      <\/div>\n    <\/div>\n  <\/div>\n\n  <div id=\"videoContainer\"><\/div>\n\n  <script>\n    function mostrarVideo(zona, anio) {\n      const videoContainer = document.getElementById(\"videoContainer\");\n      let videoURL = \"\";\n\n      \/\/ Personaliza los enlaces seg\u00fan los videos disponibles\n      if (zona === \"BEIRAMAR-TABOADA LEAL\" && anio === \"2023\") {\n        videoURL = \"https:\/\/www.youtube.com\/embed\/vk3t7EBbexQ?si=SAEUU-ZeyxfDgqv3\";\n      } else if (zona === \"BEIRAMAR-TABOADA LEAL\" && anio === \"2024\") {\n        videoURL = \"https:\/\/www.youtube.com\/embed\/nw_HaYLCBAA?si=mgO1fuP5l6mGY0a3\";  \/\/ Video para BEIRAMAR-TABOADA LEAL 2024\n      } else if (zona === \"CANGAS\" && anio === \"2024\") {\n        videoURL = \"https:\/\/www.youtube.com\/embed\/m5GKjx3Kpmk?si=Q8WPYbd1GNoLcDKh\";  \/\/ Video para CANGAS 2024\n      } else if (zona === \"CANGAS\" && anio === \"2025\") {\n        videoURL = \"https:\/\/www.youtube.com\/embed\/_NY7BXPX2Tg?si=81DYYHJciMw7v4FC\";  \/\/ Video para CANGAS 2025\n      } else if (zona === \"CHAPELA\" && anio === \"2024\") {\n        videoURL = \"https:\/\/www.youtube.com\/embed\/HKRa0GHvnBw?si=rPe5tqdRCR_M5Dvu\";  \/\/ Video para CHAPELA 2024\n      } else if (zona === \"CHAPELA\" && anio === \"2025\") {\n        videoURL = \"https:\/\/www.youtube.com\/embed\/yxhhezom3yY?si=qI1Eh4AZC-aif-1G\";  \/\/ Video para CHAPELA 2025\n      } else if (zona === \"MATAM\u00c1\" && anio === \"2022\") {\n        videoURL = \"https:\/\/www.youtube.com\/embed\/WhM3r7JHHKk?si=s40p6yqOx4Pr4zKr\";  \/\/ Video para MATAM\u00c1 2022\n      } else if (zona === \"MATAM\u00c1\" && anio === \"2025\") {\n        videoURL = \"https:\/\/www.youtube.com\/embed\/gNIv-8BrYF4?si=MrRclqQf5yNI3LI7\";  \/\/ Video para MATAM\u00c1 2025\n      } else if (zona === \"MOS\" && anio === \"2020\") {\n        videoURL = \"https:\/\/www.youtube.com\/embed\/58yUyt_tS98?si=XYBOsK4jFLa-BiP2\";  \/\/ Video para MOS 2020\n      } else if (zona === \"MOS\" && anio === \"2021\") {\n        videoURL = \"https:\/\/www.youtube.com\/embed\/006KdYdh3Eg?si=mmet19wNaHkr6txe\";  \/\/ Video para MOS 2021\n      } else if (zona === \"MOS\" && anio === \"2022\") {\n        videoURL = \"https:\/\/www.youtube.com\/embed\/acax7XTwt4U?si=UMlIKcb-gz_SXc6X\";  \/\/ Video para MOS 2022\n      } else if (zona === \"MOS\" && anio === \"2023\") {\n        videoURL = \"https:\/\/www.youtube.com\/embed\/kYvGekgSgOg?si=ihqTdN2FrhYHJ3Gd\";  \/\/ Video para MOS 2023\n      } else if (zona === \"MOS\" && anio === \"2025\") {\n        videoURL = \"https:\/\/www.youtube.com\/embed\/F6sUcULboEg?si=KTW00QcaJA7beYCx\";  \/\/ Video para MOS 2025\n      } else if (zona === \"O PORRI\u00d1O\" && anio === \"2023\") {\n        videoURL = \"https:\/\/www.youtube.com\/embed\/M5iYnGDV4Go?si=zuCC2cWSClkixFjs\";  \/\/ Video para O PORRI\u00d1O 2023\n      } else if (zona === \"O PORRI\u00d1O\" && anio === \"2024\") {\n        videoURL = \"https:\/\/www.youtube.com\/embed\/OdNOp9sWixU?si=4-DstAkTWOrtNOPq\";  \/\/ Video para O PORRI\u00d1O 2024\n      } else if (zona === \"PINTOR COLMEIRO Y BOLIVIA\" && anio === \"2022\") {\n        videoURL = \"https:\/\/www.youtube.com\/embed\/lv-1tL26Qwk?si=fxbP3K91tvMbgumg\";  \/\/ Video para PINTOR COLMEIRO Y BOLIVIA 2022\n      } else if (zona === \"PINTOR COLMEIRO Y TABOADA LEAL\" && anio === \"2020\") {\n        videoURL = \"https:\/\/www.youtube.com\/embed\/bBPiPOnK7AE?si=AoNNvjDBvhQOP2jV\";  \/\/ Video para PINTOR COLMEIRO Y TABOADA LEAL 2020\n      } else if (zona === \"PINTOR COLMEIRO Y TABOADA LEAL\" && anio === \"2021\") {\n        videoURL = \"https:\/\/www.youtube.com\/embed\/8guhEnz5Rag?si=Nov9dHsRxn9Sn-oH\";  \/\/ Video para PINTOR COLMEIRO Y TABOADA LEAL 2021\n      } else if (zona === \"PINTOR COLMEIRO Y TABOADA LEAL\" && anio === \"2025\") {\n        videoURL = \"https:\/\/www.youtube.com\/embed\/xfF_hGOFcvA?si=WVCGrSZO4tqwbtiK\";  \/\/ Video para PINTOR COLMEIRO Y TABOADA LEAL 2025\n      } else if (zona === \"PONTEAREAS\" && anio === \"2022\") {\n        videoURL = \"https:\/\/www.youtube.com\/embed\/0MesFWzznWY?si=3wvoKidzPPHZ--vq\";  \/\/ Video para PONTEAREAS 2022\n      } else if (zona === \"PONTEAREAS\" && anio === \"2024\") {\n        videoURL = \"https:\/\/www.youtube.com\/embed\/vVWJZ-zSWJk?si=vA38csE1BnjGDX6P\";  \/\/ Video para PONTEAREAS 2024\n      } else if (zona === \"PONTEAREAS\" && anio === \"2025\") {\n        videoURL = \"https:\/\/www.youtube.com\/embed\/lPx2ZWpOhBg?si=nWUaWwBzq4fpY15N\";  \/\/ Video para PONTEAREAS 2025\n      } else if (zona === \"REDONDELA\" && anio === \"2022\") {\n        videoURL = \"https:\/\/www.youtube.com\/embed\/cmpmWflUvL4?si=_cIVG__m8AnfBhTw\";  \/\/ Video para REDONDELA 2022\n      } else if (zona === \"REDONDELA\" && anio === \"2023\") {\n        videoURL = \"https:\/\/www.youtube.com\/embed\/3OUJa1xVZJA?si=_wGIb-pNxXLGtlX9\";  \/\/ Video para REDONDELA 2023\n      } else if (zona === \"REDONDELA\" && anio === \"2024\") {\n        videoURL = \"https:\/\/www.youtube.com\/embed\/0PNM8vCzwNw?si=Zu2MxVEPE3KkntjV\";  \/\/ Video para REDONDELA 2024\n      } else if (zona === \"REDONDELA\" && anio === \"2025\") {\n        videoURL = \"https:\/\/www.youtube.com\/embed\/RGGtdLxgsts?si=wmlihrg3eebVg6ic\";  \/\/ Video para REDONDELA 2025\n      } else if (zona === \"SALCEDA DE CASELAS\" && anio === \"2023\") {\n        videoURL = \"https:\/\/www.youtube.com\/embed\/GrIbUday2D4?si=_ghwJbiLtw9v-4Vs\";  \/\/ Video para SALCEDA DE CASELAS 2023\n      } else if (zona === \"S\u00c1RDOMA-BEMBRIVE\" && anio === \"2021\") {\n        videoURL = \"https:\/\/www.youtube.com\/embed\/r7XKgtkHt3E?si=GXOWn8AkILpSsMOj\";  \/\/ Video para S\u00c1RDOMA-BEMBRIVE 2021\n      } else if (zona === \"S\u00c1RDOMA-BEMBRIVE\" && anio === \"2022\") {\n        videoURL = \"https:\/\/www.youtube.com\/embed\/UN985YiyEPU?si=LUX7V55109sGN66c\";  \/\/ Video para S\u00c1RDOMA-BEMBRIVE 2022\n      } else if (zona === \"S\u00c1RDOMA-BEMBRIVE\" && anio === \"2023\") {\n        videoURL = \"https:\/\/www.youtube.com\/embed\/43_bOsRnUBY?si=hPxLfvQGwSTXxhtl\";  \/\/ Video para S\u00c1RDOMA-BEMBRIVE 2023\n      } else if (zona === \"S\u00c1RDOMA-BEMBRIVE\" && anio === \"2024\") {\n        videoURL = \"https:\/\/www.youtube.com\/embed\/hVEuKxxG8TE?si=HBiYfzCZa0LdkTZx\";  \/\/ Video para S\u00c1RDOMA-BEMBRIVE 2024\n      } else if (zona === \"S\u00c1RDOMA-BEMBRIVE\" && anio === \"2025\") {\n        videoURL = \"https:\/\/www.youtube.com\/embed\/f3URr9bPOps?si=lD751Alpe-42ZZiD\";  \/\/ Video para S\u00c1RDOMA-BEMBRIVE 2025\n      } else if (zona === \"TABOADA LEAL-CUBA\" && anio === \"2024\") {\n        videoURL = \"https:\/\/www.youtube.com\/embed\/2h_vSAP6A24?si=0FFMTD8wEfjQf5De\";  \/\/ Video para TABOADA LEAL-CUBA 2024\n      } else if (zona === \"TEIS\" && anio === \"2020\") {\n        videoURL = \"https:\/\/www.youtube.com\/embed\/Sk5hHfwZxU4?si=V-iiQdyljWXRwGio\";  \/\/ Video para TEIS 2020\n      } else if (zona === \"TEIS\" && anio === \"2021\") {\n        videoURL = \"https:\/\/www.youtube.com\/embed\/EQ__u8nzrpA?si=4flm2i2Z__m5-L9L\";  \/\/ Video para TEIS 2021\n      } else if (zona === \"TEIS\" && anio === \"2023\") {\n        videoURL = \"https:\/\/www.youtube.com\/embed\/KgxkHRWadqQ?si=D21BPa-1dBc4J5V7\";  \n        \/\/ Video para TEIS 2023\n      } else if (zona === \"TEIS\" && anio === \"2024\") {\n        videoURL = \"https:\/\/www.youtube.com\/embed\/8L4gEOPesO8?si=m3RnsBN7sW2kQiz9\";  \n        \/\/ Video para TEIS 2024\n      } else if (zona === \"TEIS\" && anio === \"2025\") {\n        videoURL = \"https:\/\/www.youtube.com\/embed\/obnfNi8SM6Q?si=DzIcjsKdZi1QjbRO\";  \n        \/\/ Video para TEIS 2025\n      } else if (zona === \"TUI\" && anio === \"2021\") {\n        videoURL = \"https:\/\/www.youtube.com\/embed\/69bABX-qK-M?si=8bcrSMPhc4xanwA2\";  \/\/ Video para TUI 2021\n      } else if (zona === \"VAL MI\u00d1OR\" && anio === \"2020\") {\n        videoURL = \"https:\/\/www.youtube.com\/embed\/B8uWHkppyxE?si=sURgFpdhyTBMcW-K\";  \/\/ Video para VAL MI\u00d1OR 2020\n      } else if (zona === \"VAL MI\u00d1OR\" && anio === \"2021\") {\n        videoURL = \"https:\/\/www.youtube.com\/embed\/UqtyTh7Y8jo?si=4qlmflm1\";  \/\/ Video para VAL MI\u00d1OR 2021\n      } else if (zona === \"VAL MI\u00d1OR\" && anio === \"2022\") {\n        videoURL = \"https:\/\/www.youtube.com\/embed\/tEDBLGUMu80?si=V8R3nPIXtWB9c7N_\";  \/\/ Video para VAL MI\u00d1OR 2022\n      } else if (zona === \"VAL MI\u00d1OR\" && anio === \"2023\") {\n        videoURL = \"https:\/\/www.youtube.com\/embed\/HzmRIvsp06Y?si=6TLubzGn4rB8dCah\";  \/\/ Video para VAL MI\u00d1OR 2023\n      } else if (zona === \"VAL MI\u00d1OR\" && anio === \"2024\") {\n        videoURL = \"https:\/\/www.youtube.com\/embed\/kaHTR4ESp-E?si=69JohywwgigahiAc\";  \/\/ Video para VAL MI\u00d1OR 2023\n      } else if (zona === \"VAL MI\u00d1OR\" && anio === \"2025\") {\n        videoURL = \"https:\/\/www.youtube.com\/embed\/-yFpUbiYkPY?si=3Irf4ablijUgULVG\";  \/\/ Video para VAL MI\u00d1OR 2025\n      } else if (zona === \"VIGO\" && anio === \"2024\") {\n        videoURL = \"https:\/\/www.youtube.com\/embed\/1BA7qzibFfw?si=m8qmdUwcFqdPxcNf\";  \/\/ Video para VIGO 2023\n      } else if (zona === \"VIGO\" && anio === \"2025\") {\n        videoURL = \"https:\/\/www.youtube.com\/embed\/yuEDvdxcc3Y?si=BPju4-kPc8zX_XH3\";  \/\/ Video para VIGO 2025\n      }\n\n      videoContainer.innerHTML = `<div class=\"videoTitle\">Zona de Sa\u00fade: ${zona} - Ano: ${anio}<\/div><iframe src=\"${videoURL}\" frameborder=\"0\" allow=\"accelerometer; autoplay; encrypted-media; gyroscope; picture-in-picture\" allowfullscreen><\/iframe>`;\n    }\n  <\/script>\n<\/body>\n<\/html>\n\t\t\t\t\t<\/div>\n\t\t\t\t\t\t<\/div>\n\t\t\t\t<\/div>\n\t\t\t\t\t\t<\/div>\n\t\t\t\t\t<\/div>\n\t\t<\/div>\n\t\t\t\t\t\t\t\t<\/div>\n\t\t\t\t\t<\/div>\n\t\t<\/section>\n\t\t\t\t\t\t\t\t\t<\/div>\n\t\t\t<\/div>\n\t\t\t\t\t<\/div>\n\t\t","protected":false},"excerpt":{"rendered":"<p>Mapeos Zona de Sa\u00fade BEIRAMAR-TABOADA LEAL 2023 2024 CANGAS 2024 2025 CHAPELA 2024 2025 MATAM\u00c1 2022 2025 MOS 2020 2021 2022 2023 2025 O PORRI\u00d1O 2023 2024 PINTOR COLMEIRO Y BOLIVIA 2022 PINTOR COLMEIRO Y TABOADA LEAL 2020 2021 2025 PONTEAREAS 2022 2024 2025 REDONDELA 2022 2023 2024 2025 SALCEDA DE CASELAS 2023 S\u00c1RDOMA-BEMBRIVE 2021 &hellip;<\/p>\n<p class=\"read-more\"> <a class=\"\" href=\"https:\/\/www.afecvigo.es\/web\/?page_id=5104&#038;lang=es\"> <span class=\"screen-reader-text\">Mapeos<\/span> Read More &raquo;<\/a><\/p>\n","protected":false},"author":1,"featured_media":0,"parent":0,"menu_order":0,"comment_status":"closed","ping_status":"closed","template":"elementor_header_footer","meta":{"footnotes":""},"class_list":["post-5104","page","type-page","status-publish","hentry"],"_links":{"self":[{"href":"https:\/\/www.afecvigo.es\/web\/index.php?rest_route=\/wp\/v2\/pages\/5104","targetHints":{"allow":["GET"]}}],"collection":[{"href":"https:\/\/www.afecvigo.es\/web\/index.php?rest_route=\/wp\/v2\/pages"}],"about":[{"href":"https:\/\/www.afecvigo.es\/web\/index.php?rest_route=\/wp\/v2\/types\/page"}],"author":[{"embeddable":true,"href":"https:\/\/www.afecvigo.es\/web\/index.php?rest_route=\/wp\/v2\/users\/1"}],"replies":[{"embeddable":true,"href":"https:\/\/www.afecvigo.es\/web\/index.php?rest_route=%2Fwp%2Fv2%2Fcomments&post=5104"}],"version-history":[{"count":22,"href":"https:\/\/www.afecvigo.es\/web\/index.php?rest_route=\/wp\/v2\/pages\/5104\/revisions"}],"predecessor-version":[{"id":7908,"href":"https:\/\/www.afecvigo.es\/web\/index.php?rest_route=\/wp\/v2\/pages\/5104\/revisions\/7908"}],"wp:attachment":[{"href":"https:\/\/www.afecvigo.es\/web\/index.php?rest_route=%2Fwp%2Fv2%2Fmedia&parent=5104"}],"curies":[{"name":"wp","href":"https:\/\/api.w.org\/{rel}","templated":true}]}}