{"id":3989,"date":"2022-09-26T11:10:53","date_gmt":"2022-09-26T11:10:53","guid":{"rendered":"https:\/\/www.afecvigo.es\/web\/?page_id=3989"},"modified":"2022-11-04T12:25:45","modified_gmt":"2022-11-04T12:25:45","slug":"tutores-2","status":"publish","type":"page","link":"https:\/\/www.afecvigo.es\/web\/?page_id=3989&lang=es","title":{"rendered":"Tutores"},"content":{"rendered":"\t\t<div data-elementor-type=\"wp-page\" data-elementor-id=\"3989\" class=\"elementor elementor-3989\">\n\t\t\t\t\t\t<div class=\"elementor-inner\">\n\t\t\t\t<div class=\"elementor-section-wrap\">\n\t\t\t\t\t\t\t\t\t<section class=\"elementor-section elementor-top-section elementor-element elementor-element-805e421 elementor-section-boxed elementor-section-height-default elementor-section-height-default\" data-id=\"805e421\" data-element_type=\"section\" data-settings=\"{&quot;background_background&quot;:&quot;classic&quot;}\">\n\t\t\t\t\t\t<div class=\"elementor-container elementor-column-gap-no\">\n\t\t\t\t\t\t\t<div class=\"elementor-row\">\n\t\t\t\t\t<div class=\"elementor-column elementor-col-100 elementor-top-column elementor-element elementor-element-6f2ab2c\" data-id=\"6f2ab2c\" data-element_type=\"column\">\n\t\t\t<div class=\"elementor-column-wrap elementor-element-populated\">\n\t\t\t\t\t\t\t<div class=\"elementor-widget-wrap\">\n\t\t\t\t\t\t<div class=\"elementor-element elementor-element-42721b5 elementor-widget elementor-widget-heading\" data-id=\"42721b5\" data-element_type=\"widget\" data-widget_type=\"heading.default\">\n\t\t\t\t<div class=\"elementor-widget-container\">\n\t\t\t<h2 class=\"elementor-heading-title elementor-size-default\">Tutores<\/h2>\t\t<\/div>\n\t\t\t\t<\/div>\n\t\t\t\t\t\t<\/div>\n\t\t\t\t\t<\/div>\n\t\t<\/div>\n\t\t\t\t\t\t\t\t<\/div>\n\t\t\t\t\t<\/div>\n\t\t<\/section>\n\t\t\t\t<section class=\"elementor-section elementor-top-section elementor-element elementor-element-fa5fc0a elementor-section-boxed elementor-section-height-default elementor-section-height-default\" data-id=\"fa5fc0a\" data-element_type=\"section\">\n\t\t\t\t\t\t<div class=\"elementor-container elementor-column-gap-default\">\n\t\t\t\t\t\t\t<div class=\"elementor-row\">\n\t\t\t\t\t<div class=\"elementor-column elementor-col-100 elementor-top-column elementor-element elementor-element-0b98a95\" data-id=\"0b98a95\" data-element_type=\"column\">\n\t\t\t<div class=\"elementor-column-wrap elementor-element-populated\">\n\t\t\t\t\t\t\t<div class=\"elementor-widget-wrap\">\n\t\t\t\t\t\t<div class=\"elementor-element elementor-element-0e3311f elementor-widget elementor-widget-shortcode\" data-id=\"0e3311f\" data-element_type=\"widget\" data-widget_type=\"shortcode.default\">\n\t\t\t\t<div class=\"elementor-widget-container\">\n\t\t\t\t\t<div class=\"elementor-shortcode\"><div role=\"form\" class=\"wpcf7\" id=\"wpcf7-f4715-o1\" lang=\"gl-ES\" dir=\"ltr\">\n<div class=\"screen-reader-response\"><p role=\"status\" aria-live=\"polite\" aria-atomic=\"true\"><\/p> <ul><\/ul><\/div>\n<form action=\"\/web\/index.php?rest_route=%2Fwp%2Fv2%2Fpages%2F3989#wpcf7-f4715-o1\" method=\"post\" class=\"wpcf7-form init demo\" novalidate=\"novalidate\" data-status=\"init\">\n<div style=\"display: none;\">\n<input type=\"hidden\" name=\"_wpcf7\" value=\"4715\" \/>\n<input type=\"hidden\" name=\"_wpcf7_version\" value=\"5.6.4\" \/>\n<input type=\"hidden\" name=\"_wpcf7_locale\" value=\"gl_ES\" \/>\n<input type=\"hidden\" name=\"_wpcf7_unit_tag\" value=\"wpcf7-f4715-o1\" \/>\n<input type=\"hidden\" name=\"_wpcf7_container_post\" value=\"0\" \/>\n<input type=\"hidden\" name=\"_wpcf7_posted_data_hash\" value=\"\" \/>\n<\/div>\n<div class=\"col-md-12 format_div\" id=\"contenedor\">\n<h2 style=\"text-align: center;\" class=\"solo_impreso\"><strong>INFORME DEL JEFE DE SERVICIO DEL CENTRO DE SALUD<\/strong><\/h2>\n<table style=\"width: 100%; border-collapse:collapse; border-spacing:0; margin-left: auto; margin-right: auto;\" class=\"full_width_impreso\">\n<tbody>\n<tr>\n<td style=\"border: solid 1px black; width: 25%;\">Nome e Apelidos:<\/td>\n<td style=\"border: solid 1px black;\"><span class=\"wpcf7-form-control-wrap\" data-name=\"nome_apelidos\"><input type=\"text\" name=\"nome_apelidos\" value=\"\" size=\"40\" class=\"wpcf7-form-control wpcf7-text wpcf7-validates-as-required sin_borde\" id=\"nome_apelidos\" aria-required=\"true\" aria-invalid=\"false\" \/><\/span><\/td>\n<\/tr>\n<tr>\n<td style=\"border: solid 1px black; width: 25%;\">Centro de Sa\u00fade:<\/td>\n<td style=\"border: solid 1px black;\"><span class=\"wpcf7-form-control-wrap\" data-name=\"nome_centroSaude\"><input type=\"text\" name=\"nome_centroSaude\" value=\"\" size=\"40\" class=\"wpcf7-form-control wpcf7-text wpcf7-validates-as-required sin_borde\" id=\"nome_centroSaude\" aria-required=\"true\" aria-invalid=\"false\" \/><\/span><\/td>\n<\/tr>\n<tr>\n<td style=\"border: solid 1px black; width: 25%;\">Nome do candidato:<\/td>\n<td style=\"border: solid 1px black;\"><span class=\"wpcf7-form-control-wrap\" data-name=\"nome_candidato\"><input type=\"text\" name=\"nome_candidato\" value=\"\" size=\"40\" class=\"wpcf7-form-control wpcf7-text wpcf7-validates-as-required sin_borde\" id=\"nome_candidato\" aria-required=\"true\" aria-invalid=\"false\" \/><\/span><\/td>\n<\/tr>\n<tr>\n<td style=\"border: solid 1px black;\" colspan=\"2\">\u00bf Participa activamente en la labor del equipo, participando en las reuniones del equipo y colaborando en aquellas iniciativas que se emprendan desde el centro de salud?<\/td>\n<\/tr>\n<tr>\n<td style=\"border: solid 1px black;\" colspan=\"2\"><span class=\"wpcf7-form-control-wrap\" data-name=\"participa_radio\"><span class=\"wpcf7-form-control wpcf7-radio sin_borde\" id=\"participa_radio\"><span class=\"wpcf7-list-item first\"><label><span class=\"wpcf7-list-item-label\">Si<\/span><input type=\"radio\" name=\"participa_radio\" value=\"Si\" checked=\"checked\" \/><\/label><\/span><span class=\"wpcf7-list-item last\"><label><span class=\"wpcf7-list-item-label\">No<\/span><input type=\"radio\" name=\"participa_radio\" value=\"No\" \/><\/label><\/span><\/span><\/span><\/td>\n<\/tr>\n<tr>\n<td style=\"border: solid 1px black;\" colspan=\"2\">Comentarios del tutor o candidato:<\/td>\n<\/tr>\n<tr>\n<td style=\"border: solid 1px black;\" colspan=\"2\"><span class=\"wpcf7-form-control-wrap\" data-name=\"comentarios\"><textarea name=\"comentarios\" cols=\"40\" rows=\"4\" class=\"wpcf7-form-control wpcf7-textarea sin_borde\" id=\"comentarios\" aria-invalid=\"false\"><\/textarea><\/span><\/td>\n<\/tr>\n<\/tbody>\n<\/table>\n<div style=\"width: 100%; margin-left: auto; margin-right: auto;\" class=\"hide_impreso\">\n        <input type=\"submit\" value=\"Imprimir y Enviar\" class=\"wpcf7-form-control has-spinner wpcf7-submit\" id=\"confirm_form\" \/>\n    <\/div>\n<div class=\"solo_impreso\">\n<p style=\"margin-bottom: 10px;\">El tutor o candidato:<\/p>\n<p>\u00bfParticipa activamente en la labor del equipo, participando en las reuniones del equipo y colaborando en aquellas iniciativas que se emprendan desde el centro de salud?:<\/p>\n<table style=\"width:10%; border-collapse:collapse; border-spacing:0;\" class=\"sin_borde\">\n<tbody>\n<tr style=\"vertical-align: middle; height: 10px !important; margin: 10px 0px;\">\n<td style=\"text-align: center; margin-left: 7px; margin-right: 14px;\" class=\"sin_borde\">SI<\/td>\n<td style=\"text-align: center; margin: 7px 0px;\" class=\"sin_borde\">NO<\/td>\n<\/tr>\n<\/tbody>\n<\/table>\n<p style=\"margin-bottom: 15px; margin-top: 65px;\">Fecha: .........\/....................\/.............<\/p>\n<table style=\"width: 35%; border-collapse:collapse; border-spacing:0;\">\n<tbody>\n<tr>\n<td style=\"border: solid 1px black; height: 140px; \"><\/td>\n<\/tr>\n<tr>\n<td style=\"border: solid 1px black;\">Firmado: <\/td>\n<\/tr>\n<\/tbody>\n<\/table>\n<\/div>\n<\/div>\n<div class=\"wpcf7-response-output\" aria-hidden=\"true\"><\/div><\/form><\/div><\/div>\n\t\t\t\t<\/div>\n\t\t\t\t<\/div>\n\t\t\t\t\t\t<\/div>\n\t\t\t\t\t<\/div>\n\t\t<\/div>\n\t\t\t\t\t\t\t\t<\/div>\n\t\t\t\t\t<\/div>\n\t\t<\/section>\n\t\t\t\t<section class=\"elementor-section elementor-top-section elementor-element elementor-element-46ff558 elementor-section-boxed elementor-section-height-default elementor-section-height-default\" data-id=\"46ff558\" data-element_type=\"section\">\n\t\t\t\t\t\t<div class=\"elementor-container elementor-column-gap-default\">\n\t\t\t\t\t\t\t<div class=\"elementor-row\">\n\t\t\t\t\t<div class=\"elementor-column elementor-col-100 elementor-top-column elementor-element elementor-element-7c0d316\" data-id=\"7c0d316\" data-element_type=\"column\">\n\t\t\t<div class=\"elementor-column-wrap elementor-element-populated\">\n\t\t\t\t\t\t\t<div class=\"elementor-widget-wrap\">\n\t\t\t\t\t\t<div class=\"elementor-element elementor-element-c76dbbf elementor-widget elementor-widget-shortcode\" data-id=\"c76dbbf\" data-element_type=\"widget\" data-widget_type=\"shortcode.default\">\n\t\t\t\t<div class=\"elementor-widget-container\">\n\t\t\t\t\t<div class=\"elementor-shortcode\"><div role=\"form\" class=\"wpcf7\" id=\"wpcf7-f4789-o2\" lang=\"gl-ES\" dir=\"ltr\">\n<div class=\"screen-reader-response\"><p role=\"status\" aria-live=\"polite\" aria-atomic=\"true\"><\/p> <ul><\/ul><\/div>\n<form action=\"\/web\/index.php?rest_route=%2Fwp%2Fv2%2Fpages%2F3989#wpcf7-f4789-o2\" method=\"post\" class=\"wpcf7-form init\" novalidate=\"novalidate\" data-status=\"init\">\n<div style=\"display: none;\">\n<input type=\"hidden\" name=\"_wpcf7\" value=\"4789\" \/>\n<input type=\"hidden\" name=\"_wpcf7_version\" value=\"5.6.4\" \/>\n<input type=\"hidden\" name=\"_wpcf7_locale\" value=\"gl_ES\" \/>\n<input type=\"hidden\" name=\"_wpcf7_unit_tag\" value=\"wpcf7-f4789-o2\" \/>\n<input type=\"hidden\" name=\"_wpcf7_container_post\" value=\"0\" \/>\n<input type=\"hidden\" name=\"_wpcf7_posted_data_hash\" value=\"\" \/>\n<\/div>\n<div class=\"col-md-12 format_div adjust_top_small\" id=\"contenedor\">\n<h2 style=\"text-align: center; text-align: center;\" class=\"solo_impreso\">INFORME DEL RESPONSABLE DE DOCENCIA DEL CENTRO DE SALUD<\/h2>\n<table style=\"width: 100%; border-collapse:collapse; border-spacing:0; margin-left: auto; margin-right: auto;\" class=\"full_width_impreso\">\n<tbody>\n<tr>\n<td style=\"border: solid 1px black; background-color: rgb(231, 231, 231); text-align: center;\" colspan=\"2\">INFORME DEL RESPONSABLE DE DOCENCIA DEL PAC<\/td>\n<\/tr>\n<tr>\n<td style=\"border: solid 1px black; width: 25%;\">Nombre y Apellidos:<\/td>\n<td style=\"border: solid 1px black;\"><span class=\"wpcf7-form-control-wrap\" data-name=\"nombre_apellidos\"><input type=\"text\" name=\"nombre_apellidos\" value=\"\" size=\"40\" class=\"wpcf7-form-control wpcf7-text sin_borde\" id=\"nombre_apellidos\" aria-invalid=\"false\" \/><\/span><\/td>\n<\/tr>\n<tr>\n<td style=\"border: solid 1px black; width: 25%;\">Centro de Salud:<\/td>\n<td style=\"border: solid 1px black;\"><span class=\"wpcf7-form-control-wrap\" data-name=\"centro_salud\"><input type=\"text\" name=\"centro_salud\" value=\"\" size=\"40\" class=\"wpcf7-form-control wpcf7-text sin_borde\" id=\"centro_salud\" aria-invalid=\"false\" \/><\/span><\/td>\n<\/tr>\n<tr>\n<td style=\"border: solid 1px black; width: 25%;\">Nombre del candidato:<\/td>\n<td style=\"border: solid 1px black;\"><span class=\"wpcf7-form-control-wrap\" data-name=\"nombre_candidato\"><input type=\"text\" name=\"nombre_candidato\" value=\"\" size=\"40\" class=\"wpcf7-form-control wpcf7-text sin_borde\" id=\"nombre_candidato\" aria-invalid=\"false\" \/><\/span><\/td>\n<\/tr>\n<\/tbody>\n<\/table>\n<table style=\"width: 100%; border-collapse:collapse; border-spacing:0; margin-left: auto; margin-right: auto; margin-bottom: 10px;\" class=\"full_width_impreso\">\n<tbody>\n<tr>\n<td style=\"border: solid 1px black;\">El tutor o candidato:<\/td>\n<\/tr>\n<tr>\n<td style=\"border: solid 1px black;\">\u00bfPrepara adecuadamente las sesiones del centro (inter\u00e9s del tema, metodolog\u00eda, presentaci\u00f3n\u2026)?<\/td>\n<\/tr>\n<tr>\n<td style=\"border: solid 1px black;\"><span class=\"wpcf7-form-control-wrap\" data-name=\"pregunta_1\"><textarea name=\"pregunta_1\" cols=\"40\" rows=\"4\" class=\"wpcf7-form-control wpcf7-textarea sin_borde\" id=\"pregunta_1\" aria-invalid=\"false\"><\/textarea><\/span><\/td>\n<\/tr>\n<\/tbody>\n<\/table>\n<table style=\"width: 100%; border-collapse:collapse; border-spacing:0; margin-left: auto; margin-right: auto; margin-bottom: 10px;\" class=\"full_width_impreso\">\n<tbody>\n<tr>\n<td style=\"border: solid 1px black;\">\u00bfParticipa activamente en las sesiones del centro (asistencia, puntualidad, implicaci\u00f3n \u2026)?<\/td>\n<\/tr>\n<tr>\n<td style=\"border: solid 1px black;\"><span class=\"wpcf7-form-control-wrap\" data-name=\"pregunta_2\"><textarea name=\"pregunta_2\" cols=\"40\" rows=\"4\" class=\"wpcf7-form-control wpcf7-textarea sin_borde\" id=\"pregunta_2\" aria-invalid=\"false\"><\/textarea><\/span><\/td>\n<\/tr>\n<\/tbody>\n<\/table>\n<table style=\"width: 100%; border-collapse:collapse; border-spacing:0; margin-left: auto; margin-right: auto; margin-bottom: 10px;\" class=\"full_width_impreso\">\n<tbody>\n<tr>\n<td style=\"border: solid 1px black;\">\u00bfRealiza, en caso de tener residentes, una buena tutorizaci\u00f3n de su proceso de aprendizaje a lo largo de los a\u00f1os de especialidad, teniendo en cuenta la asistencia cl\u00ednica, la investigaci\u00f3n y la docencia?<\/td>\n<\/tr>\n<tr>\n<td style=\"border: solid 1px black;\"><span class=\"wpcf7-form-control-wrap\" data-name=\"pregunta_3\"><textarea name=\"pregunta_3\" cols=\"40\" rows=\"4\" class=\"wpcf7-form-control wpcf7-textarea sin_borde\" id=\"pregunta_3\" aria-invalid=\"false\"><\/textarea><\/span><\/td>\n<\/tr>\n<\/tbody>\n<\/table>\n<div class=\"pagebreak\"> <\/div>\n<table style=\"width: 100%; border-collapse:collapse; border-spacing:0; margin-left: auto; margin-right: auto; margin-bottom: 10px;\" class=\"full_width_impreso\">\n<tbody>\n<tr>\n<td style=\"border: solid 1px black;\">Otros comentarios que quiera hacer del tutor o candidato.<\/td>\n<\/tr>\n<tr>\n<td style=\"border: solid 1px black;\"><span class=\"wpcf7-form-control-wrap\" data-name=\"pregunta_4\"><textarea name=\"pregunta_4\" cols=\"40\" rows=\"4\" class=\"wpcf7-form-control wpcf7-textarea sin_borde\" id=\"pregunta_4\" aria-invalid=\"false\"><\/textarea><\/span><\/td>\n<\/tr>\n<\/tbody>\n<\/table>\n<div style=\"width: 100%; margin-left: auto; margin-right: auto;\" class=\"hide_impreso\">\n        <input type=\"submit\" value=\"Imprimir y Enviar\" class=\"wpcf7-form-control has-spinner wpcf7-submit\" id=\"confirm_form\" \/>\n    <\/div>\n<div class=\"solo_impreso\">\n<p style=\"margin: 40px 0px !important;\">Fecha: .........\/....................\/.............<\/p>\n<p style=\"margin: 20px 0px !important;\">Firmado:<\/p>\n<\/div>\n<\/div>\n<div class=\"wpcf7-response-output\" aria-hidden=\"true\"><\/div><\/form><\/div><\/div>\n\t\t\t\t<\/div>\n\t\t\t\t<\/div>\n\t\t\t\t\t\t<\/div>\n\t\t\t\t\t<\/div>\n\t\t<\/div>\n\t\t\t\t\t\t\t\t<\/div>\n\t\t\t\t\t<\/div>\n\t\t<\/section>\n\t\t\t\t\t\t\t\t\t<\/div>\n\t\t\t<\/div>\n\t\t\t\t\t<\/div>\n\t\t","protected":false},"excerpt":{"rendered":"<p>Tutores<\/p>\n","protected":false},"author":1,"featured_media":0,"parent":0,"menu_order":0,"comment_status":"closed","ping_status":"closed","template":"","meta":{"footnotes":""},"class_list":["post-3989","page","type-page","status-publish","hentry"],"_links":{"self":[{"href":"https:\/\/www.afecvigo.es\/web\/index.php?rest_route=\/wp\/v2\/pages\/3989","targetHints":{"allow":["GET"]}}],"collection":[{"href":"https:\/\/www.afecvigo.es\/web\/index.php?rest_route=\/wp\/v2\/pages"}],"about":[{"href":"https:\/\/www.afecvigo.es\/web\/index.php?rest_route=\/wp\/v2\/types\/page"}],"author":[{"embeddable":true,"href":"https:\/\/www.afecvigo.es\/web\/index.php?rest_route=\/wp\/v2\/users\/1"}],"replies":[{"embeddable":true,"href":"https:\/\/www.afecvigo.es\/web\/index.php?rest_route=%2Fwp%2Fv2%2Fcomments&post=3989"}],"version-history":[{"count":7,"href":"https:\/\/www.afecvigo.es\/web\/index.php?rest_route=\/wp\/v2\/pages\/3989\/revisions"}],"predecessor-version":[{"id":5130,"href":"https:\/\/www.afecvigo.es\/web\/index.php?rest_route=\/wp\/v2\/pages\/3989\/revisions\/5130"}],"wp:attachment":[{"href":"https:\/\/www.afecvigo.es\/web\/index.php?rest_route=%2Fwp%2Fv2%2Fmedia&parent=3989"}],"curies":[{"name":"wp","href":"https:\/\/api.w.org\/{rel}","templated":true}]}}