{"id":391,"date":"2020-11-23T20:38:59","date_gmt":"2020-11-23T20:38:59","guid":{"rendered":"http:\/\/localhost\/?page_id=391"},"modified":"2025-04-16T11:31:49","modified_gmt":"2025-04-16T11:31:49","slug":"atencion-comunitaria","status":"publish","type":"page","link":"https:\/\/www.afecvigo.es\/web\/?page_id=391","title":{"rendered":"Atenci\u00f3n Comunitaria g"},"content":{"rendered":"\t\t<div data-elementor-type=\"wp-page\" data-elementor-id=\"391\" class=\"elementor elementor-391\">\n\t\t\t\t\t\t<div class=\"elementor-inner\">\n\t\t\t\t<div class=\"elementor-section-wrap\">\n\t\t\t\t\t\t\t\t\t<section class=\"elementor-section elementor-top-section elementor-element elementor-element-54843e30 elementor-section-boxed elementor-section-height-default elementor-section-height-default\" data-id=\"54843e30\" data-element_type=\"section\">\n\t\t\t\t\t\t<div class=\"elementor-container elementor-column-gap-default\">\n\t\t\t\t\t\t\t<div class=\"elementor-row\">\n\t\t\t\t\t<div class=\"elementor-column elementor-col-100 elementor-top-column elementor-element elementor-element-ab1ca5b\" data-id=\"ab1ca5b\" data-element_type=\"column\">\n\t\t\t<div class=\"elementor-column-wrap elementor-element-populated\">\n\t\t\t\t\t\t\t<div class=\"elementor-widget-wrap\">\n\t\t\t\t\t\t<div class=\"elementor-element elementor-element-4a485428 elementor-widget elementor-widget-text-editor\" data-id=\"4a485428\" data-element_type=\"widget\" data-widget_type=\"text-editor.default\">\n\t\t\t\t<div class=\"elementor-widget-container\">\n\t\t\t\t\t\t\t\t<div class=\"elementor-text-editor elementor-clearfix\">\n\t\t\t\t<div class=\"wp-block-columns\">\n<p><!-- wp:column {\"width\":\"100%\"} --><\/p>\n<div class=\"wp-block-column\" style=\"flex-basis: 100%;\">\n<p><!-- wp:group {\"align\":\"full\"} --><\/p>\n<div class=\"wp-block-group alignfull\">\u00a0<\/div>\n<p><!-- \/wp:group --><\/p>\n<\/div>\n<p><!-- \/wp:column --><\/p>\n<\/div>\n<p><!-- \/wp:columns --><\/p>\n<p><!-- wp:heading --><\/p>\n<h2>Misi\u00f3n<\/h2>\n<p><!-- \/wp:heading --><\/p>\n<p><!-- wp:list --><\/p>\n<ul>\n<li>Habilitar aos residentes para a integraci\u00f3n da atenci\u00f3n comunitaria na s\u00faa actividade profesional.<\/li>\n<li>Facilitar unha din\u00e1mica e enfoque comunitario na contorna asistencial docente e na \u00e1rea Sanitaria.<\/li>\n<li>Contribu\u00edr \u00e1 proxecci\u00f3n comunitaria dos centros de sa\u00fade docente.<\/li>\n<li>Difundir as actividades comunitarias, creando redes formativas e proactivas.<\/li>\n<\/ul>\n<p><!-- \/wp:list --><\/p>\n<p><!-- wp:heading --><\/p>\n<h2>Visi\u00f3n<\/h2>\n<p><!-- \/wp:heading --><\/p>\n<p><!-- wp:list --><\/p>\n<ul>\n<li>Integrar a pr\u00e1ctica comunitaria dentro dos centros docentes como algo habitual.<\/li>\n<li>Crear masa cr\u00edtica en atenci\u00f3n primaria. Investigar en atenci\u00f3n comunitaria.<\/li>\n<li>Consolidar a aprendizaxe da atenci\u00f3n comunitaria na UDM de Vigo.<\/li>\n<\/ul>\n<p><!-- \/wp:list --><\/p>\n<p><!-- wp:heading --><\/p>\n<h2>Valores<\/h2>\n<p><!-- \/wp:heading --><\/p>\n<p><!-- wp:list --><\/p>\n<ul>\n<li>Fomentar a motivaci\u00f3n, o autoaprendizaje e o desenvolvemento persoal e profesional dos residentes<\/li>\n<li>O respecto pola singularidade de cada membro da comunidade docente, o fomento do traballo en equipo, a conciencia da importancia da xesti\u00f3n emocional dos profesionais, a posta en valor dos logros e esforzo.<\/li>\n<li>Honestidade, transparencia e mellora continua. Procurar contorna que promova o desenvolvemento da potencialidade de cada membro da comunidade docente. Po\u00f1er en valor a intelixencia global e colaborativa.<\/li>\n<\/ul>\n<p><!-- \/wp:list --><\/p>\t\t\t\t\t<\/div>\n\t\t\t\t\t\t<\/div>\n\t\t\t\t<\/div>\n\t\t\t\t\t\t<\/div>\n\t\t\t\t\t<\/div>\n\t\t<\/div>\n\t\t\t\t\t\t\t\t<\/div>\n\t\t\t\t\t<\/div>\n\t\t<\/section>\n\t\t\t\t<section class=\"elementor-section elementor-top-section elementor-element elementor-element-aa61ebf elementor-section-boxed elementor-section-height-default elementor-section-height-default\" data-id=\"aa61ebf\" data-element_type=\"section\">\n\t\t\t\t\t\t<div class=\"elementor-container elementor-column-gap-default\">\n\t\t\t\t\t\t\t<div class=\"elementor-row\">\n\t\t\t\t\t<div class=\"elementor-column elementor-col-100 elementor-top-column elementor-element elementor-element-efe024d\" data-id=\"efe024d\" data-element_type=\"column\">\n\t\t\t<div class=\"elementor-column-wrap\">\n\t\t\t\t\t\t\t<div class=\"elementor-widget-wrap\">\n\t\t\t\t\t\t\t\t<\/div>\n\t\t\t\t\t<\/div>\n\t\t<\/div>\n\t\t\t\t\t\t\t\t<\/div>\n\t\t\t\t\t<\/div>\n\t\t<\/section>\n\t\t\t\t\t\t\t\t\t<\/div>\n\t\t\t<\/div>\n\t\t\t\t\t<\/div>\n\t\t","protected":false},"excerpt":{"rendered":"<p>\u00a0 Misi\u00f3n Habilitar aos residentes para a integraci\u00f3n da atenci\u00f3n comunitaria na s\u00faa actividade profesional. Facilitar unha din\u00e1mica e enfoque comunitario na contorna asistencial docente e na \u00e1rea Sanitaria. Contribu\u00edr \u00e1 proxecci\u00f3n comunitaria dos centros de sa\u00fade docente. Difundir as actividades comunitarias, creando redes formativas e proactivas. Visi\u00f3n Integrar a pr\u00e1ctica comunitaria dentro dos centros &hellip;<\/p>\n<p class=\"read-more\"> <a class=\"\" href=\"https:\/\/www.afecvigo.es\/web\/?page_id=391\"> <span class=\"screen-reader-text\">Atenci\u00f3n Comunitaria g<\/span> Read More &raquo;<\/a><\/p>\n","protected":false},"author":1,"featured_media":2351,"parent":0,"menu_order":0,"comment_status":"closed","ping_status":"closed","template":"elementor_header_footer","meta":{"footnotes":""},"class_list":["post-391","page","type-page","status-publish","has-post-thumbnail","hentry"],"_links":{"self":[{"href":"https:\/\/www.afecvigo.es\/web\/index.php?rest_route=\/wp\/v2\/pages\/391","targetHints":{"allow":["GET"]}}],"collection":[{"href":"https:\/\/www.afecvigo.es\/web\/index.php?rest_route=\/wp\/v2\/pages"}],"about":[{"href":"https:\/\/www.afecvigo.es\/web\/index.php?rest_route=\/wp\/v2\/types\/page"}],"author":[{"embeddable":true,"href":"https:\/\/www.afecvigo.es\/web\/index.php?rest_route=\/wp\/v2\/users\/1"}],"replies":[{"embeddable":true,"href":"https:\/\/www.afecvigo.es\/web\/index.php?rest_route=%2Fwp%2Fv2%2Fcomments&post=391"}],"version-history":[{"count":34,"href":"https:\/\/www.afecvigo.es\/web\/index.php?rest_route=\/wp\/v2\/pages\/391\/revisions"}],"predecessor-version":[{"id":7410,"href":"https:\/\/www.afecvigo.es\/web\/index.php?rest_route=\/wp\/v2\/pages\/391\/revisions\/7410"}],"wp:featuredmedia":[{"embeddable":true,"href":"https:\/\/www.afecvigo.es\/web\/index.php?rest_route=\/wp\/v2\/media\/2351"}],"wp:attachment":[{"href":"https:\/\/www.afecvigo.es\/web\/index.php?rest_route=%2Fwp%2Fv2%2Fmedia&parent=391"}],"curies":[{"name":"wp","href":"https:\/\/api.w.org\/{rel}","templated":true}]}}