{"id":3780,"date":"2022-09-22T12:48:46","date_gmt":"2022-09-22T12:48:46","guid":{"rendered":"https:\/\/www.afecvigo.es\/web\/?page_id=3780"},"modified":"2025-07-22T09:46:02","modified_gmt":"2025-07-22T09:46:02","slug":"presentacion-de-centros-3","status":"publish","type":"page","link":"https:\/\/www.afecvigo.es\/web\/?page_id=3780","title":{"rendered":"Presentaci\u00f3n dos centros"},"content":{"rendered":"\t\t<div data-elementor-type=\"wp-page\" data-elementor-id=\"3780\" class=\"elementor elementor-3780\">\n\t\t\t\t\t\t<div class=\"elementor-inner\">\n\t\t\t\t<div class=\"elementor-section-wrap\">\n\t\t\t\t\t\t\t\t\t<section class=\"elementor-section elementor-top-section elementor-element elementor-element-1da36f1 elementor-section-boxed elementor-section-height-default elementor-section-height-default\" data-id=\"1da36f1\" data-element_type=\"section\">\n\t\t\t\t\t\t<div class=\"elementor-container elementor-column-gap-default\">\n\t\t\t\t\t\t\t<div class=\"elementor-row\">\n\t\t\t\t\t<div class=\"elementor-column elementor-col-100 elementor-top-column elementor-element elementor-element-c86f03c\" data-id=\"c86f03c\" data-element_type=\"column\">\n\t\t\t<div class=\"elementor-column-wrap elementor-element-populated\">\n\t\t\t\t\t\t\t<div class=\"elementor-widget-wrap\">\n\t\t\t\t\t\t<div class=\"elementor-element elementor-element-46d2a7c elementor-widget elementor-widget-heading\" data-id=\"46d2a7c\" data-element_type=\"widget\" data-widget_type=\"heading.default\">\n\t\t\t\t<div class=\"elementor-widget-container\">\n\t\t\t<h2 class=\"elementor-heading-title elementor-size-default\">Presentaci\u00f3n dos Centros<\/h2>\t\t<\/div>\n\t\t\t\t<\/div>\n\t\t\t\t<div class=\"elementor-element elementor-element-641e72b elementor-widget elementor-widget-html\" data-id=\"641e72b\" data-element_type=\"widget\" data-widget_type=\"html.default\">\n\t\t\t\t<div class=\"elementor-widget-container\">\n\t\t\t<!DOCTYPE html>\r\n<html lang=\"es\">\r\n<head>\r\n  <meta charset=\"UTF-8\" \/>\r\n  <meta name=\"viewport\" content=\"width=device-width, initial-scale=1.0\" \/>\r\n  <title>Videos por Centros<\/title>\r\n  <style>\r\n    body {\r\n      font-family: Arial, sans-serif;\r\n      background-color: #5b4d69;\r\n      margin: 0;\r\n      padding: 30px;\r\n      scroll-behavior: smooth;\r\n    }\r\n\r\n    .container {\r\n      display: flex;\r\n      flex-wrap: wrap;\r\n      gap: 30px;\r\n      justify-content: space-around;\r\n    }\r\n\r\n    .centro-container {\r\n      width: 30%;\r\n      background-color: white;\r\n      padding: 20px;\r\n      border-radius: 10px;\r\n      box-shadow: 0 4px 8px rgba(0,0,0,0.1);\r\n    }\r\n\r\n    .centro-title {\r\n      font-size: 24px;\r\n      font-weight: bold;\r\n      text-align: center;\r\n      color: #5b4d69;\r\n      margin-bottom: 15px;\r\n    }\r\n\r\n    \/* Scroll horizontal confinado a cada centro *\/\r\n    .video-container {\r\n      display: flex;\r\n      flex-wrap: nowrap;\r\n      gap: 15px;\r\n      overflow-x: auto;\r\n      overflow-y: hidden;\r\n      padding-bottom: 10px;\r\n      -webkit-overflow-scrolling: touch;\r\n      scroll-snap-type: x mandatory;\r\n    }\r\n    \/* Scrollbar visible y estilizado *\/\r\n    .video-container::-webkit-scrollbar {\r\n      height: 8px;\r\n    }\r\n    .video-container::-webkit-scrollbar-track {\r\n      background: #f1f1f1;\r\n      border-radius: 4px;\r\n    }\r\n    .video-container::-webkit-scrollbar-thumb {\r\n      background: #888;\r\n      border-radius: 4px;\r\n    }\r\n    .video-container::-webkit-scrollbar-thumb:hover {\r\n      background: #555;\r\n    }\r\n\r\n    .video-card {\r\n      flex: 0 0 auto;\r\n      width: 150px;\r\n      height: 90px;\r\n      position: relative;\r\n      cursor: pointer;\r\n      overflow: hidden;\r\n      border-radius: 8px;\r\n      box-shadow: 0 4px 6px rgba(0,0,0,0.1);\r\n      transition: transform 0.3s ease;\r\n      scroll-snap-align: start;\r\n    }\r\n    .video-card:hover {\r\n      transform: scale(1.05);\r\n    }\r\n    .video-card img {\r\n      width: 100%;\r\n      height: 100%;\r\n      object-fit: cover;\r\n    }\r\n    .video-year {\r\n      position: absolute;\r\n      top: 8px;\r\n      left: 8px;\r\n      background-color: rgba(0,0,0,0.7);\r\n      color: white;\r\n      padding: 3px 8px;\r\n      font-size: 12px;\r\n      font-weight: bold;\r\n      border-radius: 4px;\r\n    }\r\n\r\n    .modal {\r\n      display: none;\r\n      position: fixed;\r\n      z-index: 1;\r\n      left: 0; top: 0;\r\n      width: 100%; height: 100%;\r\n      background-color: rgba(0,0,0,0.7);\r\n      overflow: auto;\r\n    }\r\n    .modal-content {\r\n      margin: 5% auto;\r\n      padding: 20px;\r\n      background-color: white;\r\n      border-radius: 10px;\r\n      width: 80%;\r\n      max-width: 800px;\r\n      position: relative;\r\n    }\r\n    .close {\r\n      color: #aaa;\r\n      font-size: 28px;\r\n      font-weight: bold;\r\n      position: absolute;\r\n      top: 10px;\r\n      right: 25px;\r\n      cursor: pointer;\r\n    }\r\n    .close:hover {\r\n      color: black;\r\n    }\r\n  <\/style>\r\n<\/head>\r\n<body>\r\n\r\n  <div class=\"container\">\r\n\r\n    <!-- BAIONA -->\r\n    <div class=\"centro-container\">\r\n      <div class=\"centro-title\">BAIONA<\/div>\r\n      <div class=\"video-container\">\r\n        <div class=\"video-card\" onclick=\"openModal('https:\/\/www.youtube.com\/embed\/WEvQytlOZ2g')\">\r\n          <div class=\"video-year\">2024<\/div>\r\n          <img decoding=\"async\" src=\"https:\/\/img.youtube.com\/vi\/WEvQytlOZ2g\/0.jpg\" alt=\"Video 2024\" \/>\r\n        <\/div>\r\n        <div class=\"video-card\" onclick=\"openModal('https:\/\/youtube.com\/shorts\/mjRqpYAED4Y?feature=share')\">\r\n          <div class=\"video-year\">2025<\/div>\r\n          <img decoding=\"async\" src=\"https:\/\/img.youtube.com\/vi\/mjRqpYAED4Y\/hqdefault.jpg\" alt=\"Video 2025\" \/>\r\n        <\/div>\r\n      <\/div>\r\n    <\/div>\r\n    <!-- BEIRAMAR -->\r\n    <div class=\"centro-container\">\r\n      <div class=\"centro-title\">BEIRAMAR<\/div>\r\n      <div class=\"video-container\">\r\n        <div class=\"video-card\" onclick=\"openModal('https:\/\/www.youtube.com\/embed\/b8yV110C8p0')\">\r\n          <div class=\"video-year\">2022<\/div>\r\n          <img decoding=\"async\" src=\"https:\/\/img.youtube.com\/vi\/b8yV110C8p0\/0.jpg\" alt=\"Video 2022\" \/>\r\n        <\/div>\r\n        <div class=\"video-card\" onclick=\"openModal('https:\/\/www.youtube.com\/embed\/hyS8kGRLSbE')\">\r\n          <div class=\"video-year\">2024<\/div>\r\n          <img decoding=\"async\" src=\"https:\/\/img.youtube.com\/vi\/hyS8kGRLSbE\/0.jpg\" alt=\"Video 2024\" \/>\r\n        <\/div>\r\n        <div class=\"video-card\" onclick=\"openModal('https:\/\/youtu.be\/VyyvRE4r7JQ')\">\r\n          <div class=\"video-year\">2025<\/div>\r\n          <img decoding=\"async\" src=\"https:\/\/img.youtube.com\/vi\/VyyvRE4r7JQ\/0.jpg\" alt=\"Video 2025\" \/>\r\n        <\/div>\r\n      <\/div>\r\n    <\/div>\r\n    \r\n    <!-- BEMBRIVE -->\r\n    <div class=\"centro-container\">\r\n      <div class=\"centro-title\">BEMBRIVE<\/div>\r\n      <div class=\"video-container\">\r\n        <div class=\"video-card\" onclick=\"openModal('https:\/\/www.youtube.com\/embed\/Zre4PqJre5Q')\">\r\n          <div class=\"video-year\">2022<\/div>\r\n          <img decoding=\"async\" src=\"https:\/\/img.youtube.com\/vi\/Zre4PqJre5Q\/0.jpg\" alt=\"Video 2022\" \/>\r\n        <\/div>\r\n      <\/div>\r\n    <\/div>\r\n\r\n    <!-- CHAPELA -->\r\n    <div class=\"centro-container\">\r\n      <div class=\"centro-title\">CHAPELA<\/div>\r\n      <div class=\"video-container\">\r\n        <div class=\"video-card\" onclick=\"openModal('https:\/\/www.youtube.com\/embed\/gQJcMwhVVQE')\">\r\n          <div class=\"video-year\">2023<\/div>\r\n          <img decoding=\"async\" src=\"https:\/\/img.youtube.com\/vi\/gQJcMwhVVQE\/0.jpg\" alt=\"Video 2023\" \/>\r\n        <\/div>\r\n        <div class=\"video-card\" onclick=\"openModal('https:\/\/www.youtube.com\/embed\/0IdqaHYgphw')\">\r\n          <div class=\"video-year\">2024<\/div>\r\n          <img decoding=\"async\" src=\"https:\/\/img.youtube.com\/vi\/0IdqaHYgphw\/0.jpg\" alt=\"Video 2024\" \/>\r\n        <\/div>\r\n        <div class=\"video-card\" onclick=\"openModal('https:\/\/youtu.be\/4QSFltnqR-c')\">\r\n          <div class=\"video-year\">2025<\/div>\r\n          <img decoding=\"async\" src=\"https:\/\/img.youtube.com\/vi\/4QSFltnqR-c\/0.jpg\" alt=\"Video 2025\" \/>\r\n        <\/div>\r\n      <\/div>\r\n    <\/div>\r\n\r\n    <!-- COLMEIRO -->\r\n    <div class=\"centro-container\">\r\n      <div class=\"centro-title\">COLMEIRO<\/div>\r\n      <div class=\"video-container\">\r\n         <div class=\"video-card\" onclick=\"openModal('https:\/\/youtu.be\/kmkpzg-KnG0')\">\r\n          <div class=\"video-year\">2025<\/div>\r\n          <img decoding=\"async\" src=\"https:\/\/img.youtube.com\/vi\/kmkpzg-KnG0\/0.jpg\" alt=\"Video 2024\" \/>\r\n        <\/div>\r\n      <\/div>\r\n    <\/div>\r\n\r\n    <!-- CUBA -->\r\n    <div class=\"centro-container\">\r\n      <div class=\"centro-title\">CUBA<\/div>\r\n      <div class=\"video-container\">\r\n        <div class=\"video-card\" onclick=\"openModal('https:\/\/www.youtube.com\/embed\/mCCDttXc_V4')\">\r\n          <div class=\"video-year\">2024<\/div>\r\n          <img decoding=\"async\" src=\"https:\/\/img.youtube.com\/vi\/mCCDttXc_V4\/0.jpg\" alt=\"Video 2024\" \/>\r\n        <\/div>\r\n      <\/div>\r\n    <\/div>\r\n\r\n    <!-- GONDOMAR -->\r\n    <div class=\"centro-container\">\r\n      <div class=\"centro-title\">GONDOMAR<\/div>\r\n      <div class=\"video-container\">\r\n        <div class=\"video-card\" onclick=\"openModal('https:\/\/www.youtube.com\/embed\/5yOBND-tHWc')\">\r\n          <div class=\"video-year\">2023a<\/div>\r\n          <img decoding=\"async\" src=\"https:\/\/img.youtube.com\/vi\/5yOBND-tHWc\/0.jpg\" alt=\"Video 2023a\" \/>\r\n        <\/div>\r\n        <div class=\"video-card\" onclick=\"openModal('https:\/\/www.youtube.com\/embed\/TfNjbhzlzrI')\">\r\n          <div class=\"video-year\">2023b<\/div>\r\n          <img decoding=\"async\" src=\"https:\/\/img.youtube.com\/vi\/TfNjbhzlzrI\/0.jpg\" alt=\"Video 2023b\" \/>\r\n        <\/div>\r\n        <div class=\"video-card\" onclick=\"openModal('https:\/\/www.youtube.com\/embed\/R-9WEGnSCdo')\">\r\n          <div class=\"video-year\">2024<\/div>\r\n          <img decoding=\"async\" src=\"https:\/\/img.youtube.com\/vi\/R-9WEGnSCdo\/0.jpg\" alt=\"Video 2024\" \/>\r\n        <\/div>\r\n      <\/div>\r\n    <\/div>\r\n    <!-- LAVADORES -->\r\n    <div class=\"centro-container\">\r\n      <div class=\"centro-title\">LAVADORES<\/div>\r\n      <div class=\"video-container\">\r\n        <div class=\"video-card\" onclick=\"openModal('https:\/\/youtu.be\/FNxCVYVYkH4')\">\r\n          <div class=\"video-year\">2025<\/div>\r\n          <img decoding=\"async\" src=\"https:\/\/img.youtube.com\/vi\/FNxCVYVYkH4\/0.jpg\" alt=\"Video 2025\" \/>\r\n        <\/div>\r\n      <\/div>\r\n    <\/div>\r\n\r\n    <!-- MATAM\u00c1 -->\r\n    <div class=\"centro-container\">\r\n      <div class=\"centro-title\">MATAM\u00c1<\/div>\r\n      <div class=\"video-container\">\r\n        <div class=\"video-card\" onclick=\"openModal('https:\/\/www.youtube.com\/embed\/GiCWGEm7y0s')\">\r\n          <div class=\"video-year\">2022<\/div>\r\n          <img decoding=\"async\" src=\"https:\/\/img.youtube.com\/vi\/GiCWGEm7y0s\/0.jpg\" alt=\"Video 2022\" \/>\r\n        <\/div>\r\n        <div class=\"video-card\" onclick=\"openModal(https:\/\/youtu.be\/vZsq-2xhG4I')\">\r\n          <div class=\"video-year\">2025<\/div>\r\n          <img decoding=\"async\" src=\"https:\/\/img.youtube.com\/vi\/vZsq-2xhG4I\/0.jpg\" alt=\"Video 2025\" \/>\r\n        <\/div>\r\n      <\/div>\r\n    <\/div>\r\n\r\n    <!-- MOS -->\r\n    <div class=\"centro-container\">\r\n      <div class=\"centro-title\">MOS<\/div>\r\n      <div class=\"video-container\">\r\n        <div class=\"video-card\" onclick=\"openModal('https:\/\/www.youtube.com\/embed\/aBEv-6y_G6s')\">\r\n          <div class=\"video-year\">2022<\/div>\r\n          <img decoding=\"async\" src=\"https:\/\/img.youtube.com\/vi\/aBEv-6y_G6s\/0.jpg\" alt=\"Video 2022\" \/>\r\n        <\/div>\r\n        <div class=\"video-card\" onclick=\"openModal('https:\/\/www.youtube.com\/embed\/LJVLwmNPbeo')\">\r\n          <div class=\"video-year\">2024<\/div>\r\n          <img decoding=\"async\" src=\"https:\/\/img.youtube.com\/vi\/LJVLwmNPbeo\/0.jpg\" alt=\"Video 2024\" \/>\r\n        <\/div>\r\n      <\/div>\r\n    <\/div>\r\n\r\n    <!-- O PORRI\u00d1O -->\r\n    <div class=\"centro-container\">\r\n      <div class=\"centro-title\">O PORRI\u00d1O<\/div>\r\n      <div class=\"video-container\">\r\n        <div class=\"video-card\" onclick=\"openModal('https:\/\/www.youtube.com\/embed\/_2IodtDMHtI')\">\r\n          <div class=\"video-year\">2022<\/div>\r\n          <img decoding=\"async\" src=\"https:\/\/img.youtube.com\/vi\/_2IodtDMHtI\/0.jpg\" alt=\"Video 2022\" \/>\r\n        <\/div>\r\n        <div class=\"video-card\" onclick=\"openModal('https:\/\/www.youtube.com\/embed\/OvBz6H2z0s4')\">\r\n          <div class=\"video-year\">2024<\/div>\r\n          <img decoding=\"async\" src=\"https:\/\/img.youtube.com\/vi\/OvBz6H2z0s4\/0.jpg\" alt=\"Video 2024\" \/>\r\n        <\/div>\r\n        <div class=\"video-card\" onclick=\"openModal('https:\/\/youtu.be\/n6H7r6xUMzo')\">\r\n          <div class=\"video-year\">2025<\/div>\r\n          <img decoding=\"async\" src=\"https:\/\/img.youtube.com\/vi\/n6H7r6xUMzo\/0.jpg\" alt=\"Video 2025\" \/>\r\n        <\/div>\r\n      <\/div>\r\n    <\/div>\r\n\r\n    <!-- PANX\u00d3N -->\r\n    <div class=\"centro-container\">\r\n      <div class=\"centro-title\">PANX\u00d3N<\/div>\r\n      <div class=\"video-container\">\r\n        <div class=\"video-card\" onclick=\"openModal('https:\/\/www.youtube.com\/embed\/Ma-aurqWG_4')\">\r\n          <div class=\"video-year\">2024<\/div>\r\n          <img decoding=\"async\" src=\"https:\/\/img.youtube.com\/vi\/Ma-aurqWG_4\/0.jpg\" alt=\"Video 2024\" \/>\r\n        <\/div>\r\n        <div class=\"video-card\" onclick=\"openModal('https:\/\/youtu.be\/iRtGcYSRsnk')\">\r\n          <div class=\"video-year\">2025<\/div>\r\n          <img decoding=\"async\" src=\"https:\/\/img.youtube.com\/vi\/iRtGcYSRsnk\/0.jpg\" alt=\"Video 2025\" \/>\r\n        <\/div>\r\n      <\/div>\r\n    <\/div>\r\n\r\n    <!-- PONTEAREAS -->\r\n    <div class=\"centro-container\">\r\n      <div class=\"centro-title\">PONTEAREAS<\/div>\r\n      <div class=\"video-container\">\r\n        <div class=\"video-card\" onclick=\"openModal('https:\/\/www.youtube.com\/embed\/X21NDZAdViw')\">\r\n          <div class=\"video-year\">2024<\/div>\r\n          <img decoding=\"async\" src=\"https:\/\/img.youtube.com\/vi\/X21NDZAdViw\/0.jpg\" alt=\"Video 2024\" \/>\r\n        <\/div>\r\n      <\/div>\r\n    <\/div>\r\n\r\n    <!-- REDONDELA -->\r\n    <div class=\"centro-container\">\r\n      <div class=\"centro-title\">REDONDELA<\/div>\r\n      <div class=\"video-container\">\r\n        <div class=\"video-card\" onclick=\"openModal('https:\/\/www.youtube.com\/embed\/0jaJB7j0mcg')\">\r\n          <div class=\"video-year\">2023<\/div>\r\n          <img decoding=\"async\" src=\"https:\/\/img.youtube.com\/vi\/0jaJB7j0mcg\/0.jpg\" alt=\"Video 2023\" \/>\r\n        <\/div>\r\n        <div class=\"video-card\" onclick=\"openModal('https:\/\/www.youtube.com\/embed\/t1jkJN-iA5E')\">\r\n          <div class=\"video-year\">2024<\/div>\r\n          <img decoding=\"async\" src=\"https:\/\/img.youtube.com\/vi\/t1jkJN-iA5E\/0.jpg\" alt=\"Video 2024\" \/>\r\n        <\/div>\r\n        <div class=\"video-card\" onclick=\"openModal('https:\/\/youtube.com\/shorts\/VUEFVucH04E?feature=share')\">\r\n          <div class=\"video-year\">2025<\/div>\r\n          <img decoding=\"async\" src=\"https:\/\/img.youtube.com\/vi\/VUEFVucH04E\/0.jpg\" alt=\"Video 2025\" \/>\r\n        <\/div>\r\n      <\/div>\r\n    <\/div>\r\n    \r\n    <!-- SALCEDA DE CASELAS -->\r\n    <div class=\"centro-container\">\r\n      <div class=\"centro-title\">SALCEDA DE CASELAS<\/div>\r\n      <div class=\"video-container\">\r\n        <div class=\"video-card\" onclick=\"openModal('https:\/\/youtu.be\/l_9vjAR0RmA')\">\r\n          <div class=\"video-year\">2025<\/div>\r\n          <img decoding=\"async\" src=\"https:\/\/img.youtube.com\/vi\/l_9vjAR0RmA\/0.jpg\" alt=\"Video 2025\" \/>\r\n        <\/div>\r\n      <\/div>\r\n    <\/div>\r\n\r\n    <!-- S\u00c1RDOMA -->\r\n    <div class=\"centro-container\">\r\n      <div class=\"centro-title\">S\u00c1RDOMA<\/div>\r\n      <div class=\"video-container\">\r\n        <div class=\"video-card\" onclick=\"openModal('https:\/\/www.youtube.com\/embed\/pIO95h30DdI')\">\r\n          <div class=\"video-year\">2022<\/div>\r\n          <img decoding=\"async\" src=\"https:\/\/img.youtube.com\/vi\/pIO95h30DdI\/0.jpg\" alt=\"Video 2022\" \/>\r\n        <\/div>\r\n        <div class=\"video-card\" onclick=\"openModal('https:\/\/www.youtube.com\/embed\/WUpNn6zoih8')\">\r\n          <div class=\"video-year\">2023<\/div>\r\n          <img decoding=\"async\" src=\"https:\/\/img.youtube.com\/vi\/WUpNn6zoih8\/0.jpg\" alt=\"Video 2023\" \/>\r\n        <\/div>\r\n        <div class=\"video-card\" onclick=\"openModal('https:\/\/www.youtube.com\/embed\/lCLyUmk7wlI')\">\r\n          <div class=\"video-year\">2024<\/div>\r\n          <img decoding=\"async\" src=\"https:\/\/img.youtube.com\/vi\/lCLyUmk7wlI\/0.jpg\" alt=\"Video 2024\" \/>\r\n        <\/div>\r\n        <div class=\"video-card\" onclick=\"openModal('https:\/\/youtu.be\/FBOE7QFyj8M')\">\r\n          <div class=\"video-year\">2025<\/div>\r\n          <img decoding=\"async\" src=\"https:\/\/img.youtube.com\/vi\/FBOE7QFyj8M\/0.jpg\" alt=\"Video 2025\" \/>\r\n        <\/div>\r\n      <\/div>\r\n    <\/div>\r\n\r\n    <!-- TABOADA LEAL -->\r\n    <div class=\"centro-container\">\r\n      <div class=\"centro-title\">TABOADA LEAL<\/div>\r\n      <div class=\"video-container\">\r\n        <div class=\"video-card\" onclick=\"openModal('https:\/\/www.youtube.com\/embed\/plSSxDmQFkQ')\">\r\n          <div class=\"video-year\">2023<\/div>\r\n          <img decoding=\"async\" src=\"https:\/\/img.youtube.com\/vi\/plSSxDmQFkQ\/0.jpg\" alt=\"Video 2023\" \/>\r\n        <\/div>\r\n        <div class=\"video-card\" onclick=\"openModal('https:\/\/www.youtube.com\/embed\/OlrgPiqV9wo')\">\r\n          <div class=\"video-year\">2024<\/div>\r\n          <img decoding=\"async\" src=\"https:\/\/img.youtube.com\/vi\/OlrgPiqV9wo\/0.jpg\" alt=\"Video 2024\" \/>\r\n        <\/div>\r\n      <\/div>\r\n    <\/div>\r\n\r\n    <!-- TEIS -->\r\n    <div class=\"centro-container\">\r\n      <div class=\"centro-title\">TEIS<\/div>\r\n      <div class=\"video-container\">\r\n        <div class=\"video-card\" onclick=\"openModal('https:\/\/www.youtube.com\/embed\/F8iZB-EzEQM')\">\r\n          <div class=\"video-year\">2022<\/div>\r\n          <img decoding=\"async\" src=\"https:\/\/img.youtube.com\/vi\/F8iZB-EzEQM\/0.jpg\" alt=\"Video 2022\" \/>\r\n        <\/div>\r\n        <div class=\"video-card\" onclick=\"openModal('https:\/\/www.youtube.com\/embed\/Zq-t525eNH0')\">\r\n          <div class=\"video-year\">2023<\/div>\r\n          <img decoding=\"async\" src=\"https:\/\/img.youtube.com\/vi\/Zq-t525eNH0\/0.jpg\" alt=\"Video 2023\" \/>\r\n        <\/div>\r\n        <div class=\"video-card\" onclick=\"openModal('https:\/\/www.youtube.com\/embed\/3HzgJ_htFGc')\">\r\n          <div class=\"video-year\">2024<\/div>\r\n          <img decoding=\"async\" src=\"https:\/\/img.youtube.com\/vi\/3HzgJ_htFGc\/0.jpg\" alt=\"Video 2024\" \/>\r\n        <\/div>\r\n        <div class=\"video-card\" onclick=\"openModal('https:\/\/youtu.be\/iqe0Ei-R4s4')\">\r\n          <div class=\"video-year\">2025<\/div>\r\n          <img decoding=\"async\" src=\"https:\/\/img.youtube.com\/vi\/iqe0Ei-R4s4\/0.jpg\" alt=\"Video 2025\" \/>\r\n        <\/div>\r\n      <\/div>\r\n    <\/div>\r\n\r\n    <!-- TUI -->\r\n    <div class=\"centro-container\">\r\n      <div class=\"centro-title\">TUI<\/div>\r\n      <div class=\"video-container\">\r\n        <div class=\"video-card\" onclick=\"openModal('https:\/\/www.youtube.com\/embed\/jjBMn2jAH1k')\">\r\n          <div class=\"video-year\">2024<\/div>\r\n          <img decoding=\"async\" src=\"https:\/\/img.youtube.com\/vi\/jjBMn2jAH1k\/0.jpg\" alt=\"Video 2024\" \/>\r\n        <\/div>\r\n      <\/div>\r\n    <\/div>\r\n    \r\n    <!-- VAL MI\u00d1OR -->\r\n    <div class=\"centro-container\">\r\n      <div class=\"centro-title\">VAL MI\u00d1OR<\/div>\r\n      <div class=\"video-container\">\r\n        <div class=\"video-card\" onclick=\"openModal('https:\/\/www.youtube.com\/embed\/vZJN5mGz2qI')\">\r\n          <div class=\"video-year\">2022<\/div>\r\n          <img decoding=\"async\" src=\"https:\/\/img.youtube.com\/vi\/vZJN5mGz2qI\/0.jpg\" alt=\"Video 2022\" \/>\r\n        <\/div>\r\n        <div class=\"video-card\" onclick=\"openModal('https:\/\/www.youtube.com\/embed\/WvYQv7tOOkg')\">\r\n          <div class=\"video-year\">2023<\/div>\r\n          <img decoding=\"async\" src=\"https:\/\/img.youtube.com\/vi\/WvYQv7tOOkg\/0.jpg\" alt=\"Video 2023\" \/>\r\n        <\/div>\r\n        <div class=\"video-card\" onclick=\"openModal('https:\/\/www.youtube.com\/embed\/52w6AB7ALUM')\">\r\n          <div class=\"video-year\">2024<\/div>\r\n          <img decoding=\"async\" src=\"https:\/\/img.youtube.com\/vi\/52w6AB7ALUM\/0.jpg\" alt=\"Video 2024\" \/>\r\n        <\/div>\r\n        <div class=\"video-card\" onclick=\"openModal('https:\/\/youtu.be\/Ldk8xDCOq_o')\">\r\n          <div class=\"video-year\">2025<\/div>\r\n          <img decoding=\"async\" src=\"https:\/\/img.youtube.com\/vi\/Ldk8xDCOq_o\/0.jpg\" alt=\"Video 2025\" \/>\r\n        <\/div>\r\n      <\/div>\r\n    <\/div>\r\n\r\n  <\/div> <!-- .container -->\r\n\r\n  <!-- Modal -->\r\n  <div id=\"videoModal\" class=\"modal\">\r\n    <div class=\"modal-content\">\r\n      <span class=\"close\" onclick=\"closeModal()\">\u00d7<\/span>\r\n      <iframe id=\"videoFrame\" width=\"100%\" height=\"400\" frameborder=\"0\" allowfullscreen><\/iframe>\r\n    <\/div>\r\n  <\/div>\r\n\r\n  <script>\r\n    function openModal(videoUrl) {\r\n      document.getElementById('videoFrame').src = videoUrl;\r\n      document.getElementById('videoModal').style.display = 'block';\r\n    }\r\n    function closeModal() {\r\n      document.getElementById('videoModal').style.display = 'none';\r\n      document.getElementById('videoFrame').src = '';\r\n    }\r\n  <\/script>\r\n<\/body>\r\n<\/html>\r\n\t\t<\/div>\n\t\t\t\t<\/div>\n\t\t\t\t\t\t<\/div>\n\t\t\t\t\t<\/div>\n\t\t<\/div>\n\t\t\t\t\t\t\t\t<\/div>\n\t\t\t\t\t<\/div>\n\t\t<\/section>\n\t\t\t\t<section class=\"elementor-section elementor-top-section elementor-element elementor-element-ec2f2d7 elementor-section-boxed elementor-section-height-default elementor-section-height-default\" data-id=\"ec2f2d7\" data-element_type=\"section\">\n\t\t\t\t\t\t<div class=\"elementor-container elementor-column-gap-default\">\n\t\t\t\t\t\t\t<div class=\"elementor-row\">\n\t\t\t\t\t<div class=\"elementor-column elementor-col-100 elementor-top-column elementor-element elementor-element-b07cdd9\" data-id=\"b07cdd9\" data-element_type=\"column\">\n\t\t\t<div class=\"elementor-column-wrap\">\n\t\t\t\t\t\t\t<div class=\"elementor-widget-wrap\">\n\t\t\t\t\t\t\t\t<\/div>\n\t\t\t\t\t<\/div>\n\t\t<\/div>\n\t\t\t\t\t\t\t\t<\/div>\n\t\t\t\t\t<\/div>\n\t\t<\/section>\n\t\t\t\t\t\t\t\t\t<\/div>\n\t\t\t<\/div>\n\t\t\t\t\t<\/div>\n\t\t","protected":false},"excerpt":{"rendered":"<p>Presentaci\u00f3n dos Centros Videos por Centros BAIONA 2024 2025 BEIRAMAR 2022 2024 2025 BEMBRIVE 2022 CHAPELA 2023 2024 2025 COLMEIRO 2025 CUBA 2024 GONDOMAR 2023a 2023b 2024 LAVADORES 2025 MATAM\u00c1 2022 2025 MOS 2022 2024 O PORRI\u00d1O 2022 2024 2025 PANX\u00d3N 2024 2025 PONTEAREAS 2024 REDONDELA 2023 2024 2025 SALCEDA DE CASELAS 2025 S\u00c1RDOMA 2022 &hellip;<\/p>\n<p class=\"read-more\"> <a class=\"\" href=\"https:\/\/www.afecvigo.es\/web\/?page_id=3780\"> <span class=\"screen-reader-text\">Presentaci\u00f3n dos centros<\/span> Read More &raquo;<\/a><\/p>\n","protected":false},"author":1,"featured_media":0,"parent":0,"menu_order":0,"comment_status":"closed","ping_status":"closed","template":"elementor_header_footer","meta":{"footnotes":""},"class_list":["post-3780","page","type-page","status-publish","hentry"],"_links":{"self":[{"href":"https:\/\/www.afecvigo.es\/web\/index.php?rest_route=\/wp\/v2\/pages\/3780","targetHints":{"allow":["GET"]}}],"collection":[{"href":"https:\/\/www.afecvigo.es\/web\/index.php?rest_route=\/wp\/v2\/pages"}],"about":[{"href":"https:\/\/www.afecvigo.es\/web\/index.php?rest_route=\/wp\/v2\/types\/page"}],"author":[{"embeddable":true,"href":"https:\/\/www.afecvigo.es\/web\/index.php?rest_route=\/wp\/v2\/users\/1"}],"replies":[{"embeddable":true,"href":"https:\/\/www.afecvigo.es\/web\/index.php?rest_route=%2Fwp%2Fv2%2Fcomments&post=3780"}],"version-history":[{"count":123,"href":"https:\/\/www.afecvigo.es\/web\/index.php?rest_route=\/wp\/v2\/pages\/3780\/revisions"}],"predecessor-version":[{"id":7909,"href":"https:\/\/www.afecvigo.es\/web\/index.php?rest_route=\/wp\/v2\/pages\/3780\/revisions\/7909"}],"wp:attachment":[{"href":"https:\/\/www.afecvigo.es\/web\/index.php?rest_route=%2Fwp%2Fv2%2Fmedia&parent=3780"}],"curies":[{"name":"wp","href":"https:\/\/api.w.org\/{rel}","templated":true}]}}