{"id":3440,"date":"2022-02-17T12:53:24","date_gmt":"2022-02-17T12:53:24","guid":{"rendered":"https:\/\/www.afecvigo.es\/web\/?page_id=3440"},"modified":"2022-02-17T18:12:52","modified_gmt":"2022-02-17T18:12:52","slug":"portafolio-2","status":"publish","type":"page","link":"https:\/\/www.afecvigo.es\/web\/?page_id=3440&lang=es","title":{"rendered":"Portafolio"},"content":{"rendered":"\n<h2 class=\"wp-block-heading\">Portafolio MIR<\/h2>\n\n\n\n<ul class=\"wp-block-list\"><li>2 tareas en los tres primeros a\u00f1os.<\/li><li>3 tareas en el cuarto a\u00f1o.<\/li><\/ul>\n\n\n<div class=\"su-table su-table-alternate\">\n<table id=\"color-table\">\n<tbody>\n<tr>\n<th rowspan=\"2\">Primer a\u00f1o<\/th>\n<th>Manejo cl\u00ednico<\/th>\n<th>Docencia<\/th>\n<th>Atenci\u00f3n Comunitaria<\/th>\n<\/tr>\n<tr>\n<td>3 incidentes cr\u00edticos<\/td>\n<td>Impartir una sesi\u00f3n cl\u00ednica<\/td>\n<td>Hacer el diagn\u00f3stico de salud del cupo<\/td>\n<\/tr>\n<tr>\n<th rowspan=\"2\">Segundo a\u00f1o<\/th>\n<th>Comunicaci\u00f3n<\/th>\n<th>Investigaci\u00f3n<\/th>\n<th><\/th>\n<\/tr>\n<tr>\n<td>Videograbaci\u00f3n de 5 entrevistas cl\u00ednicas<\/td>\n<td>Desarrollo de una pregunta cl\u00ednica seg\u00fan MBE<\/td>\n<td><\/td>\n<\/tr>\n<tr>\n<th rowspan=\"2\">Tercer a\u00f1o<\/th>\n<th>Manejo cl\u00ednico<\/th>\n<th>Atenci\u00f3n familiar<\/th>\n<th><\/th>\n<\/tr>\n<tr>\n<td>Relizar 5 Genogramas<\/td>\n<td>Hacer el dise\u00f1o de un proyecto de investigaci\u00f3n<\/td>\n<td><\/td>\n<\/tr>\n<tr>\n<th rowspan=\"2\">Cuarto a\u00f1o<\/th>\n<th>Manejo cl\u00ednico<\/th>\n<th>Bio\u00e9tica<\/th>\n<th>Investigaci\u00f3n<\/th>\n<\/tr>\n<tr>\n<td>Realizar un Self audit.<\/td>\n<td>2 incidentes cr\u00edticos<\/td>\n<td>Realizar una Publicaci\u00f3n o comunicaci\u00f3n<\/td>\n<\/tr>\n<\/tbody>\n<\/table>\n<\/div>\n\n\n\n<h2 class=\"wp-block-heading\">Portafolio EIR<\/h2>\n\n\n\n<p><li>3 tareas en cada a\u00f1o.<\/li><\/p>\n\n\n<div class=\"su-table su-table-alternate\">\n<table id=\"color-table\">\n<tbody>\n<tr>\n<th rowspan=\"2\">Primer a\u00f1o<\/th>\n<th>Manejo cl\u00ednico<\/th>\n<th>Docencia<\/th>\n<th>Atenci\u00f3n Comunitaria<\/th>\n<th>Atenci\u00f3n familiar<\/th>\n<th>Investigaci\u00f3n<\/th>\n<\/tr>\n<tr>\n<td>3 incidentes cr\u00edticos<\/td>\n<td>Impartir una sesi\u00f3n cl\u00ednica<\/td>\n<td>Hacer el diagn\u00f3stico de salud del cupo<\/td>\n<td>Realizar 5 Genogramas<\/td>\n<td>Dise\u00f1ar proyecto de investigaci\u00f3n<\/td>\n<\/tr>\n<tr>\n<th rowspan=\"2\">Segundo a\u00f1o<\/th>\n<th>Comunicaci\u00f3n<\/th>\n<th>Investigaci\u00f3n<\/th>\n<th>Atenci\u00f3n comunitaria<\/th>\n<th>Bio\u00e9tica<\/th>\n<th>Investigaci\u00f3n<\/th>\n<\/tr>\n<tr>\n<td>Videograbaci\u00f3n de 5 entrevistas cl\u00ednicas<\/td>\n<td>Desarrollo de una pregunta cl\u00ednica seg\u00fan EBE<\/td>\n<td>Realizar una actividad de educaci\u00f3n grupal<\/td>\n<td>2 incidentes cr\u00edticos<\/td>\n<td>Publicaci\u00f3n y\/o comunicaci\u00f3n<\/td>\n<\/tr>\n<\/tbody>\n<\/table>\n<\/div>\n","protected":false},"excerpt":{"rendered":"<p>Portafolio MIR 2 tareas en los tres primeros a\u00f1os. 3 tareas en el cuarto a\u00f1o. Portafolio EIR 3 tareas en cada a\u00f1o.<\/p>\n","protected":false},"author":1,"featured_media":0,"parent":0,"menu_order":0,"comment_status":"closed","ping_status":"closed","template":"","meta":{"footnotes":""},"class_list":["post-3440","page","type-page","status-publish","hentry"],"_links":{"self":[{"href":"https:\/\/www.afecvigo.es\/web\/index.php?rest_route=\/wp\/v2\/pages\/3440","targetHints":{"allow":["GET"]}}],"collection":[{"href":"https:\/\/www.afecvigo.es\/web\/index.php?rest_route=\/wp\/v2\/pages"}],"about":[{"href":"https:\/\/www.afecvigo.es\/web\/index.php?rest_route=\/wp\/v2\/types\/page"}],"author":[{"embeddable":true,"href":"https:\/\/www.afecvigo.es\/web\/index.php?rest_route=\/wp\/v2\/users\/1"}],"replies":[{"embeddable":true,"href":"https:\/\/www.afecvigo.es\/web\/index.php?rest_route=%2Fwp%2Fv2%2Fcomments&post=3440"}],"version-history":[{"count":2,"href":"https:\/\/www.afecvigo.es\/web\/index.php?rest_route=\/wp\/v2\/pages\/3440\/revisions"}],"predecessor-version":[{"id":3510,"href":"https:\/\/www.afecvigo.es\/web\/index.php?rest_route=\/wp\/v2\/pages\/3440\/revisions\/3510"}],"wp:attachment":[{"href":"https:\/\/www.afecvigo.es\/web\/index.php?rest_route=%2Fwp%2Fv2%2Fmedia&parent=3440"}],"curies":[{"name":"wp","href":"https:\/\/api.w.org\/{rel}","templated":true}]}}