{"id":3433,"date":"2022-02-17T12:52:02","date_gmt":"2022-02-17T12:52:02","guid":{"rendered":"https:\/\/www.afecvigo.es\/web\/?page_id=3433"},"modified":"2025-04-16T12:30:38","modified_gmt":"2025-04-16T12:30:38","slug":"plan-de-formacion-2","status":"publish","type":"page","link":"https:\/\/www.afecvigo.es\/web\/?page_id=3433&lang=es","title":{"rendered":"Rotaciones"},"content":{"rendered":"\t\t<div data-elementor-type=\"wp-page\" data-elementor-id=\"3433\" class=\"elementor elementor-3433\">\n\t\t\t\t\t\t<div class=\"elementor-inner\">\n\t\t\t\t<div class=\"elementor-section-wrap\">\n\t\t\t\t\t\t\t\t\t<section class=\"elementor-section elementor-top-section elementor-element elementor-element-8b0aa93 elementor-section-boxed elementor-section-height-default elementor-section-height-default\" data-id=\"8b0aa93\" data-element_type=\"section\">\n\t\t\t\t\t\t<div class=\"elementor-container elementor-column-gap-default\">\n\t\t\t\t\t\t\t<div class=\"elementor-row\">\n\t\t\t\t\t<div class=\"elementor-column elementor-col-100 elementor-top-column elementor-element elementor-element-123f6d58\" data-id=\"123f6d58\" data-element_type=\"column\">\n\t\t\t<div class=\"elementor-column-wrap elementor-element-populated\">\n\t\t\t\t\t\t\t<div class=\"elementor-widget-wrap\">\n\t\t\t\t\t\t<div class=\"elementor-element elementor-element-747a613e elementor-widget elementor-widget-text-editor\" data-id=\"747a613e\" data-element_type=\"widget\" data-widget_type=\"text-editor.default\">\n\t\t\t\t<div class=\"elementor-widget-container\">\n\t\t\t\t\t\t\t\t<div class=\"elementor-text-editor elementor-clearfix\">\n\t\t\t\t<!-- wp:heading -->\n<h2>Rotaciones EIR<\/h2>\n<!-- \/wp:heading -->\n\n<!-- wp:shortcode -->\n<div class=\"su-table su-table-alternate\">\n<!-- \/wp:shortcode -->\n\n<!-- wp:table -->\n<figure id=\"color-table\" class=\"wp-block-table\"><table><tbody><tr><td>&nbsp;<\/td><th>EIR 1<\/th><th>&nbsp;<strong>EIR2<\/strong><\/th><th><\/th><\/tr><tr><th>1 mes<\/th><td>Educaci\u00f3n Diabetol\u00f3xica<\/td><td>15 d\u00edas<\/td><td>Salud P\u00fablica<\/td><\/tr><tr><th>15 d\u00edas<\/th><td>HADO<\/td><td>10,5 meses<\/td><td>Centro Salud<\/td><\/tr><tr><th>15 d\u00edas<\/th><td>Coidados Paliativos<\/td><td>&nbsp;<\/td><td>&nbsp;<\/td><\/tr><tr><th>15 d\u00edas<\/th><td>Urxencias Pedi\u00e1tricas<\/td><td>&nbsp;<\/td><td>&nbsp;<\/td><\/tr><tr><th>15 d\u00edas<\/th><td>Urxencias Adultos<\/td><td>&nbsp;<\/td><td>&nbsp;<\/td><\/tr><tr><th>7 d\u00edas<\/th><td>Dixestivo (EII)<\/td><td>&nbsp;<\/td><td>&nbsp;<\/td><\/tr><tr><th>7 d\u00edas<\/th><td>Cardiolox\u00eda<\/td><td>&nbsp;<\/td><td>&nbsp;<\/td><\/tr><tr><th>7 d\u00edas<\/th><td>Pneumolox\u00eda<\/td><td>&nbsp;<\/td><td>&nbsp;<\/td><\/tr><tr><th>7 d\u00edas<\/th><td>Paliativos<\/td><td>&nbsp;<\/td><td>&nbsp;<\/td><\/tr><tr><th>7 d\u00edas<\/th><td>Dixestivo<\/td><td>&nbsp;<\/td><td>&nbsp;<\/td><\/tr><tr><th>7 d\u00edas<\/th><td>Insuficiencia Card\u00edaca<\/td><td>&nbsp;<\/td><td>&nbsp;<\/td><\/tr><tr><th>7,5 meses<\/th><td>Centro de Salud<\/td><td>&nbsp;<\/td><td>&nbsp;<\/td><\/tr><\/tbody><\/table><\/figure>\n<!-- \/wp:table -->\n\n<!-- wp:more -->\n<\/div><\/div><\/div><\/div><\/div><\/div><\/div><\/div><\/div><\/section><\/div><\/div><\/div> &hellip;<p class=\"ast-the-content-more-link\"> <a class=\"\" href=\"https:\/\/www.afecvigo.es\/web\/?page_id=3433&#038;lang=es\"> <span class=\"screen-reader-text\">Rotaciones<\/span>Read More &raquo;<\/a><\/p>","protected":false},"excerpt":{"rendered":"<p>Rotaciones EIR &nbsp; EIR 1 &nbsp;EIR2 1 mes Educaci\u00f3n Diabetol\u00f3xica 15 d\u00edas Salud P\u00fablica 15 d\u00edas HADO 10,5 meses Centro Salud 15 d\u00edas Coidados Paliativos &nbsp; &nbsp; 15 d\u00edas Urxencias Pedi\u00e1tricas &nbsp; &nbsp; 15 d\u00edas Urxencias Adultos &nbsp; &nbsp; 7 d\u00edas Dixestivo (EII) &nbsp; &nbsp; 7 d\u00edas Cardiolox\u00eda &nbsp; &nbsp; 7 d\u00edas Pneumolox\u00eda &nbsp; &nbsp; &hellip;<\/p>\n<p class=\"read-more\"> <a class=\"\" href=\"https:\/\/www.afecvigo.es\/web\/?page_id=3433&#038;lang=es\"> <span class=\"screen-reader-text\">Rotaciones<\/span> Read More &raquo;<\/a><\/p>\n","protected":false},"author":1,"featured_media":0,"parent":0,"menu_order":0,"comment_status":"closed","ping_status":"closed","template":"elementor_header_footer","meta":{"footnotes":""},"class_list":["post-3433","page","type-page","status-publish","hentry"],"_links":{"self":[{"href":"https:\/\/www.afecvigo.es\/web\/index.php?rest_route=\/wp\/v2\/pages\/3433","targetHints":{"allow":["GET"]}}],"collection":[{"href":"https:\/\/www.afecvigo.es\/web\/index.php?rest_route=\/wp\/v2\/pages"}],"about":[{"href":"https:\/\/www.afecvigo.es\/web\/index.php?rest_route=\/wp\/v2\/types\/page"}],"author":[{"embeddable":true,"href":"https:\/\/www.afecvigo.es\/web\/index.php?rest_route=\/wp\/v2\/users\/1"}],"replies":[{"embeddable":true,"href":"https:\/\/www.afecvigo.es\/web\/index.php?rest_route=%2Fwp%2Fv2%2Fcomments&post=3433"}],"version-history":[{"count":6,"href":"https:\/\/www.afecvigo.es\/web\/index.php?rest_route=\/wp\/v2\/pages\/3433\/revisions"}],"predecessor-version":[{"id":7584,"href":"https:\/\/www.afecvigo.es\/web\/index.php?rest_route=\/wp\/v2\/pages\/3433\/revisions\/7584"}],"wp:attachment":[{"href":"https:\/\/www.afecvigo.es\/web\/index.php?rest_route=%2Fwp%2Fv2%2Fmedia&parent=3433"}],"curies":[{"name":"wp","href":"https:\/\/api.w.org\/{rel}","templated":true}]}}