{"id":3425,"date":"2022-02-17T12:50:56","date_gmt":"2022-02-17T12:50:56","guid":{"rendered":"https:\/\/www.afecvigo.es\/web\/?page_id=3425"},"modified":"2022-11-04T15:56:09","modified_gmt":"2022-11-04T15:56:09","slug":"permisos-y-vacaciones-2","status":"publish","type":"page","link":"https:\/\/www.afecvigo.es\/web\/?page_id=3425&lang=es","title":{"rendered":"Permisos y vacaciones"},"content":{"rendered":"\t\t<div data-elementor-type=\"wp-page\" data-elementor-id=\"3425\" class=\"elementor elementor-3425\">\n\t\t\t\t\t\t<div class=\"elementor-inner\">\n\t\t\t\t<div class=\"elementor-section-wrap\">\n\t\t\t\t\t\t\t\t\t<section class=\"elementor-section elementor-top-section elementor-element elementor-element-efeb3e1 elementor-section-boxed elementor-section-height-default elementor-section-height-default\" data-id=\"efeb3e1\" data-element_type=\"section\">\n\t\t\t\t\t\t<div class=\"elementor-container elementor-column-gap-default\">\n\t\t\t\t\t\t\t<div class=\"elementor-row\">\n\t\t\t\t\t<div class=\"elementor-column elementor-col-100 elementor-top-column elementor-element elementor-element-eb4187f\" data-id=\"eb4187f\" data-element_type=\"column\">\n\t\t\t<div class=\"elementor-column-wrap elementor-element-populated\">\n\t\t\t\t\t\t\t<div class=\"elementor-widget-wrap\">\n\t\t\t\t\t\t<div class=\"elementor-element elementor-element-eb2c440 elementor-widget elementor-widget-text-editor\" data-id=\"eb2c440\" data-element_type=\"widget\" data-settings=\"{&quot;_animation&quot;:&quot;none&quot;}\" data-widget_type=\"text-editor.default\">\n\t\t\t\t<div class=\"elementor-widget-container\">\n\t\t\t\t\t\t\t\t<div class=\"elementor-text-editor elementor-clearfix\">\n\t\t\t\t<!-- wp:paragraph -->\n<p>A los efectos de una adecuada planificaci\u00f3n de los d\u00edas de vacaciones y permisos de los residentes dependientes de esta Unidad Docente Multiprofesional, se ponen en conocimiento las siguientes instrucciones:<\/p>\n<!-- \/wp:paragraph --><!-- wp:heading -->\n<h2>Impresos<\/h2>\n<!-- \/wp:heading --><!-- wp:list -->\n<ul>\n<li>Todas las solicitudes se har\u00e1n a trav\u00e9s de<strong> <mark class=\"has-inline-color has-luminous-vivid-amber-color\" style=\"background-color: rgba(0, 0, 0, 0);\"><a href=\"https:\/\/www.afecvigo.es\/web\/wp-content\/uploads\/2022\/10\/Tutorial_Solicitude-de-permisos.pdf\" target=\"_blank\" rel=\"noreferrer noopener\" data-type=\"URL\" data-id=\"https:\/\/www.afecvigo.es\/web\/wp-content\/uploads\/2022\/10\/Tutorial_Solicitude-de-permisos.pdf\">FIDES<\/a><\/mark><\/strong><a href=\"https:\/\/www.afecvigo.es\/web\/wp-content\/uploads\/2022\/10\/Tutorial_Solicitude-de-permisos.pdf\"><mark class=\"has-inline-color has-luminous-vivid-amber-color\" style=\"background-color: rgba(0, 0, 0, 0);\">,<\/mark><\/a> posteriormente se imprimir\u00e1 la solicitud para firmar por el tutor de la rotaci\u00f3n y\/o tutor del residente y el interesado, antes de enviarlo a la Unidad Docente Multiprofesional donde se autorizar\u00e1 por el Jefe de Estudios.<\/li>\n<li>D\u00edas de formaci\u00f3n: Se solicitar\u00e1n a trav\u00e9s de FIDES, se imprimir\u00e1 y firmar\u00e1 por el tutor de la rotaci\u00f3n, adem\u00e1s se cubrir\u00e1 el informe que justifique los motivos de la solicitud firmado por el tutor.<\/li>\n<\/ul>\n<!-- \/wp:list --><!-- wp:heading -->\n<h2>Vacaciones<\/h2>\n<!-- \/wp:heading --><!-- wp:list -->\n<ul>\n<li>Es recomendable hacer coincidir las vacaciones con el tutor del C. de salud en el caso de los R1.<\/li>\n<li>Desde el 1 de Julio al 30 de septiembre (Se disfrutar\u00e1n meses enteros o fraccionados en quincenas (del 1 al 15 y del 16 al 30 \u00f3 del 17 al 31).<\/li>\n<li>Fuera de estos meses se podr\u00e1 solicitar per\u00edodos de duraci\u00f3n inferior a 15 d\u00edas pero nunca inferiores a la semana natural. Con el fin de procurar un \u00f3ptimo cumplimiento delos requisitos formativos, no se autorizar\u00e1n permisos coincidiendo con la celebraci\u00f3n de cursos del Programa Complementario que son de obligatorio cumplimiento.<\/li>\n<li>Las anulaciones de vacaciones ya concedidas se comunicar\u00e1n y autorizar\u00e1n previo a su disfrute.<\/li>\n<li>Las solicitudes deber\u00e1n presentarse en la Unidad Docente Multiprofesional con una antelaci\u00f3n m\u00ednima de 20 d\u00edas.<\/li>\n<\/ul>\n<!-- \/wp:list --><!-- wp:heading -->\n<h2>D\u00edas de libre disposici\u00f3n<\/h2>\n<!-- \/wp:heading --><!-- wp:list -->\n<ul>\n<li>Se dispone de 6LD.<\/li>\n<li>Pueden ser disfrutados hasta el 15 de enero del siguiente a\u00f1o.<\/li>\n<li>No podr\u00e1n unirse a las vacaciones<\/li>\n<li>Deben presentarse en la Unidad Docente Multiprofesional con 10 d\u00edas de antelaci\u00f3n.<\/li>\n<\/ul>\n<!-- \/wp:list -->\t\t\t\t\t<\/div>\n\t\t\t\t\t\t<\/div>\n\t\t\t\t<\/div>\n\t\t\t\t\t\t<\/div>\n\t\t\t\t\t<\/div>\n\t\t<\/div>\n\t\t\t\t\t\t\t\t<\/div>\n\t\t\t\t\t<\/div>\n\t\t<\/section>\n\t\t\t\t\t\t\t\t\t<\/div>\n\t\t\t<\/div>\n\t\t\t\t\t<\/div>\n\t\t","protected":false},"excerpt":{"rendered":"<p>A los efectos de una adecuada planificaci\u00f3n de los d\u00edas de vacaciones y permisos de los residentes dependientes de esta Unidad Docente Multiprofesional, se ponen en conocimiento las siguientes instrucciones: Impresos Todas las solicitudes se har\u00e1n a trav\u00e9s de FIDES, posteriormente se imprimir\u00e1 la solicitud para firmar por el tutor de la rotaci\u00f3n y\/o tutor &hellip;<\/p>\n<p class=\"read-more\"> <a class=\"\" href=\"https:\/\/www.afecvigo.es\/web\/?page_id=3425&#038;lang=es\"> <span class=\"screen-reader-text\">Permisos y vacaciones<\/span> Read More &raquo;<\/a><\/p>\n","protected":false},"author":1,"featured_media":1998,"parent":0,"menu_order":0,"comment_status":"closed","ping_status":"closed","template":"","meta":{"footnotes":""},"class_list":["post-3425","page","type-page","status-publish","has-post-thumbnail","hentry"],"_links":{"self":[{"href":"https:\/\/www.afecvigo.es\/web\/index.php?rest_route=\/wp\/v2\/pages\/3425","targetHints":{"allow":["GET"]}}],"collection":[{"href":"https:\/\/www.afecvigo.es\/web\/index.php?rest_route=\/wp\/v2\/pages"}],"about":[{"href":"https:\/\/www.afecvigo.es\/web\/index.php?rest_route=\/wp\/v2\/types\/page"}],"author":[{"embeddable":true,"href":"https:\/\/www.afecvigo.es\/web\/index.php?rest_route=\/wp\/v2\/users\/1"}],"replies":[{"embeddable":true,"href":"https:\/\/www.afecvigo.es\/web\/index.php?rest_route=%2Fwp%2Fv2%2Fcomments&post=3425"}],"version-history":[{"count":15,"href":"https:\/\/www.afecvigo.es\/web\/index.php?rest_route=\/wp\/v2\/pages\/3425\/revisions"}],"predecessor-version":[{"id":5284,"href":"https:\/\/www.afecvigo.es\/web\/index.php?rest_route=\/wp\/v2\/pages\/3425\/revisions\/5284"}],"wp:featuredmedia":[{"embeddable":true,"href":"https:\/\/www.afecvigo.es\/web\/index.php?rest_route=\/wp\/v2\/media\/1998"}],"wp:attachment":[{"href":"https:\/\/www.afecvigo.es\/web\/index.php?rest_route=%2Fwp%2Fv2%2Fmedia&parent=3425"}],"curies":[{"name":"wp","href":"https:\/\/api.w.org\/{rel}","templated":true}]}}