{"id":3424,"date":"2022-02-17T12:50:58","date_gmt":"2022-02-17T12:50:58","guid":{"rendered":"https:\/\/www.afecvigo.es\/web\/?page_id=3424"},"modified":"2025-04-16T12:31:32","modified_gmt":"2025-04-16T12:31:32","slug":"objetivos-a-adquirir-2","status":"publish","type":"page","link":"https:\/\/www.afecvigo.es\/web\/?page_id=3424&lang=es","title":{"rendered":"Objetivos a adquirir"},"content":{"rendered":"\t\t<div data-elementor-type=\"wp-page\" data-elementor-id=\"3424\" class=\"elementor elementor-3424\">\n\t\t\t\t\t\t<div class=\"elementor-inner\">\n\t\t\t\t<div class=\"elementor-section-wrap\">\n\t\t\t\t\t\t\t\t\t<section class=\"elementor-section elementor-top-section elementor-element elementor-element-50df4729 elementor-section-boxed elementor-section-height-default elementor-section-height-default\" data-id=\"50df4729\" data-element_type=\"section\">\n\t\t\t\t\t\t<div class=\"elementor-container elementor-column-gap-default\">\n\t\t\t\t\t\t\t<div class=\"elementor-row\">\n\t\t\t\t\t<div class=\"elementor-column elementor-col-100 elementor-top-column elementor-element elementor-element-1f7304ae\" data-id=\"1f7304ae\" data-element_type=\"column\">\n\t\t\t<div class=\"elementor-column-wrap elementor-element-populated\">\n\t\t\t\t\t\t\t<div class=\"elementor-widget-wrap\">\n\t\t\t\t\t\t<div class=\"elementor-element elementor-element-1b383e1b elementor-widget elementor-widget-text-editor\" data-id=\"1b383e1b\" data-element_type=\"widget\" data-widget_type=\"text-editor.default\">\n\t\t\t\t<div class=\"elementor-widget-container\">\n\t\t\t\t\t\t\t\t<div class=\"elementor-text-editor elementor-clearfix\">\n\t\t\t\t<!-- wp:heading -->\n<h2>MIR1<\/h2>\n<!-- \/wp:heading --><!-- wp:columns {\"verticalAlignment\":\"center\"} -->\n<div class=\"wp-block-columns are-vertically-aligned-center\"><!-- wp:column {\"verticalAlignment\":\"center\"} -->\n<div class=\"wp-block-column is-vertically-aligned-center\"><!-- wp:paragraph {\"align\":\"right\"} -->\n<p class=\"has-text-align-right\">Centro de salud<\/p>\n<!-- \/wp:paragraph --><!-- wp:paragraph {\"align\":\"right\"} -->\n<p class=\"has-text-align-right\">Medicina Interna<\/p>\n<!-- \/wp:paragraph --><!-- wp:paragraph {\"align\":\"right\"} -->\n<p class=\"has-text-align-right\">Geriatr\u00eda<\/p>\n<!-- \/wp:paragraph --><\/div>\n<!-- \/wp:column --><!-- wp:column {\"verticalAlignment\":\"center\"} -->\n<div class=\"wp-block-column is-vertically-aligned-center\"><!-- wp:file {\"id\":1947,\"href\":\"https:\/\/www.afecvigo.es\/web\/wp-content\/uploads\/2021\/07\/9.0.1.Autoevaluacion-Centro-de-Salud-Primer-Ano.doc\"} -->\n<div class=\"wp-block-file\"><a id=\"wp-block-file--media-b52d7d26-858a-47bd-8274-ed9d0043566e\" href=\"https:\/\/www.afecvigo.es\/web\/wp-content\/uploads\/2021\/07\/9.0.1.Autoevaluacion-Centro-de-Salud-Primer-Ano.doc\">9.0.1.Autoevaluacion-Centro-de-Salud-Primer-Ano<\/a><a class=\"wp-block-file__button\" href=\"https:\/\/www.afecvigo.es\/web\/wp-content\/uploads\/2021\/07\/9.0.1.Autoevaluacion-Centro-de-Salud-Primer-Ano.doc\" download=\"\" aria-describedby=\"wp-block-file--media-b52d7d26-858a-47bd-8274-ed9d0043566e\">Descarga<\/a><\/div>\n<!-- \/wp:file --><!-- wp:file {\"id\":1958,\"href\":\"https:\/\/www.afecvigo.es\/web\/wp-content\/uploads\/2021\/07\/9.0.2.Autoevaluacion-Medicina-Interna-1.doc\"} -->\n<div class=\"wp-block-file\"><a id=\"wp-block-file--media-ed3b3333-b088-4336-9ab8-8d80e1113f15\" href=\"https:\/\/www.afecvigo.es\/web\/wp-content\/uploads\/2021\/07\/9.0.2.Autoevaluacion-Medicina-Interna-1.doc\">9.0.2.Autoevaluacion-Medicina-Interna-1<\/a><a class=\"wp-block-file__button\" href=\"https:\/\/www.afecvigo.es\/web\/wp-content\/uploads\/2021\/07\/9.0.2.Autoevaluacion-Medicina-Interna-1.doc\" download=\"\" aria-describedby=\"wp-block-file--media-ed3b3333-b088-4336-9ab8-8d80e1113f15\">Descarga<\/a><\/div>\n<!-- \/wp:file --><!-- wp:file {\"id\":1959,\"href\":\"https:\/\/www.afecvigo.es\/web\/wp-content\/uploads\/2021\/07\/9.2.6.-Autoevaluacion-Geriatria-1.doc\"} -->\n<div class=\"wp-block-file\"><a id=\"wp-block-file--media-634ca02c-ad5b-4523-a018-6791fc582eb4\" href=\"https:\/\/www.afecvigo.es\/web\/wp-content\/uploads\/2021\/07\/9.2.6.-Autoevaluacion-Geriatria-1.doc\">9.2.6.-Autoevaluacion-Geriatria-1<\/a><a class=\"wp-block-file__button\" href=\"https:\/\/www.afecvigo.es\/web\/wp-content\/uploads\/2021\/07\/9.2.6.-Autoevaluacion-Geriatria-1.doc\" download=\"\" aria-describedby=\"wp-block-file--media-634ca02c-ad5b-4523-a018-6791fc582eb4\">Descarga<\/a><\/div>\n<!-- \/wp:file --><\/div>\n<!-- \/wp:column --><\/div>\n<!-- \/wp:columns --><!-- wp:heading -->\n<h2>MIR2<\/h2>\n<!-- \/wp:heading --><!-- wp:columns {\"verticalAlignment\":\"center\"} -->\n<div class=\"wp-block-columns are-vertically-aligned-center\"><!-- wp:column {\"verticalAlignment\":\"center\"} -->\n<div class=\"wp-block-column is-vertically-aligned-center\"><!-- wp:paragraph {\"align\":\"right\"} -->\n<p class=\"has-text-align-right\">Centro de salud rural<\/p>\n<!-- \/wp:paragraph --><!-- wp:paragraph {\"align\":\"right\"} -->\n<p class=\"has-text-align-right\">Cardiolog\u00eda<\/p>\n<!-- \/wp:paragraph --><!-- wp:paragraph {\"align\":\"right\"} -->\n<p class=\"has-text-align-right\">Neumolog\u00eda<\/p>\n<!-- \/wp:paragraph --><!-- wp:paragraph {\"align\":\"right\"} -->\n<p class=\"has-text-align-right\">Endocrinolog\u00eda<\/p>\n<!-- \/wp:paragraph --><!-- wp:paragraph {\"align\":\"right\"} -->\n<p class=\"has-text-align-right\">Neurolog\u00eda<\/p>\n<!-- \/wp:paragraph --><!-- wp:paragraph {\"align\":\"right\"} -->\n<p class=\"has-text-align-right\">Dermatolog\u00eda<\/p>\n<!-- \/wp:paragraph --><!-- wp:paragraph {\"align\":\"right\"} -->\n<p class=\"has-text-align-right\">Reumatolog\u00eda<\/p>\n<!-- \/wp:paragraph --><!-- wp:paragraph {\"align\":\"right\"} -->\n<p class=\"has-text-align-right\">ORL<\/p>\n<!-- \/wp:paragraph --><!-- wp:paragraph {\"align\":\"right\"} -->\n<p class=\"has-text-align-right\">Pruebas de los ojos<\/p>\n<!-- \/wp:paragraph --><\/div>\n<!-- \/wp:column --><!-- wp:column {\"verticalAlignment\":\"center\"} -->\n<div class=\"wp-block-column is-vertically-aligned-center\"><!-- wp:file {\"id\":1960,\"href\":\"https:\/\/www.afecvigo.es\/web\/wp-content\/uploads\/2021\/07\/9.0.3.Autoevaluacion-Centro-de-Salud-Rural.doc\"} -->\n<div class=\"wp-block-file\"><a id=\"wp-block-file--media-dbbbd3ab-96e9-404c-99a0-caa90333427f\" href=\"https:\/\/www.afecvigo.es\/web\/wp-content\/uploads\/2021\/07\/9.0.3.Autoevaluacion-Centro-de-Salud-Rural.doc\">9.0.3.Autoevaluacion-Centro-de-Salud-Rural<\/a><a class=\"wp-block-file__button\" href=\"https:\/\/www.afecvigo.es\/web\/wp-content\/uploads\/2021\/07\/9.0.3.Autoevaluacion-Centro-de-Salud-Rural.doc\" download=\"\" aria-describedby=\"wp-block-file--media-dbbbd3ab-96e9-404c-99a0-caa90333427f\">Descarga<\/a><\/div>\n<!-- \/wp:file --><!-- wp:file {\"id\":1961,\"href\":\"https:\/\/www.afecvigo.es\/web\/wp-content\/uploads\/2021\/07\/9.1.1.-Autoevaluacion-Cardiologia.doc\"} -->\n<div class=\"wp-block-file\"><a id=\"wp-block-file--media-3c91ad17-c448-44be-9dda-ce7a5b9b4ed2\" href=\"https:\/\/www.afecvigo.es\/web\/wp-content\/uploads\/2021\/07\/9.1.1.-Autoevaluacion-Cardiologia.doc\">9.1.1.-Autoevaluacion-Cardiologia<\/a><a class=\"wp-block-file__button\" href=\"https:\/\/www.afecvigo.es\/web\/wp-content\/uploads\/2021\/07\/9.1.1.-Autoevaluacion-Cardiologia.doc\" download=\"\" aria-describedby=\"wp-block-file--media-3c91ad17-c448-44be-9dda-ce7a5b9b4ed2\">Descarga<\/a><\/div>\n<!-- \/wp:file --><!-- wp:file {\"id\":1962,\"href\":\"https:\/\/www.afecvigo.es\/web\/wp-content\/uploads\/2021\/07\/9.1.2.-Autoevaluacion-Neumologia.doc\"} -->\n<div class=\"wp-block-file\"><a id=\"wp-block-file--media-f11e24dd-20ba-4e2d-8ce3-026de7a5be05\" href=\"https:\/\/www.afecvigo.es\/web\/wp-content\/uploads\/2021\/07\/9.1.2.-Autoevaluacion-Neumologia.doc\">9.1.2.-Autoevaluacion-Neumologia<\/a><a class=\"wp-block-file__button\" href=\"https:\/\/www.afecvigo.es\/web\/wp-content\/uploads\/2021\/07\/9.1.2.-Autoevaluacion-Neumologia.doc\" download=\"\" aria-describedby=\"wp-block-file--media-f11e24dd-20ba-4e2d-8ce3-026de7a5be05\">Descarga<\/a><\/div>\n<!-- \/wp:file --><!-- wp:file {\"id\":1963,\"href\":\"https:\/\/www.afecvigo.es\/web\/wp-content\/uploads\/2021\/07\/9.1.5.-Autovaloracion-Endocrinologia.doc\"} -->\n<div class=\"wp-block-file\"><a id=\"wp-block-file--media-540596d3-5952-4c43-8f5d-47e1014b574d\" href=\"https:\/\/www.afecvigo.es\/web\/wp-content\/uploads\/2021\/07\/9.1.5.-Autovaloracion-Endocrinologia.doc\">9.1.5.-Autovaloracion-Endocrinologia<\/a><a class=\"wp-block-file__button\" href=\"https:\/\/www.afecvigo.es\/web\/wp-content\/uploads\/2021\/07\/9.1.5.-Autovaloracion-Endocrinologia.doc\" download=\"\" aria-describedby=\"wp-block-file--media-540596d3-5952-4c43-8f5d-47e1014b574d\">Descarga<\/a><\/div>\n<!-- \/wp:file --><!-- wp:file {\"id\":1964,\"href\":\"https:\/\/www.afecvigo.es\/web\/wp-content\/uploads\/2021\/07\/9.1.7.-Autoevaluacion-Neurologia.doc\"} -->\n<div class=\"wp-block-file\"><a id=\"wp-block-file--media-4f5686cc-5790-4374-963b-43ba763dac7c\" href=\"https:\/\/www.afecvigo.es\/web\/wp-content\/uploads\/2021\/07\/9.1.7.-Autoevaluacion-Neurologia.doc\">9.1.7.-Autoevaluacion-Neurologia<\/a><a class=\"wp-block-file__button\" href=\"https:\/\/www.afecvigo.es\/web\/wp-content\/uploads\/2021\/07\/9.1.7.-Autoevaluacion-Neurologia.doc\" download=\"\" aria-describedby=\"wp-block-file--media-4f5686cc-5790-4374-963b-43ba763dac7c\">Descarga<\/a><\/div>\n<!-- \/wp:file --><!-- wp:file {\"id\":1965,\"href\":\"https:\/\/www.afecvigo.es\/web\/wp-content\/uploads\/2021\/07\/9.1.9.-Autoevaluacion-Dematologia.doc\"} -->\n<div class=\"wp-block-file\"><a id=\"wp-block-file--media-f1405cd3-27f0-49f7-9fd3-47838d34fe97\" href=\"https:\/\/www.afecvigo.es\/web\/wp-content\/uploads\/2021\/07\/9.1.9.-Autoevaluacion-Dematologia.doc\">9.1.9.-Autoevaluacion-Dematologia<\/a><a class=\"wp-block-file__button\" href=\"https:\/\/www.afecvigo.es\/web\/wp-content\/uploads\/2021\/07\/9.1.9.-Autoevaluacion-Dematologia.doc\" download=\"\" aria-describedby=\"wp-block-file--media-f1405cd3-27f0-49f7-9fd3-47838d34fe97\">Descarga<\/a><\/div>\n<!-- \/wp:file --><!-- wp:file {\"id\":1966,\"href\":\"https:\/\/www.afecvigo.es\/web\/wp-content\/uploads\/2021\/07\/9.1.12.-Autoevaluacion-Reumatologia.doc\"} -->\n<div class=\"wp-block-file\"><a id=\"wp-block-file--media-1a33cd69-78c7-40a1-b0b1-9a5ad40fef32\" href=\"https:\/\/www.afecvigo.es\/web\/wp-content\/uploads\/2021\/07\/9.1.12.-Autoevaluacion-Reumatologia.doc\">9.1.12.-Autoevaluacion-Reumatologia<\/a><a class=\"wp-block-file__button\" href=\"https:\/\/www.afecvigo.es\/web\/wp-content\/uploads\/2021\/07\/9.1.12.-Autoevaluacion-Reumatologia.doc\" download=\"\" aria-describedby=\"wp-block-file--media-1a33cd69-78c7-40a1-b0b1-9a5ad40fef32\">Descarga<\/a><\/div>\n<!-- \/wp:file --><!-- wp:file {\"id\":1967,\"href\":\"https:\/\/www.afecvigo.es\/web\/wp-content\/uploads\/2021\/07\/9.1.13.-Autoevaluacion-ORL.doc\"} -->\n<div class=\"wp-block-file\"><a id=\"wp-block-file--media-50151835-2802-4c47-bfa3-2344a243e7dc\" href=\"https:\/\/www.afecvigo.es\/web\/wp-content\/uploads\/2021\/07\/9.1.13.-Autoevaluacion-ORL.doc\">9.1.13.-Autoevaluacion-ORL<\/a><a class=\"wp-block-file__button\" href=\"https:\/\/www.afecvigo.es\/web\/wp-content\/uploads\/2021\/07\/9.1.13.-Autoevaluacion-ORL.doc\" download=\"\" aria-describedby=\"wp-block-file--media-50151835-2802-4c47-bfa3-2344a243e7dc\">Descarga<\/a><\/div>\n<!-- \/wp:file --><!-- wp:file {\"id\":1968,\"href\":\"https:\/\/www.afecvigo.es\/web\/wp-content\/uploads\/2021\/07\/9.1.14.Autoevaluacion-problemas-de-los-ojos.doc\"} -->\n<div class=\"wp-block-file\"><a id=\"wp-block-file--media-1550fce2-2d33-455c-be2f-621723f80501\" href=\"https:\/\/www.afecvigo.es\/web\/wp-content\/uploads\/2021\/07\/9.1.14.Autoevaluacion-problemas-de-los-ojos.doc\">9.1.14.Autoevaluacion-problemas-de-los-ojos<\/a><a class=\"wp-block-file__button\" href=\"https:\/\/www.afecvigo.es\/web\/wp-content\/uploads\/2021\/07\/9.1.14.Autoevaluacion-problemas-de-los-ojos.doc\" download=\"\" aria-describedby=\"wp-block-file--media-1550fce2-2d33-455c-be2f-621723f80501\">Descarga<\/a><\/div>\n<!-- \/wp:file --><\/div>\n<!-- \/wp:column --><\/div>\n<!-- \/wp:columns --><!-- wp:heading -->\n<h2>MIR3<\/h2>\n<!-- \/wp:heading --><!-- wp:columns {\"verticalAlignment\":\"center\"} -->\n<div class=\"wp-block-columns are-vertically-aligned-center\"><!-- wp:column {\"verticalAlignment\":\"center\"} -->\n<div class=\"wp-block-column is-vertically-aligned-center\"><!-- wp:paragraph {\"align\":\"right\"} -->\n<p class=\"has-text-align-right\">Salud mental<\/p>\n<!-- \/wp:paragraph --><!-- wp:paragraph {\"align\":\"right\"} -->\n<p class=\"has-text-align-right\">Pediatr\u00eda<\/p>\n<!-- \/wp:paragraph --><!-- wp:paragraph {\"align\":\"right\"} -->\n<p class=\"has-text-align-right\">Programa de la mujer<\/p>\n<!-- \/wp:paragraph --><!-- wp:paragraph {\"align\":\"right\"} -->\n<p class=\"has-text-align-right\">Digestivo<\/p>\n<!-- \/wp:paragraph --><!-- wp:paragraph {\"align\":\"right\"} -->\n<p class=\"has-text-align-right\">Fichas Castro<\/p>\n<!-- \/wp:paragraph --><!-- wp:paragraph {\"align\":\"right\"} -->\n<p class=\"has-text-align-right\">Hematolog\u00eda<\/p>\n<!-- \/wp:paragraph --><!-- wp:paragraph {\"align\":\"right\"} -->\n<p class=\"has-text-align-right\">Radiolog\u00eda<\/p>\n<!-- \/wp:paragraph --><\/div>\n<!-- \/wp:column --><!-- wp:column {\"verticalAlignment\":\"center\"} -->\n<div class=\"wp-block-column is-vertically-aligned-center\"><!-- wp:file {\"id\":1969,\"href\":\"https:\/\/www.afecvigo.es\/web\/wp-content\/uploads\/2021\/07\/9.1.6.-Autoevaluacion-Salud-Mental.doc\"} -->\n<div class=\"wp-block-file\"><a id=\"wp-block-file--media-661470ab-41c5-43eb-8d07-7f85f43c9abb\" href=\"https:\/\/www.afecvigo.es\/web\/wp-content\/uploads\/2021\/07\/9.1.6.-Autoevaluacion-Salud-Mental.doc\">9.1.6.-Autoevaluacion-Salud-Mental<\/a><a class=\"wp-block-file__button\" href=\"https:\/\/www.afecvigo.es\/web\/wp-content\/uploads\/2021\/07\/9.1.6.-Autoevaluacion-Salud-Mental.doc\" download=\"\" aria-describedby=\"wp-block-file--media-661470ab-41c5-43eb-8d07-7f85f43c9abb\">Descarga<\/a><\/div>\n<!-- \/wp:file --><!-- wp:file {\"id\":1970,\"href\":\"https:\/\/www.afecvigo.es\/web\/wp-content\/uploads\/2021\/07\/9.2.1.-Autoevaluacion-Pediatria.doc\"} -->\n<div class=\"wp-block-file\"><a id=\"wp-block-file--media-91674a72-d639-40bb-9081-ea120b2e7b32\" href=\"https:\/\/www.afecvigo.es\/web\/wp-content\/uploads\/2021\/07\/9.2.1.-Autoevaluacion-Pediatria.doc\">9.2.1.-Autoevaluacion-Pediatria<\/a><a class=\"wp-block-file__button\" href=\"https:\/\/www.afecvigo.es\/web\/wp-content\/uploads\/2021\/07\/9.2.1.-Autoevaluacion-Pediatria.doc\" download=\"\" aria-describedby=\"wp-block-file--media-91674a72-d639-40bb-9081-ea120b2e7b32\">Descarga<\/a><\/div>\n<!-- \/wp:file --><!-- wp:file {\"id\":1971,\"href\":\"https:\/\/www.afecvigo.es\/web\/wp-content\/uploads\/2021\/07\/9.2.3-Autoevaluacion-Programa-de-la-Mujer.doc\"} -->\n<div class=\"wp-block-file\"><a id=\"wp-block-file--media-69c9ecea-26c1-4a66-9bd6-3f3a7ee2eefb\" href=\"https:\/\/www.afecvigo.es\/web\/wp-content\/uploads\/2021\/07\/9.2.3-Autoevaluacion-Programa-de-la-Mujer.doc\">9.2.3-Autoevaluacion-Programa-de-la-Mujer<\/a><a class=\"wp-block-file__button\" href=\"https:\/\/www.afecvigo.es\/web\/wp-content\/uploads\/2021\/07\/9.2.3-Autoevaluacion-Programa-de-la-Mujer.doc\" download=\"\" aria-describedby=\"wp-block-file--media-69c9ecea-26c1-4a66-9bd6-3f3a7ee2eefb\">Descarga<\/a><\/div>\n<!-- \/wp:file --><!-- wp:file {\"id\":1972,\"href\":\"https:\/\/www.afecvigo.es\/web\/wp-content\/uploads\/2021\/07\/Digestivo.doc\"} -->\n<div class=\"wp-block-file\"><a id=\"wp-block-file--media-b0b4a042-05ad-4b8c-b49b-56f066f2595d\" href=\"https:\/\/www.afecvigo.es\/web\/wp-content\/uploads\/2021\/07\/Digestivo.doc\">Digestivo<\/a><a class=\"wp-block-file__button\" href=\"https:\/\/www.afecvigo.es\/web\/wp-content\/uploads\/2021\/07\/Digestivo.doc\" download=\"\" aria-describedby=\"wp-block-file--media-b0b4a042-05ad-4b8c-b49b-56f066f2595d\">Descarga<\/a><\/div>\n<!-- \/wp:file --><!-- wp:file {\"id\":1973,\"href\":\"https:\/\/www.afecvigo.es\/web\/wp-content\/uploads\/2021\/07\/Fichas-Evaluacion_M-Castro.doc\"} -->\n<div class=\"wp-block-file\"><a id=\"wp-block-file--media-5a38e8a3-f4eb-4713-8db0-b2c33390156e\" href=\"https:\/\/www.afecvigo.es\/web\/wp-content\/uploads\/2021\/07\/Fichas-Evaluacion_M-Castro.doc\">Fichas-Evaluacion_M-Castro<\/a><a class=\"wp-block-file__button\" href=\"https:\/\/www.afecvigo.es\/web\/wp-content\/uploads\/2021\/07\/Fichas-Evaluacion_M-Castro.doc\" download=\"\" aria-describedby=\"wp-block-file--media-5a38e8a3-f4eb-4713-8db0-b2c33390156e\">Descarga<\/a><\/div>\n<!-- \/wp:file --><!-- wp:file {\"id\":1974,\"href\":\"https:\/\/www.afecvigo.es\/web\/wp-content\/uploads\/2021\/07\/Hematologia.doc\"} -->\n<div class=\"wp-block-file\"><a id=\"wp-block-file--media-5ccf8e8d-badc-48be-9a41-90eaf658b67b\" href=\"https:\/\/www.afecvigo.es\/web\/wp-content\/uploads\/2021\/07\/Hematologia.doc\">Hematologia<\/a><a class=\"wp-block-file__button\" href=\"https:\/\/www.afecvigo.es\/web\/wp-content\/uploads\/2021\/07\/Hematologia.doc\" download=\"\" aria-describedby=\"wp-block-file--media-5ccf8e8d-badc-48be-9a41-90eaf658b67b\">Descarga<\/a><\/div>\n<!-- \/wp:file --><!-- wp:file {\"id\":1975,\"href\":\"https:\/\/www.afecvigo.es\/web\/wp-content\/uploads\/2021\/07\/Radiologia.doc\"} -->\n<div class=\"wp-block-file\"><a id=\"wp-block-file--media-7a0fbd24-fea3-40d5-9cce-51b25d796d4b\" href=\"https:\/\/www.afecvigo.es\/web\/wp-content\/uploads\/2021\/07\/Radiologia.doc\">Radiologia<\/a><a class=\"wp-block-file__button\" href=\"https:\/\/www.afecvigo.es\/web\/wp-content\/uploads\/2021\/07\/Radiologia.doc\" download=\"\" aria-describedby=\"wp-block-file--media-7a0fbd24-fea3-40d5-9cce-51b25d796d4b\">Descarga<\/a><\/div>\n<!-- \/wp:file --><\/div>\n<!-- \/wp:column --><\/div>\n<!-- \/wp:columns --><!-- wp:heading -->\n<h2>MIR4<\/h2>\n<!-- \/wp:heading --><!-- wp:paragraph -->\n<p>\u00a0<\/p>\n<!-- \/wp:paragraph --><!-- wp:columns {\"verticalAlignment\":\"center\"} -->\n<div class=\"wp-block-columns are-vertically-aligned-center\"><!-- wp:column {\"verticalAlignment\":\"center\"} -->\n<div class=\"wp-block-column is-vertically-aligned-center\"><!-- wp:paragraph {\"align\":\"right\"} -->\n<p class=\"has-text-align-right\">Formaci\u00f3n, investigaci\u00f3n y docencia<\/p>\n<!-- \/wp:paragraph --><!-- wp:paragraph {\"align\":\"right\"} -->\n<p class=\"has-text-align-right\">Competencias esenciales<\/p>\n<!-- \/wp:paragraph --><!-- wp:paragraph {\"align\":\"right\"} -->\n<p class=\"has-text-align-right\">Factores de riesgo<\/p>\n<!-- \/wp:paragraph --><!-- wp:paragraph {\"align\":\"right\"} -->\n<p class=\"has-text-align-right\">Familia comunidad<\/p>\n<!-- \/wp:paragraph --><!-- wp:paragraph {\"align\":\"right\"} -->\n<p class=\"has-text-align-right\">Atenci\u00f3n al individuo<\/p>\n<!-- \/wp:paragraph --><\/div>\n<!-- \/wp:column --><!-- wp:column {\"verticalAlignment\":\"center\"} -->\n<div class=\"wp-block-column is-vertically-aligned-center\"><!-- wp:file {\"id\":1976,\"href\":\"https:\/\/www.afecvigo.es\/web\/wp-content\/uploads\/2021\/07\/MIR-4-Autoevaluacion-formacion-docencia-e-investigacion.doc\"} -->\n<div class=\"wp-block-file\"><a id=\"wp-block-file--media-8838dcab-4602-4b39-8d7e-3a1b7a551c34\" href=\"https:\/\/www.afecvigo.es\/web\/wp-content\/uploads\/2021\/07\/MIR-4-Autoevaluacion-formacion-docencia-e-investigacion.doc\">MIR-4-Autoevaluacion-formacion-docencia-e-investigacion<\/a><a class=\"wp-block-file__button\" href=\"https:\/\/www.afecvigo.es\/web\/wp-content\/uploads\/2021\/07\/MIR-4-Autoevaluacion-formacion-docencia-e-investigacion.doc\" download=\"\" aria-describedby=\"wp-block-file--media-8838dcab-4602-4b39-8d7e-3a1b7a551c34\">Descarga<\/a><\/div>\n<!-- \/wp:file --><!-- wp:file {\"id\":1977,\"href\":\"https:\/\/www.afecvigo.es\/web\/wp-content\/uploads\/2021\/07\/MIR-4_Autoevaluacion-Competencias-esenciales.doc\"} -->\n<div class=\"wp-block-file\"><a id=\"wp-block-file--media-00a53aee-dbb1-4439-a1df-e237a027694e\" href=\"https:\/\/www.afecvigo.es\/web\/wp-content\/uploads\/2021\/07\/MIR-4_Autoevaluacion-Competencias-esenciales.doc\">MIR-4_Autoevaluacion-Competencias-esenciales<\/a><a class=\"wp-block-file__button\" href=\"https:\/\/www.afecvigo.es\/web\/wp-content\/uploads\/2021\/07\/MIR-4_Autoevaluacion-Competencias-esenciales.doc\" download=\"\" aria-describedby=\"wp-block-file--media-00a53aee-dbb1-4439-a1df-e237a027694e\">Descarga<\/a><\/div>\n<!-- \/wp:file --><!-- wp:file {\"id\":1978,\"href\":\"https:\/\/www.afecvigo.es\/web\/wp-content\/uploads\/2021\/07\/MIR-4_Autoevaluacion-Factores-de-riesgo.doc\"} -->\n<div class=\"wp-block-file\"><a id=\"wp-block-file--media-6bb39336-5513-450c-8405-4769f5380eb1\" href=\"https:\/\/www.afecvigo.es\/web\/wp-content\/uploads\/2021\/07\/MIR-4_Autoevaluacion-Factores-de-riesgo.doc\">MIR-4_Autoevaluacion-Factores-de-riesgo<\/a><a class=\"wp-block-file__button\" href=\"https:\/\/www.afecvigo.es\/web\/wp-content\/uploads\/2021\/07\/MIR-4_Autoevaluacion-Factores-de-riesgo.doc\" download=\"\" aria-describedby=\"wp-block-file--media-6bb39336-5513-450c-8405-4769f5380eb1\">Descarga<\/a><\/div>\n<!-- \/wp:file --><!-- wp:file {\"id\":1979,\"href\":\"https:\/\/www.afecvigo.es\/web\/wp-content\/uploads\/2021\/07\/MIR-4_Autoevaluacion-Familia-comunidad-.doc\"} -->\n<div class=\"wp-block-file\"><a id=\"wp-block-file--media-0628f2e7-ce55-45b4-b3ae-a7a920889ecf\" href=\"https:\/\/www.afecvigo.es\/web\/wp-content\/uploads\/2021\/07\/MIR-4_Autoevaluacion-Familia-comunidad-.doc\">MIR-4_Autoevaluacion-Familia-comunidad-<\/a><a class=\"wp-block-file__button\" href=\"https:\/\/www.afecvigo.es\/web\/wp-content\/uploads\/2021\/07\/MIR-4_Autoevaluacion-Familia-comunidad-.doc\" download=\"\" aria-describedby=\"wp-block-file--media-0628f2e7-ce55-45b4-b3ae-a7a920889ecf\">Descarga<\/a><\/div>\n<!-- \/wp:file --><!-- wp:file {\"id\":1980,\"href\":\"https:\/\/www.afecvigo.es\/web\/wp-content\/uploads\/2021\/07\/MIR4_Atencion-al-individuo.doc\"} -->\n<div class=\"wp-block-file\"><a id=\"wp-block-file--media-133883b7-4ecd-4433-b0de-e6c5dd54cc41\" href=\"https:\/\/www.afecvigo.es\/web\/wp-content\/uploads\/2021\/07\/MIR4_Atencion-al-individuo.doc\">MIR4_Atencion-al-individuo<\/a><a class=\"wp-block-file__button\" href=\"https:\/\/www.afecvigo.es\/web\/wp-content\/uploads\/2021\/07\/MIR4_Atencion-al-individuo.doc\" download=\"\" aria-describedby=\"wp-block-file--media-133883b7-4ecd-4433-b0de-e6c5dd54cc41\">Descarga<\/a><\/div>\n<!-- \/wp:file --><\/div>\n<!-- \/wp:column --><\/div>\n<!-- \/wp:columns --><!-- wp:heading -->\n<h2>Urgencias<\/h2>\n<!-- \/wp:heading --><!-- wp:columns {\"verticalAlignment\":\"center\"} -->\n<div class=\"wp-block-columns are-vertically-aligned-center\"><!-- wp:column {\"verticalAlignment\":\"center\"} -->\n<div class=\"wp-block-column is-vertically-aligned-center\"><!-- wp:paragraph {\"align\":\"right\"} -->\n<p class=\"has-text-align-right\">Traumatolog\u00eda<\/p>\n<!-- \/wp:paragraph --><!-- wp:paragraph {\"align\":\"right\"} -->\n<p class=\"has-text-align-right\">Urgencias<\/p>\n<!-- \/wp:paragraph --><\/div>\n<!-- \/wp:column --><!-- wp:column {\"verticalAlignment\":\"center\"} -->\n<div class=\"wp-block-column is-vertically-aligned-center\"><!-- wp:file {\"id\":1981,\"href\":\"https:\/\/www.afecvigo.es\/web\/wp-content\/uploads\/2021\/07\/9.1.10.Autoevaluacion-Traumatologia.doc\"} -->\n<div class=\"wp-block-file\"><a id=\"wp-block-file--media-e96bed06-c074-4c3d-9854-2b021a120262\" href=\"https:\/\/www.afecvigo.es\/web\/wp-content\/uploads\/2021\/07\/9.1.10.Autoevaluacion-Traumatologia.doc\">9.1.10.Autoevaluacion-Traumatologia<\/a><a class=\"wp-block-file__button\" href=\"https:\/\/www.afecvigo.es\/web\/wp-content\/uploads\/2021\/07\/9.1.10.Autoevaluacion-Traumatologia.doc\" download=\"\" aria-describedby=\"wp-block-file--media-e96bed06-c074-4c3d-9854-2b021a120262\">Descarga<\/a><\/div>\n<!-- \/wp:file --><!-- wp:file {\"id\":1982,\"href\":\"https:\/\/www.afecvigo.es\/web\/wp-content\/uploads\/2021\/07\/9.1.16.-Autoevaluacion-Urgencias.doc\"} -->\n<div class=\"wp-block-file\"><a id=\"wp-block-file--media-f6bf7d04-93b6-42c4-8f2d-30bce35f38a5\" href=\"https:\/\/www.afecvigo.es\/web\/wp-content\/uploads\/2021\/07\/9.1.16.-Autoevaluacion-Urgencias.doc\">9.1.16.-Autoevaluacion-Urgencias<\/a><a class=\"wp-block-file__button\" href=\"https:\/\/www.afecvigo.es\/web\/wp-content\/uploads\/2021\/07\/9.1.16.-Autoevaluacion-Urgencias.doc\" download=\"\" aria-describedby=\"wp-block-file--media-f6bf7d04-93b6-42c4-8f2d-30bce35f38a5\">Descarga<\/a><\/div>\n<!-- \/wp:file --><\/div>\n<!-- \/wp:column --><\/div>\n<!-- \/wp:columns -->\t\t\t\t\t<\/div>\n\t\t\t\t\t\t<\/div>\n\t\t\t\t<\/div>\n\t\t\t\t\t\t<\/div>\n\t\t\t\t\t<\/div>\n\t\t<\/div>\n\t\t\t\t\t\t\t\t<\/div>\n\t\t\t\t\t<\/div>\n\t\t<\/section>\n\t\t\t\t\t\t\t\t\t<\/div>\n\t\t\t<\/div>\n\t\t\t\t\t<\/div>\n\t\t","protected":false},"excerpt":{"rendered":"<p>MIR1 Centro de salud Medicina Interna Geriatr\u00eda MIR2 Centro de salud rural Cardiolog\u00eda Neumolog\u00eda Endocrinolog\u00eda Neurolog\u00eda Dermatolog\u00eda Reumatolog\u00eda ORL Pruebas de los ojos MIR3 Salud mental Pediatr\u00eda Programa de la mujer Digestivo Fichas Castro Hematolog\u00eda Radiolog\u00eda MIR4 \u00a0 Formaci\u00f3n, investigaci\u00f3n y docencia Competencias esenciales Factores de riesgo Familia comunidad Atenci\u00f3n al individuo Urgencias Traumatolog\u00eda Urgencias<\/p>\n","protected":false},"author":1,"featured_media":0,"parent":0,"menu_order":0,"comment_status":"closed","ping_status":"closed","template":"elementor_header_footer","meta":{"footnotes":""},"class_list":["post-3424","page","type-page","status-publish","hentry"],"_links":{"self":[{"href":"https:\/\/www.afecvigo.es\/web\/index.php?rest_route=\/wp\/v2\/pages\/3424","targetHints":{"allow":["GET"]}}],"collection":[{"href":"https:\/\/www.afecvigo.es\/web\/index.php?rest_route=\/wp\/v2\/pages"}],"about":[{"href":"https:\/\/www.afecvigo.es\/web\/index.php?rest_route=\/wp\/v2\/types\/page"}],"author":[{"embeddable":true,"href":"https:\/\/www.afecvigo.es\/web\/index.php?rest_route=\/wp\/v2\/users\/1"}],"replies":[{"embeddable":true,"href":"https:\/\/www.afecvigo.es\/web\/index.php?rest_route=%2Fwp%2Fv2%2Fcomments&post=3424"}],"version-history":[{"count":6,"href":"https:\/\/www.afecvigo.es\/web\/index.php?rest_route=\/wp\/v2\/pages\/3424\/revisions"}],"predecessor-version":[{"id":7587,"href":"https:\/\/www.afecvigo.es\/web\/index.php?rest_route=\/wp\/v2\/pages\/3424\/revisions\/7587"}],"wp:attachment":[{"href":"https:\/\/www.afecvigo.es\/web\/index.php?rest_route=%2Fwp%2Fv2%2Fmedia&parent=3424"}],"curies":[{"name":"wp","href":"https:\/\/api.w.org\/{rel}","templated":true}]}}