{"id":3401,"date":"2022-02-17T12:46:10","date_gmt":"2022-02-17T12:46:10","guid":{"rendered":"https:\/\/www.afecvigo.es\/web\/?page_id=3401"},"modified":"2022-11-04T13:46:41","modified_gmt":"2022-11-04T13:46:41","slug":"guardias-2","status":"publish","type":"page","link":"https:\/\/www.afecvigo.es\/web\/?page_id=3401&lang=es","title":{"rendered":"Guardias"},"content":{"rendered":"\t\t<div data-elementor-type=\"wp-page\" data-elementor-id=\"3401\" class=\"elementor elementor-3401\">\n\t\t\t\t\t\t<div class=\"elementor-inner\">\n\t\t\t\t<div class=\"elementor-section-wrap\">\n\t\t\t\t\t\t\t\t\t<section class=\"elementor-section elementor-top-section elementor-element elementor-element-3973662b elementor-section-boxed elementor-section-height-default elementor-section-height-default\" data-id=\"3973662b\" data-element_type=\"section\">\n\t\t\t\t\t\t<div class=\"elementor-container elementor-column-gap-default\">\n\t\t\t\t\t\t\t<div class=\"elementor-row\">\n\t\t\t\t\t<div class=\"elementor-column elementor-col-100 elementor-top-column elementor-element elementor-element-22b8e5ee\" data-id=\"22b8e5ee\" data-element_type=\"column\">\n\t\t\t<div class=\"elementor-column-wrap elementor-element-populated\">\n\t\t\t\t\t\t\t<div class=\"elementor-widget-wrap\">\n\t\t\t\t\t\t<div class=\"elementor-element elementor-element-61240fb2 elementor-widget elementor-widget-text-editor\" data-id=\"61240fb2\" data-element_type=\"widget\" data-widget_type=\"text-editor.default\">\n\t\t\t\t<div class=\"elementor-widget-container\">\n\t\t\t\t\t\t\t\t<div class=\"elementor-text-editor elementor-clearfix\">\n\t\t\t\t<p><!-- wp:heading --><\/p>\n<h2>Guardias MIR<\/h2>\n<p><!-- \/wp:heading --><\/p>\n<p><!-- wp:list --><\/p>\n<ul>\n<li>Se podr\u00e1n realizar entre un m\u00ednimo 3 y un m\u00e1ximo de 5 guardias al mes, 1 de 24 horas y el resto de 17 horas.<\/li>\n<li>Las guardias se libran al d\u00eda siguiente<\/li>\n<li>Durante la rotaci\u00f3n rural, todas las guardias se realizar\u00e1n en los PAC de A Guarda y A Ca\u00f1iza, seg\u00fan corresponda.<\/li>\n<li>Todo cambio de guardia debe ser comunicado con antelaci\u00f3n, cubriendo el impreso de cambio de guardia<\/li>\n<li>Se realizar\u00e1n en los PAC y en los hospitales respectivos seg\u00fan el siguiente cronograma:<\/li>\n<\/ul>\n<p><!-- \/wp:list --><\/p>\n<p><!-- wp:heading --><\/p>\n<h2>Itinerario formativo Guardias MIR<\/h2>\n<p><!-- \/wp:heading --><\/p>\n<p><!-- wp:shortcode --><br><div class=\"su-table su-table-alternate\"><\/p>\n<table id=\"color-table\">\n<tbody>\n<tr>\n<th rowspan=\"2\">MIR1<\/th>\n<td rowspan=\"2\">Ao mes<\/td>\n<th colspan=\"1\">3 primeros meses<\/th>\n<th colspan=\"3\">8 meses<\/th>\n<\/tr>\n<tr>\n<td>3 en PAC y 2 en Urgencias de Hospital<\/td>\n<td colspan=\"3\">4 en Urgencias de Hospital e 1 en PAC<\/td>\n<\/tr>\n<tr>\n<th rowspan=\"2\">MIR2<\/th>\n<td rowspan=\"2\">Ao mes<\/td>\n<th colspan=\"1\">6 meses<\/th>\n<th colspan=\"1\">4 meses<\/th>\n<th colspan=\"2\">1 mes<\/th>\n<\/tr>\n<tr>\n<td>4 en Urgencias de Hospital e 1 en PAC<\/td>\n<td>4 Urgencias Traumatolog\u00eda, Cirurg\u00eda, Oftalmolog\u00eda e 1 en PAC<\/td>\n<td colspan=\"2\">5 PAC Rural<\/td>\n<\/tr>\n<tr>\n<th rowspan=\"2\">MIR3<\/th>\n<td rowspan=\"2\">Ao mes<\/td>\n<th>3 meses<\/th>\n<th>1 mes<\/th>\n<th>3 meses<\/th>\n<th>4 meses<\/th>\n<\/tr>\n<tr>\n<td>4 Urgencias Pediatr\u00eda e 1 en PAC<\/td>\n<td>4 Urgencias Obst\u00e9trico ginecol\u00f3gicas e 1 en PAC<\/td>\n<td>4 Electivas e 1 en PAC<\/td>\n<td>4 en Urgencias Hospital e 1 en PAC<\/td>\n<\/tr>\n<tr>\n<th rowspan=\"2\">MIR4<\/th>\n<td rowspan=\"2\">Ao mes<\/td>\n<th colspan=\"4\">11 meses<\/th>\n<\/tr>\n<tr>\n<td colspan=\"4\">5 en PAC (De forma opcional 1 o 2 en Urgencias de Hospital)<\/td>\n<\/tr>\n<\/tbody>\n<\/table>\n<p><\/div><br><!-- \/wp:shortcode --><\/p>\n<p><!-- wp:heading --><\/p>\n<h2>Guardias EIR<\/h2>\n<p><!-- \/wp:heading --><\/p>\n<p><!-- wp:list --><\/p>\n<ul>\n<li>2 guardias al mes de 17 horas.<\/li>\n<li>Se realizar\u00e1n en los PAC (Puntos de Atenci\u00f3n Continuada) Opcionalmente en el hospital y son turno de 10 horas nocturnos (m\u00e1ximo 3).<\/li>\n<li>Las guardias se libran al d\u00eda siguiente<\/li>\n<li>Todo cambio de guardia debe ser comunicado con antelaci\u00f3n, cubriendo el impreso de cambio de guardia<\/li>\n<\/ul>\n<p><!-- \/wp:list --><\/p>\n<p><!-- wp:heading --><\/p>\n<h2>Distribuci\u00f3n Guardias EIR<\/h2>\n<p><!-- \/wp:heading --><\/p>\n<p><!-- wp:html --><br><div class=\"su-table su-table-alternate\"><\/p>\n<table id=\"color-table\">\n<tbody>\n<tr>\n<td>&nbsp;<\/td>\n<th>Total<\/th>\n<th>PAC VIGO<\/th>\n<th>PAC ADSCRITO<\/th>\n<\/tr>\n<tr>\n<th rowspan=\"3\">EIR1<\/th>\n<td>2<\/td>\n<td><b>1<\/b><\/td>\n<td><b>1<\/b><\/td>\n<\/tr>\n<tr>\n<td>&nbsp;<\/td>\n<td>&nbsp;<\/td>\n<td>&nbsp;<\/td>\n<\/tr>\n<tr>\n<td>&nbsp;<\/td>\n<td>&nbsp;<\/td>\n<td>&nbsp;<\/td>\n<\/tr>\n<tr>\n<th rowspan=\"3\">EIR2<\/th>\n<td>2<\/td>\n<td>&nbsp;<\/td>\n<td><b>2<\/b><\/td>\n<\/tr>\n<tr>\n<td>&nbsp;<\/td>\n<td>&nbsp;<\/td>\n<td>&nbsp;<\/td>\n<\/tr>\n<tr>\n<td>&nbsp;<\/td>\n<td>&nbsp;<\/td>\n<td>&nbsp;<\/td>\n<\/tr>\n<\/tbody>\n<\/table>\n<p><\/div><br><!-- \/wp:html --><\/p>\t\t\t\t\t<\/div>\n\t\t\t\t\t\t<\/div>\n\t\t\t\t<\/div>\n\t\t\t\t\t\t<\/div>\n\t\t\t\t\t<\/div>\n\t\t<\/div>\n\t\t\t\t\t\t\t\t<\/div>\n\t\t\t\t\t<\/div>\n\t\t<\/section>\n\t\t\t\t\t\t\t\t\t<\/div>\n\t\t\t<\/div>\n\t\t\t\t\t<\/div>\n\t\t","protected":false},"excerpt":{"rendered":"<p>Guardias MIR Se podr\u00e1n realizar entre un m\u00ednimo 3 y un m\u00e1ximo de 5 guardias al mes, 1 de 24 horas y el resto de 17 horas. Las guardias se libran al d\u00eda siguiente Durante la rotaci\u00f3n rural, todas las guardias se realizar\u00e1n en los PAC de A Guarda y A Ca\u00f1iza, seg\u00fan corresponda. Todo &hellip;<\/p>\n<p class=\"read-more\"> <a class=\"\" href=\"https:\/\/www.afecvigo.es\/web\/?page_id=3401&#038;lang=es\"> <span class=\"screen-reader-text\">Guardias<\/span> Read More &raquo;<\/a><\/p>\n","protected":false},"author":1,"featured_media":0,"parent":0,"menu_order":0,"comment_status":"closed","ping_status":"closed","template":"","meta":{"footnotes":""},"class_list":["post-3401","page","type-page","status-publish","hentry"],"_links":{"self":[{"href":"https:\/\/www.afecvigo.es\/web\/index.php?rest_route=\/wp\/v2\/pages\/3401","targetHints":{"allow":["GET"]}}],"collection":[{"href":"https:\/\/www.afecvigo.es\/web\/index.php?rest_route=\/wp\/v2\/pages"}],"about":[{"href":"https:\/\/www.afecvigo.es\/web\/index.php?rest_route=\/wp\/v2\/types\/page"}],"author":[{"embeddable":true,"href":"https:\/\/www.afecvigo.es\/web\/index.php?rest_route=\/wp\/v2\/users\/1"}],"replies":[{"embeddable":true,"href":"https:\/\/www.afecvigo.es\/web\/index.php?rest_route=%2Fwp%2Fv2%2Fcomments&post=3401"}],"version-history":[{"count":10,"href":"https:\/\/www.afecvigo.es\/web\/index.php?rest_route=\/wp\/v2\/pages\/3401\/revisions"}],"predecessor-version":[{"id":5221,"href":"https:\/\/www.afecvigo.es\/web\/index.php?rest_route=\/wp\/v2\/pages\/3401\/revisions\/5221"}],"wp:attachment":[{"href":"https:\/\/www.afecvigo.es\/web\/index.php?rest_route=%2Fwp%2Fv2%2Fmedia&parent=3401"}],"curies":[{"name":"wp","href":"https:\/\/api.w.org\/{rel}","templated":true}]}}