{"id":3366,"date":"2022-02-17T12:29:48","date_gmt":"2022-02-17T12:29:48","guid":{"rendered":"https:\/\/www.afecvigo.es\/web\/?page_id=3366"},"modified":"2025-04-16T12:09:28","modified_gmt":"2025-04-16T12:09:28","slug":"atencion-comunitaria-2","status":"publish","type":"page","link":"https:\/\/www.afecvigo.es\/web\/?page_id=3366&lang=es","title":{"rendered":"Atenci\u00f3n Comunitaria"},"content":{"rendered":"\t\t<div data-elementor-type=\"wp-page\" data-elementor-id=\"3366\" class=\"elementor elementor-3366\">\n\t\t\t\t\t\t<div class=\"elementor-inner\">\n\t\t\t\t<div class=\"elementor-section-wrap\">\n\t\t\t\t\t\t\t\t\t<section class=\"elementor-section elementor-top-section elementor-element elementor-element-5e934f97 elementor-section-boxed elementor-section-height-default elementor-section-height-default\" data-id=\"5e934f97\" data-element_type=\"section\">\n\t\t\t\t\t\t<div class=\"elementor-container elementor-column-gap-default\">\n\t\t\t\t\t\t\t<div class=\"elementor-row\">\n\t\t\t\t\t<div class=\"elementor-column elementor-col-100 elementor-top-column elementor-element elementor-element-556da54c\" data-id=\"556da54c\" data-element_type=\"column\">\n\t\t\t<div class=\"elementor-column-wrap elementor-element-populated\">\n\t\t\t\t\t\t\t<div class=\"elementor-widget-wrap\">\n\t\t\t\t\t\t<div class=\"elementor-element elementor-element-55642b3 elementor-widget elementor-widget-text-editor\" data-id=\"55642b3\" data-element_type=\"widget\" data-widget_type=\"text-editor.default\">\n\t\t\t\t<div class=\"elementor-widget-container\">\n\t\t\t\t\t\t\t\t<div class=\"elementor-text-editor elementor-clearfix\">\n\t\t\t\t<!-- wp:columns -->\n<div class=\"wp-block-columns\"><!-- wp:column {\"width\":\"100%\"} -->\n<div class=\"wp-block-column\" style=\"flex-basis: 100%;\"><!-- wp:group {\"align\":\"full\"} -->\n<div class=\"wp-block-group alignfull\">\u00a0<\/div>\n<!-- \/wp:group --><\/div>\n<!-- \/wp:column --><\/div>\n<!-- \/wp:columns --><!-- wp:heading -->\n<h2>Misi\u00f3n<\/h2>\n<!-- \/wp:heading --><!-- wp:list -->\n<ul>\n<li>Habilitar a los residentes para la integraci\u00f3n de la atenci\u00f3n comunitaria en su actividad profesional.<\/li>\n<li>Facilitar una din\u00e1mica y enfoque comunitario en el entorno asistencial docente y en el \u00c1rea Sanitaria.<\/li>\n<li>Contribuir a la proyecci\u00f3n comunitaria de los centros de salud docente.<\/li>\n<li>Difundir las actividades comunitarias, creando redes formativas y proactivas.<\/li>\n<\/ul>\n<!-- \/wp:list --><!-- wp:heading -->\n<h2>Visi\u00f3n<\/h2>\n<!-- \/wp:heading --><!-- wp:list -->\n<ul>\n<li>Integrar la pr\u00e1ctica comunitaria dentro de los centros docentes como algo habitual.<\/li>\n<li>Crear masa cr\u00edtica en atenci\u00f3n primaria.<\/li>\n<li>Investigar en atenci\u00f3n comunitaria.<\/li>\n<li>Consolidar el aprendizaje de la atenci\u00f3n comunitaria en la UDM de Vigo.<\/li>\n<\/ul>\n<!-- \/wp:list --><!-- wp:heading -->\n<h2>Valores<\/h2>\n<!-- \/wp:heading --><!-- wp:list -->\n<ul>\n<li>Fomentar la motivaci\u00f3n, el autoaprendizaje y el desarrollo personal y profesional de los residentes<\/li>\n<li>El respeto por la singularidad de cada miembro de la comunidad docente, el fomento del trabajo en equipo, la conciencia de la importancia de la gesti\u00f3n emocional de los profesionales, la puesta en valor de los logros y esfuerzo.<\/li>\n<li>Honestidad, transparencia y mejora continua.<\/li>\n<li>Procurar entorno que promueva el desarrollo de la potencialidad de cada miembro de la comunidad docente. Poner en valor la inteligencia global y colaborativa.<\/li>\n<\/ul>\n<!-- \/wp:list -->\t\t\t\t\t<\/div>\n\t\t\t\t\t\t<\/div>\n\t\t\t\t<\/div>\n\t\t\t\t\t\t<\/div>\n\t\t\t\t\t<\/div>\n\t\t<\/div>\n\t\t\t\t\t\t\t\t<\/div>\n\t\t\t\t\t<\/div>\n\t\t<\/section>\n\t\t\t\t\t\t\t\t\t<\/div>\n\t\t\t<\/div>\n\t\t\t\t\t<\/div>\n\t\t","protected":false},"excerpt":{"rendered":"<p>\u00a0 Misi\u00f3n Habilitar a los residentes para la integraci\u00f3n de la atenci\u00f3n comunitaria en su actividad profesional. Facilitar una din\u00e1mica y enfoque comunitario en el entorno asistencial docente y en el \u00c1rea Sanitaria. Contribuir a la proyecci\u00f3n comunitaria de los centros de salud docente. Difundir las actividades comunitarias, creando redes formativas y proactivas. Visi\u00f3n Integrar &hellip;<\/p>\n<p class=\"read-more\"> <a class=\"\" href=\"https:\/\/www.afecvigo.es\/web\/?page_id=3366&#038;lang=es\"> <span class=\"screen-reader-text\">Atenci\u00f3n Comunitaria<\/span> Read More &raquo;<\/a><\/p>\n","protected":false},"author":1,"featured_media":2351,"parent":0,"menu_order":0,"comment_status":"closed","ping_status":"closed","template":"","meta":{"footnotes":""},"class_list":["post-3366","page","type-page","status-publish","has-post-thumbnail","hentry"],"_links":{"self":[{"href":"https:\/\/www.afecvigo.es\/web\/index.php?rest_route=\/wp\/v2\/pages\/3366","targetHints":{"allow":["GET"]}}],"collection":[{"href":"https:\/\/www.afecvigo.es\/web\/index.php?rest_route=\/wp\/v2\/pages"}],"about":[{"href":"https:\/\/www.afecvigo.es\/web\/index.php?rest_route=\/wp\/v2\/types\/page"}],"author":[{"embeddable":true,"href":"https:\/\/www.afecvigo.es\/web\/index.php?rest_route=\/wp\/v2\/users\/1"}],"replies":[{"embeddable":true,"href":"https:\/\/www.afecvigo.es\/web\/index.php?rest_route=%2Fwp%2Fv2%2Fcomments&post=3366"}],"version-history":[{"count":5,"href":"https:\/\/www.afecvigo.es\/web\/index.php?rest_route=\/wp\/v2\/pages\/3366\/revisions"}],"predecessor-version":[{"id":7522,"href":"https:\/\/www.afecvigo.es\/web\/index.php?rest_route=\/wp\/v2\/pages\/3366\/revisions\/7522"}],"wp:featuredmedia":[{"embeddable":true,"href":"https:\/\/www.afecvigo.es\/web\/index.php?rest_route=\/wp\/v2\/media\/2351"}],"wp:attachment":[{"href":"https:\/\/www.afecvigo.es\/web\/index.php?rest_route=%2Fwp%2Fv2%2Fmedia&parent=3366"}],"curies":[{"name":"wp","href":"https:\/\/api.w.org\/{rel}","templated":true}]}}