{"id":3362,"date":"2022-02-17T12:27:47","date_gmt":"2022-02-17T12:27:47","guid":{"rendered":"https:\/\/www.afecvigo.es\/web\/?page_id=3362"},"modified":"2025-04-16T12:36:17","modified_gmt":"2025-04-16T12:36:17","slug":"acreditacion-2","status":"publish","type":"page","link":"https:\/\/www.afecvigo.es\/web\/?page_id=3362&lang=es","title":{"rendered":"Acreditaci\u00f3n"},"content":{"rendered":"\t\t<div data-elementor-type=\"wp-page\" data-elementor-id=\"3362\" class=\"elementor elementor-3362\">\n\t\t\t\t\t\t<div class=\"elementor-inner\">\n\t\t\t\t<div class=\"elementor-section-wrap\">\n\t\t\t\t\t\t\t\t\t<section class=\"elementor-section elementor-top-section elementor-element elementor-element-da197ac elementor-section-boxed elementor-section-height-default elementor-section-height-default\" data-id=\"da197ac\" data-element_type=\"section\">\n\t\t\t\t\t\t<div class=\"elementor-container elementor-column-gap-default\">\n\t\t\t\t\t\t\t<div class=\"elementor-row\">\n\t\t\t\t\t<div class=\"elementor-column elementor-col-100 elementor-top-column elementor-element elementor-element-7e7919e\" data-id=\"7e7919e\" data-element_type=\"column\">\n\t\t\t<div class=\"elementor-column-wrap elementor-element-populated\">\n\t\t\t\t\t\t\t<div class=\"elementor-widget-wrap\">\n\t\t\t\t\t\t<div class=\"elementor-element elementor-element-520e6b79 elementor-widget elementor-widget-text-editor\" data-id=\"520e6b79\" data-element_type=\"widget\" data-widget_type=\"text-editor.default\">\n\t\t\t\t<div class=\"elementor-widget-container\">\n\t\t\t\t\t\t\t\t<div class=\"elementor-text-editor elementor-clearfix\">\n\t\t\t\t<!-- wp:heading -->\n<h2>Criterios para la acreditaci\u00f3n<\/h2>\n<!-- \/wp:heading -->\n\n<!-- wp:heading {\"level\":3} -->\n<h3>Evaluaci\u00f3n curricular<\/h3>\n<!-- \/wp:heading -->\n\n<!-- wp:paragraph -->\n<p>Puntuaci\u00f3n m\u00e1xima 70 puntos<\/p>\n<!-- \/wp:paragraph -->\n\n<!-- wp:paragraph -->\n<p>Se divide en tres apartados:<\/p>\n<!-- \/wp:paragraph -->\n\n<!-- wp:list {\"ordered\":true} -->\n<ol><li>Perfil profesional\/asistencial: (Puntuaci\u00f3n m\u00e1xima: 30 puntos)<\/li><li>Perfil docente: (Puntuaci\u00f3n m\u00e1xima: 25 puntos)<\/li><li>Perfil Investigador: (Puntuaci\u00f3n m\u00e1xima: 15 puntos)<\/li><\/ol>\n<!-- \/wp:list -->\n\n<!-- wp:paragraph -->\n<p>Se debe considerar que las oportunidades curriculares no son iguales en todas las unidades docentes, y que los tutores pueden tener perfiles curriculares muy diversos. Por ello se ofrece la posibilidad de acreditarse admitiendo a profesionales con perfiles muy distintos, mediante la creaci\u00f3n de unos baremos flexibles y que no limiten excesivamente las puntuaciones m\u00e1ximas por apartado.<\/p>\n<!-- \/wp:paragraph -->\n\n<!-- wp:heading {\"level\":3} -->\n<h3>Proyecto docente<\/h3>\n<!-- \/wp:heading -->\n\n<!-- wp:paragraph -->\n<p>Puntuaci\u00f3n m\u00e1xima 30 puntos<\/p>\n<!-- \/wp:paragraph -->\n\n<!-- wp:paragraph -->\n<p>Proyecto que el candidato pretende realizar en la unidad docente. Se definir\u00e1n unos criterios de calidad m\u00ednimos para ser evaluados, tomando<br>como base los programas formativos actualizados de cada especialidad, pero individualizados y adaptados a cada unidad docente.<\/p>\n<!-- \/wp:paragraph -->\n\n<!-- wp:paragraph -->\n<p>Para conseguir la acreditaci\u00f3n se debe obtener la siguiente puntuaci\u00f3n m\u00ednima en cada uno de los apartados:<\/p>\n<!-- \/wp:paragraph -->\n\n<!-- wp:list -->\n<ul><li>Evaluaci\u00f3n curricular: 35 puntos<\/li><li>Proyecto docente: 15 puntos.<\/li><\/ul>\n<!-- \/wp:list -->\n\n<!-- wp:paragraph -->\n<p>Tras valorar los m\u00e9ritos del candidato, la comisi\u00f3n emitir\u00e1 un informe positivo o negativo. La comisi\u00f3n debe emitir un informe suficientemente detallado para que el evaluado disponga de informaci\u00f3n sobre los aspectos a mejorar. En caso de ser negativo se establecer\u00e1 un plazo m\u00ednimo de un a\u00f1o para que el candidato vuelva a presentar la documentaci\u00f3n.<\/p>\n<!-- \/wp:paragraph -->\n\n<!-- wp:heading -->\n<h2>Criterios para la reacreditaci\u00f3n<\/h2>\n<!-- \/wp:heading -->\n\n<!-- wp:heading {\"level\":3} -->\n<h3>Evaluaci\u00f3n curricular<\/h3>\n<!-- \/wp:heading -->\n\n<!-- wp:paragraph -->\n<p>Puntuaci\u00f3n m\u00e1xima 20 puntos<\/p>\n<!-- \/wp:paragraph -->\n\n<!-- wp:paragraph -->\n<p>Se divide en tres apartados:<\/p>\n<!-- \/wp:paragraph -->\n\n<!-- wp:list {\"ordered\":true} -->\n<ol><li>Perfil profesional\/asistencial: (Puntuaci\u00f3n m\u00e1xima: 5 puntos)<\/li><li>Perfil docente: (Puntuaci\u00f3n m\u00e1xima: 10 puntos)<\/li><li>Perfil Investigador: (Puntuaci\u00f3n m\u00e1xima: 5 puntos)<\/li><\/ol>\n<!-- \/wp:list -->\n\n<!-- wp:paragraph -->\n<p>Es similar al de la acreditaci\u00f3n, pero se deben valorar s\u00f3lo los m\u00e9ritos desde la acreditaci\u00f3n o reacreditaci\u00f3n previa.<\/p>\n<!-- \/wp:paragraph -->\n\n<!-- wp:heading {\"level\":3} -->\n<h3>Proyecto docente<\/h3>\n<!-- \/wp:heading -->\n\n<!-- wp:paragraph -->\n<p>Puntuaci\u00f3n m\u00e1xima 10 puntos<\/p>\n<!-- \/wp:paragraph -->\n\n<!-- wp:paragraph -->\n<p>Se diferencia del proyecto inicial en que en \u00e9ste se deben plantear objetivos concretos de mejora de la actuaci\u00f3n tutorial para el siguiente<br>periodo, con las acciones espec\u00edficas que se van a realizar, el calendario de aplicaci\u00f3n y los criterios e indicadores de evaluaci\u00f3n.<\/p>\n<!-- \/wp:paragraph -->\n\n<!-- wp:paragraph -->\n<p>Aunque el profesional acreditado no hubiera desempe\u00f1ado plaza de tutor, el proyecto debe estar actualizado con las directrices existentes en su<br>unidad docente.<\/p>\n<!-- \/wp:paragraph -->\n\n<!-- wp:heading {\"level\":3} -->\n<h3>Memoria de actividades realizadas<\/h3>\n<!-- \/wp:heading -->\n\n<!-- wp:paragraph -->\n<p>Puntuaci\u00f3n m\u00e1xima 70 puntos<\/p>\n<!-- \/wp:paragraph -->\n\n<!-- wp:paragraph -->\n<p>Una descripci\u00f3n del desarrollo de los objetivos desarrollados de acuerdo con el proyecto docente, y una autoevaluaci\u00f3n de cumplimiento detallado de las distintas funciones de la actividad tutorial.<\/p>\n<!-- \/wp:paragraph -->\n\n<!-- wp:paragraph -->\n<p>Para obtener la reacreditaci\u00f3n se debe obtener la siguiente puntuaci\u00f3n m\u00ednima en cada uno de los apartados:<\/p>\n<!-- \/wp:paragraph -->\n\n<!-- wp:list -->\n<ul><li>Evaluaci\u00f3n curricular: 10 puntos<\/li><li>Proyecto docente: 5 puntos<\/li><li>Memoria de actividades: 35 puntos<\/li><\/ul>\n<!-- \/wp:list -->\n\n<!-- wp:paragraph -->\n<p>La comisi\u00f3n evaluadora emitir\u00e1 un informe que podr\u00e1 ser positivo o negativo.<\/p>\n<!-- \/wp:paragraph -->\n\n<!-- wp:paragraph -->\n<p>En caso de obtener un m\u00ednimo de 50 puntos sumando los tres apartados, pero si en alguno de ellos no se llega a la puntuaci\u00f3n m\u00ednima, se emitir\u00e1 un informe positivo condicional, con la obligaci\u00f3n de someterse a una nueva reacreditaci\u00f3n en un plazo de un a\u00f1o.<\/p>\n<!-- \/wp:paragraph -->\n\n<!-- wp:paragraph -->\n<p>Si han pasado m\u00e1s de cuatro a\u00f1os desde el \u00faltimo proceso de acreditaci\u00f3n o reacreditaci\u00f3n sin que el profesional se sometiera a una nueva reacreditaci\u00f3n, debe someterse de nuevo el sistema de acreditaci\u00f3n. Si el periodo es inferior a los cuatro a\u00f1os, puede solicitar una reacreditaci\u00f3n.<\/p>\n<!-- \/wp:paragraph -->\n\n<!-- wp:buttons -->\n<div class=\"wp-block-buttons\"><!-- wp:button {\"style\":{\"border\":{\"radius\":\"0px\"}},\"className\":\"is-style-fill\"} -->\n<div class=\"wp-block-button is-style-fill\"><a class=\"wp-block-button__link\" href=\"https:\/\/www.afecvigo.es\/web\/tutores\/\" style=\"border-radius:0px\">formulario<\/a><\/div>\n<!-- \/wp:button --><\/div>\n<!-- \/wp:buttons -->\t\t\t\t\t<\/div>\n\t\t\t\t\t\t<\/div>\n\t\t\t\t<\/div>\n\t\t\t\t\t\t<\/div>\n\t\t\t\t\t<\/div>\n\t\t<\/div>\n\t\t\t\t\t\t\t\t<\/div>\n\t\t\t\t\t<\/div>\n\t\t<\/section>\n\t\t\t\t\t\t\t\t\t<\/div>\n\t\t\t<\/div>\n\t\t\t\t\t<\/div>\n\t\t","protected":false},"excerpt":{"rendered":"<p>Criterios para la acreditaci\u00f3n Evaluaci\u00f3n curricular Puntuaci\u00f3n m\u00e1xima 70 puntos Se divide en tres apartados: Perfil profesional\/asistencial: (Puntuaci\u00f3n m\u00e1xima: 30 puntos) Perfil docente: (Puntuaci\u00f3n m\u00e1xima: 25 puntos) Perfil Investigador: (Puntuaci\u00f3n m\u00e1xima: 15 puntos) Se debe considerar que las oportunidades curriculares no son iguales en todas las unidades docentes, y que los tutores pueden tener perfiles &hellip;<\/p>\n<p class=\"read-more\"> <a class=\"\" href=\"https:\/\/www.afecvigo.es\/web\/?page_id=3362&#038;lang=es\"> <span class=\"screen-reader-text\">Acreditaci\u00f3n<\/span> Read More &raquo;<\/a><\/p>\n","protected":false},"author":1,"featured_media":0,"parent":0,"menu_order":0,"comment_status":"closed","ping_status":"closed","template":"elementor_header_footer","meta":{"footnotes":""},"class_list":["post-3362","page","type-page","status-publish","hentry"],"_links":{"self":[{"href":"https:\/\/www.afecvigo.es\/web\/index.php?rest_route=\/wp\/v2\/pages\/3362","targetHints":{"allow":["GET"]}}],"collection":[{"href":"https:\/\/www.afecvigo.es\/web\/index.php?rest_route=\/wp\/v2\/pages"}],"about":[{"href":"https:\/\/www.afecvigo.es\/web\/index.php?rest_route=\/wp\/v2\/types\/page"}],"author":[{"embeddable":true,"href":"https:\/\/www.afecvigo.es\/web\/index.php?rest_route=\/wp\/v2\/users\/1"}],"replies":[{"embeddable":true,"href":"https:\/\/www.afecvigo.es\/web\/index.php?rest_route=%2Fwp%2Fv2%2Fcomments&post=3362"}],"version-history":[{"count":5,"href":"https:\/\/www.afecvigo.es\/web\/index.php?rest_route=\/wp\/v2\/pages\/3362\/revisions"}],"predecessor-version":[{"id":7613,"href":"https:\/\/www.afecvigo.es\/web\/index.php?rest_route=\/wp\/v2\/pages\/3362\/revisions\/7613"}],"wp:attachment":[{"href":"https:\/\/www.afecvigo.es\/web\/index.php?rest_route=%2Fwp%2Fv2%2Fmedia&parent=3362"}],"curies":[{"name":"wp","href":"https:\/\/api.w.org\/{rel}","templated":true}]}}