{"id":2928,"date":"2022-02-08T10:46:41","date_gmt":"2022-02-08T10:46:41","guid":{"rendered":"https:\/\/www.afecvigo.es\/web\/?page_id=2928"},"modified":"2025-05-06T07:05:35","modified_gmt":"2025-05-06T07:05:35","slug":"cursos-plan-comun-complementario","status":"publish","type":"page","link":"https:\/\/www.afecvigo.es\/web\/?page_id=2928","title":{"rendered":"Cursos Plan Com\u00fan Complementario"},"content":{"rendered":"\t\t<div data-elementor-type=\"wp-page\" data-elementor-id=\"2928\" class=\"elementor elementor-2928\">\n\t\t\t\t\t\t<div class=\"elementor-inner\">\n\t\t\t\t<div class=\"elementor-section-wrap\">\n\t\t\t\t\t\t\t\t\t<section class=\"elementor-section elementor-top-section elementor-element elementor-element-fde3a34 elementor-section-boxed elementor-section-height-default elementor-section-height-default\" data-id=\"fde3a34\" data-element_type=\"section\">\n\t\t\t\t\t\t<div class=\"elementor-container elementor-column-gap-default\">\n\t\t\t\t\t\t\t<div class=\"elementor-row\">\n\t\t\t\t\t<div class=\"elementor-column elementor-col-100 elementor-top-column elementor-element elementor-element-65f1b40e\" data-id=\"65f1b40e\" data-element_type=\"column\">\n\t\t\t<div class=\"elementor-column-wrap elementor-element-populated\">\n\t\t\t\t\t\t\t<div class=\"elementor-widget-wrap\">\n\t\t\t\t\t\t<div class=\"elementor-element elementor-element-49f5ffd4 elementor-widget elementor-widget-text-editor\" data-id=\"49f5ffd4\" data-element_type=\"widget\" data-widget_type=\"text-editor.default\">\n\t\t\t\t<div class=\"elementor-widget-container\">\n\t\t\t\t\t\t\t\t<div class=\"elementor-text-editor elementor-clearfix\">\n\t\t\t\t<!-- wp:paragraph -->\n<p><\/p>\n<!-- \/wp:paragraph -->\n\n<!-- wp:heading {\"textAlign\":\"left\"} -->\n<h2 class=\"has-text-align-left\">\u00c1rea Sanitaria de Vigo<\/h2>\n<!-- \/wp:heading -->\n\n<!-- wp:buttons -->\n<div class=\"wp-block-buttons\"><!-- wp:button {\"className\":\"is-style-fill\"} -->\n<div class=\"wp-block-button is-style-fill\"><a class=\"wp-block-button__link\"><img loading=\"lazy\" decoding=\"async\" width=\"500\" height=\"256\" class=\"wp-image-5999\" style=\"width: 500px;\" src=\"https:\/\/www.afecvigo.es\/web\/wp-content\/uploads\/2022\/11\/AREA-Sanitaria-Vigo.jpg\" alt=\"\" srcset=\"https:\/\/www.afecvigo.es\/web\/wp-content\/uploads\/2022\/11\/AREA-Sanitaria-Vigo.jpg 1351w, https:\/\/www.afecvigo.es\/web\/wp-content\/uploads\/2022\/11\/AREA-Sanitaria-Vigo-300x153.jpg 300w, https:\/\/www.afecvigo.es\/web\/wp-content\/uploads\/2022\/11\/AREA-Sanitaria-Vigo-1024x524.jpg 1024w, https:\/\/www.afecvigo.es\/web\/wp-content\/uploads\/2022\/11\/AREA-Sanitaria-Vigo-768x393.jpg 768w\" sizes=\"auto, (max-width: 500px) 100vw, 500px\" \/><\/a><\/div>\n<!-- \/wp:button --><\/div>\n<!-- \/wp:buttons -->\n\n<!-- wp:paragraph -->\n<p><\/p>\n<!-- \/wp:paragraph -->\n\n<!-- wp:paragraph -->\n<p><\/p>\n<!-- \/wp:paragraph -->\n\n<!-- wp:buttons {\"layout\":{\"type\":\"flex\",\"verticalAlignment\":\"bottom\",\"justifyContent\":\"left\"}} -->\n<div class=\"wp-block-buttons\"><!-- wp:button {\"className\":\"is-style-fill\"} -->\n<div class=\"wp-block-button is-style-fill\"><a class=\"wp-block-button__link\" href=\"https:\/\/www.afecvigo.es\/web\/wp-content\/uploads\/2022\/11\/Plan-Transversal-ACIS.pdf\" target=\"_blank\" rel=\"noreferrer noopener\"><img loading=\"lazy\" decoding=\"async\" width=\"500\" height=\"250\" class=\"wp-image-6002\" style=\"width: 500px;\" src=\"https:\/\/www.afecvigo.es\/web\/wp-content\/uploads\/2022\/11\/biospain2018acis.png\" alt=\"\" srcset=\"https:\/\/www.afecvigo.es\/web\/wp-content\/uploads\/2022\/11\/biospain2018acis.png 1772w, https:\/\/www.afecvigo.es\/web\/wp-content\/uploads\/2022\/11\/biospain2018acis-300x150.png 300w, https:\/\/www.afecvigo.es\/web\/wp-content\/uploads\/2022\/11\/biospain2018acis-1024x512.png 1024w, https:\/\/www.afecvigo.es\/web\/wp-content\/uploads\/2022\/11\/biospain2018acis-768x384.png 768w, https:\/\/www.afecvigo.es\/web\/wp-content\/uploads\/2022\/11\/biospain2018acis-1536x768.png 1536w\" sizes=\"auto, (max-width: 500px) 100vw, 500px\" \/><\/a><\/div>\n<!-- \/wp:button --><\/div>\n<!-- \/wp:buttons -->\n\n<!-- wp:paragraph -->\n<p><\/p>\n<!-- \/wp:paragraph -->\n\n<!-- wp:paragraph -->\n<p><\/p>\n<!-- \/wp:paragraph -->\n\n<!-- wp:paragraph -->\n<p><\/p>\n<!-- \/wp:paragraph -->\t\t\t\t\t<\/div>\n\t\t\t\t\t\t<\/div>\n\t\t\t\t<\/div>\n\t\t\t\t\t\t<\/div>\n\t\t\t\t\t<\/div>\n\t\t<\/div>\n\t\t\t\t\t\t\t\t<\/div>\n\t\t\t\t\t<\/div>\n\t\t<\/section>\n\t\t\t\t<section class=\"elementor-section elementor-top-section elementor-element elementor-element-081bf86 elementor-section-boxed elementor-section-height-default elementor-section-height-default\" data-id=\"081bf86\" data-element_type=\"section\">\n\t\t\t\t\t\t<div class=\"elementor-container elementor-column-gap-default\">\n\t\t\t\t\t\t\t<div class=\"elementor-row\">\n\t\t\t\t\t<div class=\"elementor-column elementor-col-100 elementor-top-column elementor-element elementor-element-46b9fd0\" data-id=\"46b9fd0\" data-element_type=\"column\">\n\t\t\t<div class=\"elementor-column-wrap elementor-element-populated\">\n\t\t\t\t\t\t\t<div class=\"elementor-widget-wrap\">\n\t\t\t\t\t\t<div class=\"elementor-element elementor-element-38ddcf3 hfe-nav-menu__align-justify hfe-submenu-icon-classic hfe-nav-menu__breakpoint-mobile elementor-fixed hfe-submenu-animation-none hfe-link-redirect-child elementor-widget elementor-widget-navigation-menu\" data-id=\"38ddcf3\" data-element_type=\"widget\" data-settings=\"{&quot;padding_horizontal_menu_item&quot;:{&quot;unit&quot;:&quot;px&quot;,&quot;size&quot;:0,&quot;sizes&quot;:[]},&quot;dropdown_border_radius&quot;:{&quot;unit&quot;:&quot;px&quot;,&quot;top&quot;:&quot;3&quot;,&quot;right&quot;:&quot;3&quot;,&quot;bottom&quot;:&quot;3&quot;,&quot;left&quot;:&quot;3&quot;,&quot;isLinked&quot;:true},&quot;width_dropdown_item&quot;:{&quot;unit&quot;:&quot;px&quot;,&quot;size&quot;:330,&quot;sizes&quot;:[]},&quot;_position&quot;:&quot;fixed&quot;,&quot;padding_horizontal_menu_item_tablet&quot;:{&quot;unit&quot;:&quot;px&quot;,&quot;size&quot;:&quot;&quot;,&quot;sizes&quot;:[]},&quot;padding_horizontal_menu_item_mobile&quot;:{&quot;unit&quot;:&quot;px&quot;,&quot;size&quot;:&quot;&quot;,&quot;sizes&quot;:[]},&quot;padding_vertical_menu_item&quot;:{&quot;unit&quot;:&quot;px&quot;,&quot;size&quot;:15,&quot;sizes&quot;:[]},&quot;padding_vertical_menu_item_tablet&quot;:{&quot;unit&quot;:&quot;px&quot;,&quot;size&quot;:&quot;&quot;,&quot;sizes&quot;:[]},&quot;padding_vertical_menu_item_mobile&quot;:{&quot;unit&quot;:&quot;px&quot;,&quot;size&quot;:&quot;&quot;,&quot;sizes&quot;:[]},&quot;menu_space_between&quot;:{&quot;unit&quot;:&quot;px&quot;,&quot;size&quot;:&quot;&quot;,&quot;sizes&quot;:[]},&quot;menu_space_between_tablet&quot;:{&quot;unit&quot;:&quot;px&quot;,&quot;size&quot;:&quot;&quot;,&quot;sizes&quot;:[]},&quot;menu_space_between_mobile&quot;:{&quot;unit&quot;:&quot;px&quot;,&quot;size&quot;:&quot;&quot;,&quot;sizes&quot;:[]},&quot;menu_row_space&quot;:{&quot;unit&quot;:&quot;px&quot;,&quot;size&quot;:&quot;&quot;,&quot;sizes&quot;:[]},&quot;menu_row_space_tablet&quot;:{&quot;unit&quot;:&quot;px&quot;,&quot;size&quot;:&quot;&quot;,&quot;sizes&quot;:[]},&quot;menu_row_space_mobile&quot;:{&quot;unit&quot;:&quot;px&quot;,&quot;size&quot;:&quot;&quot;,&quot;sizes&quot;:[]},&quot;dropdown_border_radius_tablet&quot;:{&quot;unit&quot;:&quot;px&quot;,&quot;top&quot;:&quot;&quot;,&quot;right&quot;:&quot;&quot;,&quot;bottom&quot;:&quot;&quot;,&quot;left&quot;:&quot;&quot;,&quot;isLinked&quot;:true},&quot;dropdown_border_radius_mobile&quot;:{&quot;unit&quot;:&quot;px&quot;,&quot;top&quot;:&quot;&quot;,&quot;right&quot;:&quot;&quot;,&quot;bottom&quot;:&quot;&quot;,&quot;left&quot;:&quot;&quot;,&quot;isLinked&quot;:true},&quot;width_dropdown_item_tablet&quot;:{&quot;unit&quot;:&quot;px&quot;,&quot;size&quot;:&quot;&quot;,&quot;sizes&quot;:[]},&quot;width_dropdown_item_mobile&quot;:{&quot;unit&quot;:&quot;px&quot;,&quot;size&quot;:&quot;&quot;,&quot;sizes&quot;:[]},&quot;padding_horizontal_dropdown_item&quot;:{&quot;unit&quot;:&quot;px&quot;,&quot;size&quot;:&quot;&quot;,&quot;sizes&quot;:[]},&quot;padding_horizontal_dropdown_item_tablet&quot;:{&quot;unit&quot;:&quot;px&quot;,&quot;size&quot;:&quot;&quot;,&quot;sizes&quot;:[]},&quot;padding_horizontal_dropdown_item_mobile&quot;:{&quot;unit&quot;:&quot;px&quot;,&quot;size&quot;:&quot;&quot;,&quot;sizes&quot;:[]},&quot;padding_vertical_dropdown_item&quot;:{&quot;unit&quot;:&quot;px&quot;,&quot;size&quot;:15,&quot;sizes&quot;:[]},&quot;padding_vertical_dropdown_item_tablet&quot;:{&quot;unit&quot;:&quot;px&quot;,&quot;size&quot;:&quot;&quot;,&quot;sizes&quot;:[]},&quot;padding_vertical_dropdown_item_mobile&quot;:{&quot;unit&quot;:&quot;px&quot;,&quot;size&quot;:&quot;&quot;,&quot;sizes&quot;:[]},&quot;distance_from_menu&quot;:{&quot;unit&quot;:&quot;px&quot;,&quot;size&quot;:&quot;&quot;,&quot;sizes&quot;:[]},&quot;distance_from_menu_tablet&quot;:{&quot;unit&quot;:&quot;px&quot;,&quot;size&quot;:&quot;&quot;,&quot;sizes&quot;:[]},&quot;distance_from_menu_mobile&quot;:{&quot;unit&quot;:&quot;px&quot;,&quot;size&quot;:&quot;&quot;,&quot;sizes&quot;:[]},&quot;toggle_size&quot;:{&quot;unit&quot;:&quot;px&quot;,&quot;size&quot;:&quot;&quot;,&quot;sizes&quot;:[]},&quot;toggle_size_tablet&quot;:{&quot;unit&quot;:&quot;px&quot;,&quot;size&quot;:&quot;&quot;,&quot;sizes&quot;:[]},&quot;toggle_size_mobile&quot;:{&quot;unit&quot;:&quot;px&quot;,&quot;size&quot;:&quot;&quot;,&quot;sizes&quot;:[]},&quot;toggle_border_width&quot;:{&quot;unit&quot;:&quot;px&quot;,&quot;size&quot;:&quot;&quot;,&quot;sizes&quot;:[]},&quot;toggle_border_width_tablet&quot;:{&quot;unit&quot;:&quot;px&quot;,&quot;size&quot;:&quot;&quot;,&quot;sizes&quot;:[]},&quot;toggle_border_width_mobile&quot;:{&quot;unit&quot;:&quot;px&quot;,&quot;size&quot;:&quot;&quot;,&quot;sizes&quot;:[]},&quot;toggle_border_radius&quot;:{&quot;unit&quot;:&quot;px&quot;,&quot;size&quot;:&quot;&quot;,&quot;sizes&quot;:[]},&quot;toggle_border_radius_tablet&quot;:{&quot;unit&quot;:&quot;px&quot;,&quot;size&quot;:&quot;&quot;,&quot;sizes&quot;:[]},&quot;toggle_border_radius_mobile&quot;:{&quot;unit&quot;:&quot;px&quot;,&quot;size&quot;:&quot;&quot;,&quot;sizes&quot;:[]}}\" data-widget_type=\"navigation-menu.default\">\n\t\t\t\t<div class=\"elementor-widget-container\">\n\t\t\t\t\t\t<div class=\"hfe-nav-menu hfe-layout-horizontal hfe-nav-menu-layout horizontal hfe-pointer__none\" data-layout=\"horizontal\">\n\t\t\t\t<div role=\"button\" class=\"hfe-nav-menu__toggle elementor-clickable\">\n\t\t\t\t\t<span class=\"screen-reader-text\">Menu<\/span>\n\t\t\t\t\t<div class=\"hfe-nav-menu-icon\">\n\t\t\t\t\t\t<i aria-hidden=\"true\"  class=\"fas fa-align-justify\"><\/i>\t\t\t\t\t<\/div>\n\t\t\t\t<\/div>\n\t\t\t\t<nav class=\"hfe-nav-menu__layout-horizontal hfe-nav-menu__submenu-classic\" data-toggle-icon=\"&lt;i aria-hidden=&quot;true&quot; tabindex=&quot;0&quot; class=&quot;fas fa-align-justify&quot;&gt;&lt;\/i&gt;\" data-close-icon=\"&lt;i aria-hidden=&quot;true&quot; tabindex=&quot;0&quot; class=&quot;far fa-window-close&quot;&gt;&lt;\/i&gt;\" data-full-width=\"yes\">\n\t\t\t\t\t<ul id=\"menu-1-38ddcf3\" class=\"hfe-nav-menu\"><li id=\"menu-item-2777\" class=\"menu-item menu-item-type-custom menu-item-object-custom menu-item-has-children parent hfe-has-submenu hfe-creative-menu\"><div class=\"hfe-has-submenu-container\"><a href=\"#\" class = \"hfe-menu-item\">Secretar\u00eda virtual<span class='hfe-menu-toggle sub-arrow hfe-menu-child-0'><i class='fa'><\/i><\/span><\/a><\/div>\n<ul class=\"sub-menu\">\n\t<li id=\"menu-item-3259\" class=\"menu-item menu-item-type-custom menu-item-object-custom hfe-creative-menu\"><a href=\"https:\/\/www.afecvigo.es\/web\/?page_id=3682\" class = \"hfe-sub-menu-item\">Xustificaci\u00f3n de gardas<\/a><\/li>\n\t<li id=\"menu-item-3260\" class=\"menu-item menu-item-type-custom menu-item-object-custom menu-item-has-children hfe-has-submenu hfe-creative-menu\"><div class=\"hfe-has-submenu-container\"><a href=\"https:\/\/www.afecvigo.es\/web\/?page_id=3715\" class = \"hfe-sub-menu-item\">Solicitudes acreditaci\u00f3ns<span class='hfe-menu-toggle sub-arrow hfe-menu-child-1'><i class='fa'><\/i><\/span><\/a><\/div>\n\t<ul class=\"sub-menu\">\n\t\t<li id=\"menu-item-5573\" class=\"menu-item menu-item-type-post_type menu-item-object-page hfe-creative-menu\"><a href=\"https:\/\/www.afecvigo.es\/web\/?page_id=5447\" class = \"hfe-sub-menu-item\">Titores Medicina<\/a><\/li>\n\t\t<li id=\"menu-item-5574\" class=\"menu-item menu-item-type-post_type menu-item-object-page hfe-creative-menu\"><a href=\"https:\/\/www.afecvigo.es\/web\/?page_id=5509\" class = \"hfe-sub-menu-item\">Titores Enfermer\u00eda<\/a><\/li>\n\t\t<li id=\"menu-item-6119\" class=\"menu-item menu-item-type-post_type menu-item-object-page hfe-creative-menu\"><a href=\"https:\/\/www.afecvigo.es\/web\/?page_id=5517\" class = \"hfe-sub-menu-item\">Colaboradores Docentes PAC<\/a><\/li>\n\t\t<li id=\"menu-item-6120\" class=\"menu-item menu-item-type-post_type menu-item-object-page hfe-creative-menu\"><a href=\"https:\/\/www.afecvigo.es\/web\/?page_id=6105\" class = \"hfe-sub-menu-item\">Colaboradores Docentes Outros<\/a><\/li>\n\t<\/ul>\n<\/li>\n\t<li id=\"menu-item-3335\" class=\"menu-item menu-item-type-custom menu-item-object-custom hfe-creative-menu\"><a href=\"http:\/\/afecvigo.es\/web\/?page_id=2505\" class = \"hfe-sub-menu-item\">Solicitudes reciclaxe<\/a><\/li>\n\t<li id=\"menu-item-3337\" class=\"menu-item menu-item-type-custom menu-item-object-custom hfe-creative-menu\"><a href=\"https:\/\/www.afecvigo.es\/web\/?page_id=3700\" class = \"hfe-sub-menu-item\">Solicitude rotaci\u00f3ns electivas<\/a><\/li>\n\t<li id=\"menu-item-3338\" class=\"menu-item menu-item-type-custom menu-item-object-custom hfe-creative-menu\"><a href=\"https:\/\/www.afecvigo.es\/web\/?page_id=3705\" class = \"hfe-sub-menu-item\">Solicitude rotaci\u00f3ns externas<\/a><\/li>\n\t<li id=\"menu-item-3339\" class=\"menu-item menu-item-type-custom menu-item-object-custom hfe-creative-menu\"><a href=\"https:\/\/www.afecvigo.es\/web\/?page_id=3710\" class = \"hfe-sub-menu-item\">Xustificaci\u00f3n permisos docentes<\/a><\/li>\n<\/ul>\n<\/li>\n<li id=\"menu-item-2778\" class=\"menu-item menu-item-type-custom menu-item-object-custom parent hfe-creative-menu\"><a href=\"https:\/\/cursos.afecvigo.es\/\" class = \"hfe-menu-item\">Aula virtual<\/a><\/li>\n<li id=\"menu-item-2779\" class=\"menu-item menu-item-type-custom menu-item-object-custom menu-item-home menu-item-has-children parent hfe-has-submenu hfe-creative-menu\"><div class=\"hfe-has-submenu-container\"><a href=\"https:\/\/www.afecvigo.es\/web\/#residentes\" class = \"hfe-menu-item\">Residentes<span class='hfe-menu-toggle sub-arrow hfe-menu-child-0'><i class='fa'><\/i><\/span><\/a><\/div>\n<ul class=\"sub-menu\">\n\t<li id=\"menu-item-6087\" class=\"menu-item menu-item-type-post_type menu-item-object-page hfe-creative-menu\"><a href=\"https:\/\/www.afecvigo.es\/web\/?page_id=3433&#038;lang=es\" class = \"hfe-sub-menu-item\">Rotaciones<\/a><\/li>\n\t<li id=\"menu-item-3343\" class=\"menu-item menu-item-type-post_type menu-item-object-page hfe-creative-menu\"><a href=\"https:\/\/www.afecvigo.es\/web\/?page_id=2499\" class = \"hfe-sub-menu-item\">Gardas<\/a><\/li>\n\t<li id=\"menu-item-3340\" class=\"menu-item menu-item-type-post_type menu-item-object-page hfe-creative-menu\"><a href=\"https:\/\/www.afecvigo.es\/web\/?page_id=2021\" class = \"hfe-sub-menu-item\">Cursos e traballos da UDM<\/a><\/li>\n\t<li id=\"menu-item-3344\" class=\"menu-item menu-item-type-post_type menu-item-object-page hfe-creative-menu\"><a href=\"https:\/\/www.afecvigo.es\/web\/?page_id=1946\" class = \"hfe-sub-menu-item\">Obxectivos a adquirir<\/a><\/li>\n\t<li id=\"menu-item-3346\" class=\"menu-item menu-item-type-post_type menu-item-object-page hfe-creative-menu\"><a href=\"https:\/\/www.afecvigo.es\/web\/?page_id=2497\" class = \"hfe-sub-menu-item\">Portafolio<\/a><\/li>\n\t<li id=\"menu-item-3345\" class=\"menu-item menu-item-type-post_type menu-item-object-page hfe-creative-menu\"><a href=\"https:\/\/www.afecvigo.es\/web\/?page_id=1995\" class = \"hfe-sub-menu-item\">Permisos e vaci\u00f3ns<\/a><\/li>\n\t<li id=\"menu-item-3347\" class=\"menu-item menu-item-type-post_type menu-item-object-page hfe-creative-menu\"><a href=\"https:\/\/www.afecvigo.es\/web\/?page_id=2916\" class = \"hfe-sub-menu-item\">Procedemento en situaci\u00f3ns especiais<\/a><\/li>\n\t<li id=\"menu-item-3341\" class=\"menu-item menu-item-type-post_type menu-item-object-page hfe-creative-menu\"><a href=\"https:\/\/www.afecvigo.es\/web\/?page_id=2501\" class = \"hfe-sub-menu-item\">Desenvolvemento persoal<\/a><\/li>\n<\/ul>\n<\/li>\n<li id=\"menu-item-2780\" class=\"menu-item menu-item-type-custom menu-item-object-custom menu-item-home menu-item-has-children parent hfe-has-submenu hfe-creative-menu\"><div class=\"hfe-has-submenu-container\"><a href=\"https:\/\/www.afecvigo.es\/web\/#tutores\" class = \"hfe-menu-item\">Titores<span class='hfe-menu-toggle sub-arrow hfe-menu-child-0'><i class='fa'><\/i><\/span><\/a><\/div>\n<ul class=\"sub-menu\">\n\t<li id=\"menu-item-3348\" class=\"menu-item menu-item-type-post_type menu-item-object-page hfe-creative-menu\"><a href=\"https:\/\/www.afecvigo.es\/web\/?page_id=2005\" class = \"hfe-sub-menu-item\">Acreditaci\u00f3n<\/a><\/li>\n\t<li id=\"menu-item-3349\" class=\"menu-item menu-item-type-post_type menu-item-object-page hfe-creative-menu\"><a href=\"https:\/\/www.afecvigo.es\/web\/?page_id=2505\" class = \"hfe-sub-menu-item\">Reciclaxe<\/a><\/li>\n\t<li id=\"menu-item-3350\" class=\"menu-item menu-item-type-custom menu-item-object-custom hfe-creative-menu\"><a href=\"https:\/\/cursos.afecvigo.es\/course\/view.php?id=17\" class = \"hfe-sub-menu-item\">Formaci\u00f3n<\/a><\/li>\n<\/ul>\n<\/li>\n<li id=\"menu-item-2781\" class=\"menu-item menu-item-type-custom menu-item-object-custom parent hfe-creative-menu\"><a href=\"https:\/\/docencia.afecvigo.es\" class = \"hfe-menu-item\">AVAR<\/a><\/li>\n<li id=\"menu-item-2782\" class=\"menu-item menu-item-type-taxonomy menu-item-object-category parent hfe-creative-menu\"><a href=\"https:\/\/www.afecvigo.es\/web\/?cat=9\" class = \"hfe-menu-item\">Taboleiro de Anuncios<\/a><\/li>\n<li id=\"menu-item-6444\" class=\"menu-item menu-item-type-post_type menu-item-object-page parent hfe-creative-menu\"><a href=\"https:\/\/www.afecvigo.es\/web\/?page_id=6056\" class = \"hfe-menu-item\">Ligaz\u00f3ns de interese<\/a><\/li>\n<li id=\"menu-item-2776\" class=\"menu-item menu-item-type-custom menu-item-object-custom parent hfe-creative-menu\"><a href=\"#pll_switcher\" class = \"hfe-menu-item\">Languages<\/a><\/li>\n<\/ul> \n\t\t\t\t<\/nav>\n\t\t\t<\/div>\n\t\t\t\t\t<\/div>\n\t\t\t\t<\/div>\n\t\t\t\t\t\t<\/div>\n\t\t\t\t\t<\/div>\n\t\t<\/div>\n\t\t\t\t\t\t\t\t<\/div>\n\t\t\t\t\t<\/div>\n\t\t<\/section>\n\t\t\t\t\t\t\t\t\t<\/div>\n\t\t\t<\/div>\n\t\t\t\t\t<\/div>\n\t\t","protected":false},"excerpt":{"rendered":"<p>\u00c1rea Sanitaria de Vigo Menu Secretar\u00eda virtual Xustificaci\u00f3n de gardas Solicitudes acreditaci\u00f3ns Titores Medicina Titores Enfermer\u00eda Colaboradores Docentes PAC Colaboradores Docentes Outros Solicitudes reciclaxe Solicitude rotaci\u00f3ns electivas Solicitude rotaci\u00f3ns externas Xustificaci\u00f3n permisos docentes Aula virtual Residentes Rotaciones Gardas Cursos e traballos da UDM Obxectivos a adquirir Portafolio Permisos e vaci\u00f3ns Procedemento en situaci\u00f3ns especiais Desenvolvemento &hellip;<\/p>\n<p class=\"read-more\"> <a class=\"\" href=\"https:\/\/www.afecvigo.es\/web\/?page_id=2928\"> <span class=\"screen-reader-text\">Cursos Plan Com\u00fan Complementario<\/span> Read More &raquo;<\/a><\/p>\n","protected":false},"author":1,"featured_media":0,"parent":0,"menu_order":0,"comment_status":"closed","ping_status":"closed","template":"elementor_header_footer","meta":{"footnotes":""},"class_list":["post-2928","page","type-page","status-publish","hentry"],"_links":{"self":[{"href":"https:\/\/www.afecvigo.es\/web\/index.php?rest_route=\/wp\/v2\/pages\/2928","targetHints":{"allow":["GET"]}}],"collection":[{"href":"https:\/\/www.afecvigo.es\/web\/index.php?rest_route=\/wp\/v2\/pages"}],"about":[{"href":"https:\/\/www.afecvigo.es\/web\/index.php?rest_route=\/wp\/v2\/types\/page"}],"author":[{"embeddable":true,"href":"https:\/\/www.afecvigo.es\/web\/index.php?rest_route=\/wp\/v2\/users\/1"}],"replies":[{"embeddable":true,"href":"https:\/\/www.afecvigo.es\/web\/index.php?rest_route=%2Fwp%2Fv2%2Fcomments&post=2928"}],"version-history":[{"count":18,"href":"https:\/\/www.afecvigo.es\/web\/index.php?rest_route=\/wp\/v2\/pages\/2928\/revisions"}],"predecessor-version":[{"id":7685,"href":"https:\/\/www.afecvigo.es\/web\/index.php?rest_route=\/wp\/v2\/pages\/2928\/revisions\/7685"}],"wp:attachment":[{"href":"https:\/\/www.afecvigo.es\/web\/index.php?rest_route=%2Fwp%2Fv2%2Fmedia&parent=2928"}],"curies":[{"name":"wp","href":"https:\/\/api.w.org\/{rel}","templated":true}]}}