{"id":1946,"date":"2021-07-22T10:38:27","date_gmt":"2021-07-22T10:38:27","guid":{"rendered":"https:\/\/www.afecvigo.es\/web\/?page_id=1946"},"modified":"2022-11-04T18:35:29","modified_gmt":"2022-11-04T18:35:29","slug":"objetivos-a-adquirir","status":"publish","type":"page","link":"https:\/\/www.afecvigo.es\/web\/?page_id=1946","title":{"rendered":"Obxectivos a adquirir"},"content":{"rendered":"\n<h2 class=\"wp-block-heading\">MIR1<\/h2>\n\n\n\n<div class=\"wp-block-columns are-vertically-aligned-center is-layout-flex wp-container-core-columns-is-layout-1 wp-block-columns-is-layout-flex\">\n<div class=\"wp-block-column is-vertically-aligned-center is-layout-flow wp-block-column-is-layout-flow\">\n<p class=\"has-text-align-right\">Centro de sa\u00fade<\/p>\n\n\n\n<p class=\"has-text-align-right\">Medicina Interna<\/p>\n\n\n\n<p class=\"has-text-align-right\">Xeriatr\u00eda<\/p>\n<\/div>\n\n\n\n<div class=\"wp-block-column is-vertically-aligned-center is-layout-flow wp-block-column-is-layout-flow\">\n<div class=\"wp-block-file\"><a id=\"wp-block-file--media-b52d7d26-858a-47bd-8274-ed9d0043566e\" href=\"https:\/\/www.afecvigo.es\/web\/wp-content\/uploads\/2021\/07\/9.0.1.Autoevaluacion-Centro-de-Salud-Primer-Ano.doc\">9.0.1.Autoevaluacion-Centro-de-Salud-Primer-Ano<\/a><a href=\"https:\/\/www.afecvigo.es\/web\/wp-content\/uploads\/2021\/07\/9.0.1.Autoevaluacion-Centro-de-Salud-Primer-Ano.doc\" class=\"wp-block-file__button\" download aria-describedby=\"wp-block-file--media-b52d7d26-858a-47bd-8274-ed9d0043566e\">Descarga<\/a><\/div>\n\n\n\n<div class=\"wp-block-file\"><a id=\"wp-block-file--media-ed3b3333-b088-4336-9ab8-8d80e1113f15\" href=\"https:\/\/www.afecvigo.es\/web\/wp-content\/uploads\/2021\/07\/9.0.2.Autoevaluacion-Medicina-Interna-1.doc\">9.0.2.Autoevaluacion-Medicina-Interna-1<\/a><a href=\"https:\/\/www.afecvigo.es\/web\/wp-content\/uploads\/2021\/07\/9.0.2.Autoevaluacion-Medicina-Interna-1.doc\" class=\"wp-block-file__button\" download aria-describedby=\"wp-block-file--media-ed3b3333-b088-4336-9ab8-8d80e1113f15\">Descarga<\/a><\/div>\n\n\n\n<div class=\"wp-block-file\"><a id=\"wp-block-file--media-634ca02c-ad5b-4523-a018-6791fc582eb4\" href=\"https:\/\/www.afecvigo.es\/web\/wp-content\/uploads\/2021\/07\/9.2.6.-Autoevaluacion-Geriatria-1.doc\">9.2.6.-Autoevaluacion-Geriatria-1<\/a><a href=\"https:\/\/www.afecvigo.es\/web\/wp-content\/uploads\/2021\/07\/9.2.6.-Autoevaluacion-Geriatria-1.doc\" class=\"wp-block-file__button\" download aria-describedby=\"wp-block-file--media-634ca02c-ad5b-4523-a018-6791fc582eb4\">Descarga<\/a><\/div>\n<\/div>\n<\/div>\n\n\n\n<h2 class=\"wp-block-heading\">MIR2<\/h2>\n\n\n\n<div class=\"wp-block-columns are-vertically-aligned-center is-layout-flex wp-container-core-columns-is-layout-2 wp-block-columns-is-layout-flex\">\n<div class=\"wp-block-column is-vertically-aligned-center is-layout-flow wp-block-column-is-layout-flow\">\n<p class=\"has-text-align-right\">Centro de sa\u00fade rural<\/p>\n\n\n\n<p class=\"has-text-align-right\">Cardiolox\u00eda<\/p>\n\n\n\n<p class=\"has-text-align-right\">Neumolox\u00eda<\/p>\n\n\n\n<p class=\"has-text-align-right\">Endocrinolox\u00eda<\/p>\n\n\n\n<p class=\"has-text-align-right\">Neurolox\u00eda<\/p>\n\n\n\n<p class=\"has-text-align-right\">Dermatolox\u00eda<\/p>\n\n\n\n<p class=\"has-text-align-right\">Reumatolox\u00eda<\/p>\n\n\n\n<p class=\"has-text-align-right\">ORL<\/p>\n\n\n\n<p class=\"has-text-align-right\">Problemas dos ollos<\/p>\n<\/div>\n\n\n\n<div class=\"wp-block-column is-vertically-aligned-center is-layout-flow wp-block-column-is-layout-flow\">\n<div class=\"wp-block-file\"><a id=\"wp-block-file--media-dbbbd3ab-96e9-404c-99a0-caa90333427f\" href=\"https:\/\/www.afecvigo.es\/web\/wp-content\/uploads\/2021\/07\/9.0.3.Autoevaluacion-Centro-de-Salud-Rural.doc\">9.0.3.Autoevaluacion-Centro-de-Salud-Rural<\/a><a href=\"https:\/\/www.afecvigo.es\/web\/wp-content\/uploads\/2021\/07\/9.0.3.Autoevaluacion-Centro-de-Salud-Rural.doc\" class=\"wp-block-file__button\" download aria-describedby=\"wp-block-file--media-dbbbd3ab-96e9-404c-99a0-caa90333427f\">Descarga<\/a><\/div>\n\n\n\n<div class=\"wp-block-file\"><a id=\"wp-block-file--media-3c91ad17-c448-44be-9dda-ce7a5b9b4ed2\" href=\"https:\/\/www.afecvigo.es\/web\/wp-content\/uploads\/2021\/07\/9.1.1.-Autoevaluacion-Cardiologia.doc\">9.1.1.-Autoevaluacion-Cardiologia<\/a><a href=\"https:\/\/www.afecvigo.es\/web\/wp-content\/uploads\/2021\/07\/9.1.1.-Autoevaluacion-Cardiologia.doc\" class=\"wp-block-file__button\" download aria-describedby=\"wp-block-file--media-3c91ad17-c448-44be-9dda-ce7a5b9b4ed2\">Descarga<\/a><\/div>\n\n\n\n<div class=\"wp-block-file\"><a id=\"wp-block-file--media-f11e24dd-20ba-4e2d-8ce3-026de7a5be05\" href=\"https:\/\/www.afecvigo.es\/web\/wp-content\/uploads\/2021\/07\/9.1.2.-Autoevaluacion-Neumologia.doc\">9.1.2.-Autoevaluacion-Neumologia<\/a><a href=\"https:\/\/www.afecvigo.es\/web\/wp-content\/uploads\/2021\/07\/9.1.2.-Autoevaluacion-Neumologia.doc\" class=\"wp-block-file__button\" download aria-describedby=\"wp-block-file--media-f11e24dd-20ba-4e2d-8ce3-026de7a5be05\">Descarga<\/a><\/div>\n\n\n\n<div class=\"wp-block-file\"><a id=\"wp-block-file--media-540596d3-5952-4c43-8f5d-47e1014b574d\" href=\"https:\/\/www.afecvigo.es\/web\/wp-content\/uploads\/2021\/07\/9.1.5.-Autovaloracion-Endocrinologia.doc\">9.1.5.-Autovaloracion-Endocrinologia<\/a><a href=\"https:\/\/www.afecvigo.es\/web\/wp-content\/uploads\/2021\/07\/9.1.5.-Autovaloracion-Endocrinologia.doc\" class=\"wp-block-file__button\" download aria-describedby=\"wp-block-file--media-540596d3-5952-4c43-8f5d-47e1014b574d\">Descarga<\/a><\/div>\n\n\n\n<div class=\"wp-block-file\"><a id=\"wp-block-file--media-4f5686cc-5790-4374-963b-43ba763dac7c\" href=\"https:\/\/www.afecvigo.es\/web\/wp-content\/uploads\/2021\/07\/9.1.7.-Autoevaluacion-Neurologia.doc\">9.1.7.-Autoevaluacion-Neurologia<\/a><a href=\"https:\/\/www.afecvigo.es\/web\/wp-content\/uploads\/2021\/07\/9.1.7.-Autoevaluacion-Neurologia.doc\" class=\"wp-block-file__button\" download aria-describedby=\"wp-block-file--media-4f5686cc-5790-4374-963b-43ba763dac7c\">Descarga<\/a><\/div>\n\n\n\n<div class=\"wp-block-file\"><a id=\"wp-block-file--media-f1405cd3-27f0-49f7-9fd3-47838d34fe97\" href=\"https:\/\/www.afecvigo.es\/web\/wp-content\/uploads\/2021\/07\/9.1.9.-Autoevaluacion-Dematologia.doc\">9.1.9.-Autoevaluacion-Dematologia<\/a><a href=\"https:\/\/www.afecvigo.es\/web\/wp-content\/uploads\/2021\/07\/9.1.9.-Autoevaluacion-Dematologia.doc\" class=\"wp-block-file__button\" download aria-describedby=\"wp-block-file--media-f1405cd3-27f0-49f7-9fd3-47838d34fe97\">Descarga<\/a><\/div>\n\n\n\n<div class=\"wp-block-file\"><a id=\"wp-block-file--media-1a33cd69-78c7-40a1-b0b1-9a5ad40fef32\" href=\"https:\/\/www.afecvigo.es\/web\/wp-content\/uploads\/2021\/07\/9.1.12.-Autoevaluacion-Reumatologia.doc\">9.1.12.-Autoevaluacion-Reumatologia<\/a><a href=\"https:\/\/www.afecvigo.es\/web\/wp-content\/uploads\/2021\/07\/9.1.12.-Autoevaluacion-Reumatologia.doc\" class=\"wp-block-file__button\" download aria-describedby=\"wp-block-file--media-1a33cd69-78c7-40a1-b0b1-9a5ad40fef32\">Descarga<\/a><\/div>\n\n\n\n<div class=\"wp-block-file\"><a id=\"wp-block-file--media-50151835-2802-4c47-bfa3-2344a243e7dc\" href=\"https:\/\/www.afecvigo.es\/web\/wp-content\/uploads\/2021\/07\/9.1.13.-Autoevaluacion-ORL.doc\">9.1.13.-Autoevaluacion-ORL<\/a><a href=\"https:\/\/www.afecvigo.es\/web\/wp-content\/uploads\/2021\/07\/9.1.13.-Autoevaluacion-ORL.doc\" class=\"wp-block-file__button\" download aria-describedby=\"wp-block-file--media-50151835-2802-4c47-bfa3-2344a243e7dc\">Descarga<\/a><\/div>\n\n\n\n<div class=\"wp-block-file\"><a id=\"wp-block-file--media-1550fce2-2d33-455c-be2f-621723f80501\" href=\"https:\/\/www.afecvigo.es\/web\/wp-content\/uploads\/2021\/07\/9.1.14.Autoevaluacion-problemas-de-los-ojos.doc\">9.1.14.Autoevaluacion-problemas-de-los-ojos<\/a><a href=\"https:\/\/www.afecvigo.es\/web\/wp-content\/uploads\/2021\/07\/9.1.14.Autoevaluacion-problemas-de-los-ojos.doc\" class=\"wp-block-file__button\" download aria-describedby=\"wp-block-file--media-1550fce2-2d33-455c-be2f-621723f80501\">Descarga<\/a><\/div>\n<\/div>\n<\/div>\n\n\n\n<h2 class=\"wp-block-heading\">MIR3<\/h2>\n\n\n\n<div class=\"wp-block-columns are-vertically-aligned-center is-layout-flex wp-container-core-columns-is-layout-3 wp-block-columns-is-layout-flex\">\n<div class=\"wp-block-column is-vertically-aligned-center is-layout-flow wp-block-column-is-layout-flow\">\n<p class=\"has-text-align-right\">Sa\u00fade mental<\/p>\n\n\n\n<p class=\"has-text-align-right\">Pediatr\u00eda<\/p>\n\n\n\n<p class=\"has-text-align-right\">Programa da muller<\/p>\n\n\n\n<p class=\"has-text-align-right\">Dixestivo<\/p>\n\n\n\n<p class=\"has-text-align-right\">Fichas Castro<\/p>\n\n\n\n<p class=\"has-text-align-right\">Hematolox\u00eda<\/p>\n\n\n\n<p class=\"has-text-align-right\">Radiolox\u00eda<\/p>\n<\/div>\n\n\n\n<div class=\"wp-block-column is-vertically-aligned-center is-layout-flow wp-block-column-is-layout-flow\">\n<div class=\"wp-block-file\"><a id=\"wp-block-file--media-661470ab-41c5-43eb-8d07-7f85f43c9abb\" href=\"https:\/\/www.afecvigo.es\/web\/wp-content\/uploads\/2021\/07\/9.1.6.-Autoevaluacion-Salud-Mental.doc\">9.1.6.-Autoevaluacion-Salud-Mental<\/a><a href=\"https:\/\/www.afecvigo.es\/web\/wp-content\/uploads\/2021\/07\/9.1.6.-Autoevaluacion-Salud-Mental.doc\" class=\"wp-block-file__button\" download aria-describedby=\"wp-block-file--media-661470ab-41c5-43eb-8d07-7f85f43c9abb\">Descarga<\/a><\/div>\n\n\n\n<div class=\"wp-block-file\"><a id=\"wp-block-file--media-91674a72-d639-40bb-9081-ea120b2e7b32\" href=\"https:\/\/www.afecvigo.es\/web\/wp-content\/uploads\/2021\/07\/9.2.1.-Autoevaluacion-Pediatria.doc\">9.2.1.-Autoevaluacion-Pediatria<\/a><a href=\"https:\/\/www.afecvigo.es\/web\/wp-content\/uploads\/2021\/07\/9.2.1.-Autoevaluacion-Pediatria.doc\" class=\"wp-block-file__button\" download aria-describedby=\"wp-block-file--media-91674a72-d639-40bb-9081-ea120b2e7b32\">Descarga<\/a><\/div>\n\n\n\n<div class=\"wp-block-file\"><a id=\"wp-block-file--media-69c9ecea-26c1-4a66-9bd6-3f3a7ee2eefb\" href=\"https:\/\/www.afecvigo.es\/web\/wp-content\/uploads\/2021\/07\/9.2.3-Autoevaluacion-Programa-de-la-Mujer.doc\">9.2.3-Autoevaluacion-Programa-de-la-Mujer<\/a><a href=\"https:\/\/www.afecvigo.es\/web\/wp-content\/uploads\/2021\/07\/9.2.3-Autoevaluacion-Programa-de-la-Mujer.doc\" class=\"wp-block-file__button\" download aria-describedby=\"wp-block-file--media-69c9ecea-26c1-4a66-9bd6-3f3a7ee2eefb\">Descarga<\/a><\/div>\n\n\n\n<div class=\"wp-block-file\"><a id=\"wp-block-file--media-b0b4a042-05ad-4b8c-b49b-56f066f2595d\" href=\"https:\/\/www.afecvigo.es\/web\/wp-content\/uploads\/2021\/07\/Digestivo.doc\">Digestivo<\/a><a href=\"https:\/\/www.afecvigo.es\/web\/wp-content\/uploads\/2021\/07\/Digestivo.doc\" class=\"wp-block-file__button\" download aria-describedby=\"wp-block-file--media-b0b4a042-05ad-4b8c-b49b-56f066f2595d\">Descarga<\/a><\/div>\n\n\n\n<div class=\"wp-block-file\"><a id=\"wp-block-file--media-5a38e8a3-f4eb-4713-8db0-b2c33390156e\" href=\"https:\/\/www.afecvigo.es\/web\/wp-content\/uploads\/2021\/07\/Fichas-Evaluacion_M-Castro.doc\">Fichas-Evaluacion_M-Castro<\/a><a href=\"https:\/\/www.afecvigo.es\/web\/wp-content\/uploads\/2021\/07\/Fichas-Evaluacion_M-Castro.doc\" class=\"wp-block-file__button\" download aria-describedby=\"wp-block-file--media-5a38e8a3-f4eb-4713-8db0-b2c33390156e\">Descarga<\/a><\/div>\n\n\n\n<div class=\"wp-block-file\"><a id=\"wp-block-file--media-5ccf8e8d-badc-48be-9a41-90eaf658b67b\" href=\"https:\/\/www.afecvigo.es\/web\/wp-content\/uploads\/2021\/07\/Hematologia.doc\">Hematologia<\/a><a href=\"https:\/\/www.afecvigo.es\/web\/wp-content\/uploads\/2021\/07\/Hematologia.doc\" class=\"wp-block-file__button\" download aria-describedby=\"wp-block-file--media-5ccf8e8d-badc-48be-9a41-90eaf658b67b\">Descarga<\/a><\/div>\n\n\n\n<div class=\"wp-block-file\"><a id=\"wp-block-file--media-7a0fbd24-fea3-40d5-9cce-51b25d796d4b\" href=\"https:\/\/www.afecvigo.es\/web\/wp-content\/uploads\/2021\/07\/Radiologia.doc\">Radiologia<\/a><a href=\"https:\/\/www.afecvigo.es\/web\/wp-content\/uploads\/2021\/07\/Radiologia.doc\" class=\"wp-block-file__button\" download aria-describedby=\"wp-block-file--media-7a0fbd24-fea3-40d5-9cce-51b25d796d4b\">Descarga<\/a><\/div>\n<\/div>\n<\/div>\n\n\n\n<h2 class=\"wp-block-heading\">MIR4<\/h2>\n\n\n\n<p> <\/p>\n\n\n\n<div class=\"wp-block-columns are-vertically-aligned-center is-layout-flex wp-container-core-columns-is-layout-4 wp-block-columns-is-layout-flex\">\n<div class=\"wp-block-column is-vertically-aligned-center is-layout-flow wp-block-column-is-layout-flow\">\n<p class=\"has-text-align-right\">Formaci\u00f3n, investigaci\u00f3n e docencia<\/p>\n\n\n\n<p class=\"has-text-align-right\">Competencias esenciais<\/p>\n\n\n\n<p class=\"has-text-align-right\">Factores de risco<\/p>\n\n\n\n<p class=\"has-text-align-right\">Familia comunidade<\/p>\n\n\n\n<p class=\"has-text-align-right\">Atenci\u00f3n \u00f3 individuo<\/p>\n<\/div>\n\n\n\n<div class=\"wp-block-column is-vertically-aligned-center is-layout-flow wp-block-column-is-layout-flow\">\n<div class=\"wp-block-file\"><a id=\"wp-block-file--media-8838dcab-4602-4b39-8d7e-3a1b7a551c34\" href=\"https:\/\/www.afecvigo.es\/web\/wp-content\/uploads\/2021\/07\/MIR-4-Autoevaluacion-formacion-docencia-e-investigacion.doc\">MIR-4-Autoevaluacion-formacion-docencia-e-investigacion<\/a><a href=\"https:\/\/www.afecvigo.es\/web\/wp-content\/uploads\/2021\/07\/MIR-4-Autoevaluacion-formacion-docencia-e-investigacion.doc\" class=\"wp-block-file__button\" download aria-describedby=\"wp-block-file--media-8838dcab-4602-4b39-8d7e-3a1b7a551c34\">Descarga<\/a><\/div>\n\n\n\n<div class=\"wp-block-file\"><a id=\"wp-block-file--media-00a53aee-dbb1-4439-a1df-e237a027694e\" href=\"https:\/\/www.afecvigo.es\/web\/wp-content\/uploads\/2021\/07\/MIR-4_Autoevaluacion-Competencias-esenciales.doc\">MIR-4_Autoevaluacion-Competencias-esenciales<\/a><a href=\"https:\/\/www.afecvigo.es\/web\/wp-content\/uploads\/2021\/07\/MIR-4_Autoevaluacion-Competencias-esenciales.doc\" class=\"wp-block-file__button\" download aria-describedby=\"wp-block-file--media-00a53aee-dbb1-4439-a1df-e237a027694e\">Descarga<\/a><\/div>\n\n\n\n<div class=\"wp-block-file\"><a id=\"wp-block-file--media-6bb39336-5513-450c-8405-4769f5380eb1\" href=\"https:\/\/www.afecvigo.es\/web\/wp-content\/uploads\/2021\/07\/MIR-4_Autoevaluacion-Factores-de-riesgo.doc\">MIR-4_Autoevaluacion-Factores-de-riesgo<\/a><a href=\"https:\/\/www.afecvigo.es\/web\/wp-content\/uploads\/2021\/07\/MIR-4_Autoevaluacion-Factores-de-riesgo.doc\" class=\"wp-block-file__button\" download aria-describedby=\"wp-block-file--media-6bb39336-5513-450c-8405-4769f5380eb1\">Descarga<\/a><\/div>\n\n\n\n<div class=\"wp-block-file\"><a id=\"wp-block-file--media-0628f2e7-ce55-45b4-b3ae-a7a920889ecf\" href=\"https:\/\/www.afecvigo.es\/web\/wp-content\/uploads\/2021\/07\/MIR-4_Autoevaluacion-Familia-comunidad-.doc\">MIR-4_Autoevaluacion-Familia-comunidad-<\/a><a href=\"https:\/\/www.afecvigo.es\/web\/wp-content\/uploads\/2021\/07\/MIR-4_Autoevaluacion-Familia-comunidad-.doc\" class=\"wp-block-file__button\" download aria-describedby=\"wp-block-file--media-0628f2e7-ce55-45b4-b3ae-a7a920889ecf\">Descarga<\/a><\/div>\n\n\n\n<div class=\"wp-block-file\"><a id=\"wp-block-file--media-133883b7-4ecd-4433-b0de-e6c5dd54cc41\" href=\"https:\/\/www.afecvigo.es\/web\/wp-content\/uploads\/2021\/07\/MIR4_Atencion-al-individuo.doc\">MIR4_Atencion-al-individuo<\/a><a href=\"https:\/\/www.afecvigo.es\/web\/wp-content\/uploads\/2021\/07\/MIR4_Atencion-al-individuo.doc\" class=\"wp-block-file__button\" download aria-describedby=\"wp-block-file--media-133883b7-4ecd-4433-b0de-e6c5dd54cc41\">Descarga<\/a><\/div>\n<\/div>\n<\/div>\n\n\n\n<h2 class=\"wp-block-heading\">Urxencias<\/h2>\n\n\n\n<div class=\"wp-block-columns are-vertically-aligned-center is-layout-flex wp-container-core-columns-is-layout-5 wp-block-columns-is-layout-flex\">\n<div class=\"wp-block-column is-vertically-aligned-center is-layout-flow wp-block-column-is-layout-flow\">\n<p class=\"has-text-align-right\">Traumatolox\u00eda<\/p>\n\n\n\n<p class=\"has-text-align-right\">Urxencias<\/p>\n<\/div>\n\n\n\n<div class=\"wp-block-column is-vertically-aligned-center is-layout-flow wp-block-column-is-layout-flow\">\n<div class=\"wp-block-file\"><a id=\"wp-block-file--media-e96bed06-c074-4c3d-9854-2b021a120262\" href=\"https:\/\/www.afecvigo.es\/web\/wp-content\/uploads\/2021\/07\/9.1.10.Autoevaluacion-Traumatologia.doc\">9.1.10.Autoevaluacion-Traumatologia<\/a><a href=\"https:\/\/www.afecvigo.es\/web\/wp-content\/uploads\/2021\/07\/9.1.10.Autoevaluacion-Traumatologia.doc\" class=\"wp-block-file__button\" download aria-describedby=\"wp-block-file--media-e96bed06-c074-4c3d-9854-2b021a120262\">Descarga<\/a><\/div>\n\n\n\n<div class=\"wp-block-file\"><a id=\"wp-block-file--media-f6bf7d04-93b6-42c4-8f2d-30bce35f38a5\" href=\"https:\/\/www.afecvigo.es\/web\/wp-content\/uploads\/2021\/07\/9.1.16.-Autoevaluacion-Urgencias.doc\">9.1.16.-Autoevaluacion-Urgencias<\/a><a href=\"https:\/\/www.afecvigo.es\/web\/wp-content\/uploads\/2021\/07\/9.1.16.-Autoevaluacion-Urgencias.doc\" class=\"wp-block-file__button\" download aria-describedby=\"wp-block-file--media-f6bf7d04-93b6-42c4-8f2d-30bce35f38a5\">Descarga<\/a><\/div>\n<\/div>\n<\/div>\n","protected":false},"excerpt":{"rendered":"<p>MIR1 Centro de sa\u00fade Medicina Interna Xeriatr\u00eda MIR2 Centro de sa\u00fade rural Cardiolox\u00eda Neumolox\u00eda Endocrinolox\u00eda Neurolox\u00eda Dermatolox\u00eda Reumatolox\u00eda ORL Problemas dos ollos MIR3 Sa\u00fade mental Pediatr\u00eda Programa da muller Dixestivo Fichas Castro Hematolox\u00eda Radiolox\u00eda MIR4 Formaci\u00f3n, investigaci\u00f3n e docencia Competencias esenciais Factores de risco Familia comunidade Atenci\u00f3n \u00f3 individuo Urxencias Traumatolox\u00eda Urxencias<\/p>\n","protected":false},"author":1,"featured_media":0,"parent":0,"menu_order":0,"comment_status":"closed","ping_status":"closed","template":"","meta":{"footnotes":""},"class_list":["post-1946","page","type-page","status-publish","hentry"],"_links":{"self":[{"href":"https:\/\/www.afecvigo.es\/web\/index.php?rest_route=\/wp\/v2\/pages\/1946","targetHints":{"allow":["GET"]}}],"collection":[{"href":"https:\/\/www.afecvigo.es\/web\/index.php?rest_route=\/wp\/v2\/pages"}],"about":[{"href":"https:\/\/www.afecvigo.es\/web\/index.php?rest_route=\/wp\/v2\/types\/page"}],"author":[{"embeddable":true,"href":"https:\/\/www.afecvigo.es\/web\/index.php?rest_route=\/wp\/v2\/users\/1"}],"replies":[{"embeddable":true,"href":"https:\/\/www.afecvigo.es\/web\/index.php?rest_route=%2Fwp%2Fv2%2Fcomments&post=1946"}],"version-history":[{"count":9,"href":"https:\/\/www.afecvigo.es\/web\/index.php?rest_route=\/wp\/v2\/pages\/1946\/revisions"}],"predecessor-version":[{"id":5344,"href":"https:\/\/www.afecvigo.es\/web\/index.php?rest_route=\/wp\/v2\/pages\/1946\/revisions\/5344"}],"wp:attachment":[{"href":"https:\/\/www.afecvigo.es\/web\/index.php?rest_route=%2Fwp%2Fv2%2Fmedia&parent=1946"}],"curies":[{"name":"wp","href":"https:\/\/api.w.org\/{rel}","templated":true}]}}