{"id":1698,"date":"2021-07-06T07:16:01","date_gmt":"2021-07-06T07:16:01","guid":{"rendered":"https:\/\/www.afecvigo.es\/web\/?page_id=1698"},"modified":"2025-04-16T11:31:13","modified_gmt":"2025-04-16T11:31:13","slug":"hospitales","status":"publish","type":"page","link":"https:\/\/www.afecvigo.es\/web\/?page_id=1698","title":{"rendered":"Hospitais"},"content":{"rendered":"\t\t<div data-elementor-type=\"wp-page\" data-elementor-id=\"1698\" class=\"elementor elementor-1698\">\n\t\t\t\t\t\t<div class=\"elementor-inner\">\n\t\t\t\t<div class=\"elementor-section-wrap\">\n\t\t\t\t\t\t\t\t\t<section class=\"elementor-section elementor-top-section elementor-element elementor-element-3c68796 elementor-section-boxed elementor-section-height-default elementor-section-height-default\" data-id=\"3c68796\" data-element_type=\"section\">\n\t\t\t\t\t\t<div class=\"elementor-container elementor-column-gap-default\">\n\t\t\t\t\t\t\t<div class=\"elementor-row\">\n\t\t\t\t\t<div class=\"elementor-column elementor-col-100 elementor-top-column elementor-element elementor-element-34e0654c\" data-id=\"34e0654c\" data-element_type=\"column\">\n\t\t\t<div class=\"elementor-column-wrap elementor-element-populated\">\n\t\t\t\t\t\t\t<div class=\"elementor-widget-wrap\">\n\t\t\t\t\t\t<div class=\"elementor-element elementor-element-7bfcde2b elementor-widget elementor-widget-text-editor\" data-id=\"7bfcde2b\" data-element_type=\"widget\" data-widget_type=\"text-editor.default\">\n\t\t\t\t<div class=\"elementor-widget-container\">\n\t\t\t\t\t\t\t\t<div class=\"elementor-text-editor elementor-clearfix\">\n\t\t\t\t<!-- wp:heading -->\n<h2>Complexo hospitalario universitario de Vigo<\/h2>\n<!-- \/wp:heading -->\n\n<!-- wp:heading {\"level\":4} -->\n<h4>Hospital \u00c1lvaro Cunqueiro<\/h4>\n<!-- \/wp:heading -->\n\n<!-- wp:columns {\"style\":{\"color\":{\"background\":\"#edf0f2\"}},\"className\":\"centros-de-saude\"} -->\n<div class=\"wp-block-columns centros-de-saude has-background\" style=\"background-color:#edf0f2\"><!-- wp:column {\"verticalAlignment\":\"top\"} -->\n<div class=\"wp-block-column is-vertically-aligned-top\"><!-- wp:image {\"id\":1142,\"sizeSlug\":\"large\",\"linkDestination\":\"none\"} -->\n<figure class=\"wp-block-image size-large\"><img loading=\"lazy\" decoding=\"async\" width=\"1024\" height=\"556\" src=\"http:\/\/www.udmdeafycdevigo.com\/wp-content\/uploads\/2020\/12\/cunqueiro-1024x556.jpg\" alt=\"\" class=\"wp-image-1142\" srcset=\"https:\/\/www.afecvigo.es\/web\/wp-content\/uploads\/2020\/12\/cunqueiro-1024x556.jpg 1024w, https:\/\/www.afecvigo.es\/web\/wp-content\/uploads\/2020\/12\/cunqueiro-300x163.jpg 300w, https:\/\/www.afecvigo.es\/web\/wp-content\/uploads\/2020\/12\/cunqueiro-768x417.jpg 768w, https:\/\/www.afecvigo.es\/web\/wp-content\/uploads\/2020\/12\/cunqueiro.jpg 1400w\" sizes=\"auto, (max-width: 1024px) 100vw, 1024px\" \/><\/figure>\n<!-- \/wp:image -->\n\n<!-- wp:paragraph -->\n<p><strong>Direcci\u00f3n<\/strong>: Estrada de Clara Campoamor , 341, 36213 Vigo, Pontevedra<\/p>\n<!-- \/wp:paragraph --><\/div>\n<!-- \/wp:column -->\n\n<!-- wp:column {\"verticalAlignment\":\"top\"} -->\n<div class=\"wp-block-column is-vertically-aligned-top\"><!-- wp:paragraph -->\n<p><div class=\"su-gmap su-u-responsive-media-yes\"><iframe loading=\"lazy\" width=\"33\" height=\"100\" src=\"\/\/maps.google.com\/maps?q=Estrada%20de%20Clara%20Campoamor%20%2C%20341%2C%2036213%20Vigo%2C%20Pontevedra&amp;output=embed&amp;z=15\" title=\"\"><\/iframe><\/div><\/p>\n<!-- \/wp:paragraph -->\n\n<!-- wp:paragraph -->\n<p><strong>Tel\u00e9fono<\/strong>: 986 81 11 11<\/p>\n<!-- \/wp:paragraph --><\/div>\n<!-- \/wp:column --><\/div>\n<!-- \/wp:columns -->\n\n<!-- wp:heading {\"level\":4} -->\n<h4>Hospital Meixoeiro<\/h4>\n<!-- \/wp:heading -->\n\n<!-- wp:columns {\"verticalAlignment\":\"top\",\"style\":{\"color\":{\"background\":\"#edf0f2\"}},\"className\":\"centros-de-saude\"} -->\n<div class=\"wp-block-columns are-vertically-aligned-top centros-de-saude has-background\" style=\"background-color:#edf0f2\"><!-- wp:column {\"verticalAlignment\":\"top\"} -->\n<div class=\"wp-block-column is-vertically-aligned-top\"><!-- wp:image {\"id\":1143,\"sizeSlug\":\"large\",\"linkDestination\":\"none\"} -->\n<figure class=\"wp-block-image size-large\"><img loading=\"lazy\" decoding=\"async\" width=\"500\" height=\"324\" src=\"http:\/\/www.udmdeafycdevigo.com\/wp-content\/uploads\/2020\/12\/meixoeiro.jpg\" alt=\"\" class=\"wp-image-1143\" srcset=\"https:\/\/www.afecvigo.es\/web\/wp-content\/uploads\/2020\/12\/meixoeiro.jpg 500w, https:\/\/www.afecvigo.es\/web\/wp-content\/uploads\/2020\/12\/meixoeiro-300x194.jpg 300w\" sizes=\"auto, (max-width: 500px) 100vw, 500px\" \/><\/figure>\n<!-- \/wp:image -->\n\n<!-- wp:paragraph -->\n<p><strong>Direcci\u00f3n<\/strong>: R\u00faa Rosal\u00eda de Castro, 21-23, 36313 Vigo, Pontevedra<\/p>\n<!-- \/wp:paragraph --><\/div>\n<!-- \/wp:column -->\n\n<!-- wp:column {\"verticalAlignment\":\"top\"} -->\n<div class=\"wp-block-column is-vertically-aligned-top\"><!-- wp:paragraph -->\n<p><div class=\"su-gmap su-u-responsive-media-yes\"><iframe loading=\"lazy\" width=\"33\" height=\"100\" src=\"\/\/maps.google.com\/maps?q=R%C3%BAa%20Rosal%C3%ADa%20de%20Castro%2C%2021-23%2C%2036201%2C%20Vigo%2C%20Pontevedra&amp;output=embed&amp;z=15\" title=\"\"><\/iframe><\/div><\/p>\n<!-- \/wp:paragraph -->\n\n<!-- wp:paragraph -->\n<p><strong>Tel\u00e9fono<\/strong>: 986 81 11 11<\/p>\n<!-- \/wp:paragraph --><\/div>\n<!-- \/wp:column --><\/div>\n<!-- \/wp:columns -->\n\n<!-- wp:heading {\"level\":4} -->\n<h4>Hospital Nicolas Pe\u00f1a<\/h4>\n<!-- \/wp:heading -->\n\n<!-- wp:columns {\"verticalAlignment\":\"top\",\"style\":{\"color\":{\"background\":\"#edf0f2\"}},\"className\":\"centros-de-saude\"} -->\n<div class=\"wp-block-columns are-vertically-aligned-top centros-de-saude has-background\" style=\"background-color:#edf0f2\"><!-- wp:column {\"verticalAlignment\":\"top\"} -->\n<div class=\"wp-block-column is-vertically-aligned-top\"><!-- wp:image {\"id\":1148,\"sizeSlug\":\"large\",\"linkDestination\":\"none\"} -->\n<figure class=\"wp-block-image size-large\"><img loading=\"lazy\" decoding=\"async\" width=\"736\" height=\"492\" src=\"http:\/\/www.udmdeafycdevigo.com\/wp-content\/uploads\/2020\/12\/pena-1.jpg\" alt=\"\" class=\"wp-image-1148\" srcset=\"https:\/\/www.afecvigo.es\/web\/wp-content\/uploads\/2020\/12\/pena-1.jpg 736w, https:\/\/www.afecvigo.es\/web\/wp-content\/uploads\/2020\/12\/pena-1-300x201.jpg 300w\" sizes=\"auto, (max-width: 736px) 100vw, 736px\" \/><\/figure>\n<!-- \/wp:image -->\n\n<!-- wp:paragraph -->\n<p><strong>Direcci\u00f3n<\/strong>: Avenida das Camelias, 109, 36211 Vigo, Pontevedra<\/p>\n<!-- \/wp:paragraph --><\/div>\n<!-- \/wp:column -->\n\n<!-- wp:column {\"verticalAlignment\":\"top\"} -->\n<div class=\"wp-block-column is-vertically-aligned-top\"><!-- wp:paragraph -->\n<p><div class=\"su-gmap su-u-responsive-media-yes\"><iframe loading=\"lazy\" width=\"33\" height=\"100\" src=\"\/\/maps.google.com\/maps?q=Avenida%20das%20Camelias%2C%20109%2C%2036211%20Vigo%2C%20Pontevedra&amp;output=embed&amp;z=15\" title=\"\"><\/iframe><\/div><\/p>\n<!-- \/wp:paragraph -->\n\n<!-- wp:paragraph -->\n<p><strong>Tel\u00e9fono<\/strong>: 986 81 11 11<\/p>\n<!-- \/wp:paragraph --><\/div>\n<!-- \/wp:column --><\/div>\n<!-- \/wp:columns -->\n\n<!-- wp:heading -->\n<h2>Titores<\/h2>\n<!-- \/wp:heading -->\n\n<!-- wp:columns -->\n<div class=\"wp-block-columns\"><!-- wp:column -->\n<div class=\"wp-block-column\"><!-- wp:heading {\"textAlign\":\"center\",\"level\":5} -->\n<h5 class=\"has-text-align-center\">Titores hostipalarios (Servicio de Urxencias)<\/h5>\n<!-- \/wp:heading -->\n\n<!-- wp:paragraph {\"align\":\"center\",\"style\":{\"color\":{\"background\":\"#edf0f2\"}}} -->\n<p class=\"has-text-align-center has-background\" style=\"background-color:#edf0f2\">Dra. Raquel Rodr\u00edguez Calveiro<br>Dr. Miguel Vilar P\u00e9rez<br>Dra. F\u00e1tima Barcala del Ca\u00f1o<\/p>\n<!-- \/wp:paragraph --><\/div>\n<!-- \/wp:column -->\n\n<!-- wp:column -->\n<div class=\"wp-block-column\"><!-- wp:heading {\"textAlign\":\"center\",\"level\":5} -->\n<h5 class=\"has-text-align-center\">Titores hostipalarios (Serv. Medicina Interna)<\/h5>\n<!-- \/wp:heading -->\n\n<!-- wp:paragraph {\"align\":\"center\",\"style\":{\"color\":{\"background\":\"#edf0f2\"}}} -->\n<p class=\"has-text-align-center has-background\" style=\"background-color:#edf0f2\">Dr. Avelino Rodr\u00edguez Gonz\u00e1lez<\/p>\n<!-- \/wp:paragraph --><\/div>\n<!-- \/wp:column --><\/div>\n<!-- \/wp:columns -->\n\n<!-- wp:heading -->\n<h2>Hospital Povisa<\/h2>\n<!-- \/wp:heading -->\n\n<!-- wp:columns {\"verticalAlignment\":\"top\",\"style\":{\"color\":{\"background\":\"#edf0f2\"}},\"className\":\"centros-de-saude\"} -->\n<div class=\"wp-block-columns are-vertically-aligned-top centros-de-saude has-background\" style=\"background-color:#edf0f2\"><!-- wp:column {\"verticalAlignment\":\"top\"} -->\n<div class=\"wp-block-column is-vertically-aligned-top\"><!-- wp:image {\"id\":1145,\"sizeSlug\":\"large\",\"linkDestination\":\"none\"} -->\n<figure class=\"wp-block-image size-large\"><img loading=\"lazy\" decoding=\"async\" width=\"1024\" height=\"576\" src=\"http:\/\/www.udmdeafycdevigo.com\/wp-content\/uploads\/2020\/12\/povisa-1024x576.jpg\" alt=\"\" class=\"wp-image-1145\" srcset=\"https:\/\/www.afecvigo.es\/web\/wp-content\/uploads\/2020\/12\/povisa-1024x576.jpg 1024w, https:\/\/www.afecvigo.es\/web\/wp-content\/uploads\/2020\/12\/povisa-300x169.jpg 300w, https:\/\/www.afecvigo.es\/web\/wp-content\/uploads\/2020\/12\/povisa-768x432.jpg 768w, https:\/\/www.afecvigo.es\/web\/wp-content\/uploads\/2020\/12\/povisa.jpg 1280w\" sizes=\"auto, (max-width: 1024px) 100vw, 1024px\" \/><\/figure>\n<!-- \/wp:image -->\n\n<!-- wp:paragraph -->\n<p><strong>Direcci\u00f3n<\/strong>: R\u00faa de Salamanca, 5, 36211 Vigo, Pontevedra<\/p>\n<!-- \/wp:paragraph --><\/div>\n<!-- \/wp:column -->\n\n<!-- wp:column {\"verticalAlignment\":\"top\"} -->\n<div class=\"wp-block-column is-vertically-aligned-top\"><!-- wp:paragraph -->\n<p><div class=\"su-gmap su-u-responsive-media-yes\"><iframe loading=\"lazy\" width=\"33\" height=\"100\" src=\"\/\/maps.google.com\/maps?q=R%C3%BAa%20de%20Salamanca%2C%205%2C%2036211%20Vigo%2C%20Pontevedra&amp;output=embed&amp;z=15\" title=\"\"><\/iframe><\/div><\/p>\n<!-- \/wp:paragraph -->\n\n<!-- wp:paragraph -->\n<p><strong>Tel\u00e9fono<\/strong>: 986 41 31 44<\/p>\n<!-- \/wp:paragraph --><\/div>\n<!-- \/wp:column --><\/div>\n<!-- \/wp:columns -->\n\n<!-- wp:heading -->\n<h2>Titores<\/h2>\n<!-- \/wp:heading -->\n\n<!-- wp:columns -->\n<div class=\"wp-block-columns\"><!-- wp:column -->\n<div class=\"wp-block-column\"><!-- wp:heading {\"textAlign\":\"center\",\"level\":5} -->\n<h5 class=\"has-text-align-center\">Titores hostipalarios (Servicio de Urxencias)<\/h5>\n<!-- \/wp:heading -->\n\n<!-- wp:paragraph {\"align\":\"center\",\"style\":{\"color\":{\"background\":\"#edf0f2\"}}} -->\n<p class=\"has-text-align-center has-background\" style=\"background-color:#edf0f2\">Eva Mar\u00eda S\u00e1nchez Seijo<\/p>\n<!-- \/wp:paragraph --><\/div>\n<!-- \/wp:column -->\n\n<!-- wp:column -->\n<div class=\"wp-block-column\"><!-- wp:heading {\"textAlign\":\"center\",\"level\":5} -->\n<h5 class=\"has-text-align-center\">Titores hostipalarios (Serv. Medicina Interna)<\/h5>\n<!-- \/wp:heading -->\n\n<!-- wp:paragraph {\"align\":\"center\",\"style\":{\"color\":{\"background\":\"#edf0f2\"}}} -->\n<p class=\"has-text-align-center has-background\" style=\"background-color:#edf0f2\">Laura Gonz\u00e1lez V\u00e1zquez<\/p>\n<!-- \/wp:paragraph --><\/div>\n<!-- \/wp:column --><\/div>\n<!-- \/wp:columns -->\t\t\t\t\t<\/div>\n\t\t\t\t\t\t<\/div>\n\t\t\t\t<\/div>\n\t\t\t\t\t\t<\/div>\n\t\t\t\t\t<\/div>\n\t\t<\/div>\n\t\t\t\t\t\t\t\t<\/div>\n\t\t\t\t\t<\/div>\n\t\t<\/section>\n\t\t\t\t<section class=\"elementor-section elementor-top-section elementor-element elementor-element-90ce1d8 elementor-section-boxed elementor-section-height-default elementor-section-height-default\" data-id=\"90ce1d8\" data-element_type=\"section\">\n\t\t\t\t\t\t<div class=\"elementor-container elementor-column-gap-default\">\n\t\t\t\t\t\t\t<div class=\"elementor-row\">\n\t\t\t\t\t<div class=\"elementor-column elementor-col-100 elementor-top-column elementor-element elementor-element-64c6598\" data-id=\"64c6598\" data-element_type=\"column\">\n\t\t\t<div class=\"elementor-column-wrap\">\n\t\t\t\t\t\t\t<div class=\"elementor-widget-wrap\">\n\t\t\t\t\t\t\t\t<\/div>\n\t\t\t\t\t<\/div>\n\t\t<\/div>\n\t\t\t\t\t\t\t\t<\/div>\n\t\t\t\t\t<\/div>\n\t\t<\/section>\n\t\t\t\t\t\t\t\t\t<\/div>\n\t\t\t<\/div>\n\t\t\t\t\t<\/div>\n\t\t","protected":false},"excerpt":{"rendered":"<p>Complexo hospitalario universitario de Vigo Hospital \u00c1lvaro Cunqueiro Direcci\u00f3n: Estrada de Clara Campoamor , 341, 36213 Vigo, Pontevedra Tel\u00e9fono: 986 81 11 11 Hospital Meixoeiro Direcci\u00f3n: R\u00faa Rosal\u00eda de Castro, 21-23, 36313 Vigo, Pontevedra Tel\u00e9fono: 986 81 11 11 Hospital Nicolas Pe\u00f1a Direcci\u00f3n: Avenida das Camelias, 109, 36211 Vigo, Pontevedra Tel\u00e9fono: 986 81 11 11 &hellip;<\/p>\n<p class=\"read-more\"> <a class=\"\" href=\"https:\/\/www.afecvigo.es\/web\/?page_id=1698\"> <span class=\"screen-reader-text\">Hospitais<\/span> Read More &raquo;<\/a><\/p>\n","protected":false},"author":1,"featured_media":0,"parent":0,"menu_order":0,"comment_status":"closed","ping_status":"closed","template":"elementor_header_footer","meta":{"footnotes":""},"class_list":["post-1698","page","type-page","status-publish","hentry"],"_links":{"self":[{"href":"https:\/\/www.afecvigo.es\/web\/index.php?rest_route=\/wp\/v2\/pages\/1698","targetHints":{"allow":["GET"]}}],"collection":[{"href":"https:\/\/www.afecvigo.es\/web\/index.php?rest_route=\/wp\/v2\/pages"}],"about":[{"href":"https:\/\/www.afecvigo.es\/web\/index.php?rest_route=\/wp\/v2\/types\/page"}],"author":[{"embeddable":true,"href":"https:\/\/www.afecvigo.es\/web\/index.php?rest_route=\/wp\/v2\/users\/1"}],"replies":[{"embeddable":true,"href":"https:\/\/www.afecvigo.es\/web\/index.php?rest_route=%2Fwp%2Fv2%2Fcomments&post=1698"}],"version-history":[{"count":28,"href":"https:\/\/www.afecvigo.es\/web\/index.php?rest_route=\/wp\/v2\/pages\/1698\/revisions"}],"predecessor-version":[{"id":7401,"href":"https:\/\/www.afecvigo.es\/web\/index.php?rest_route=\/wp\/v2\/pages\/1698\/revisions\/7401"}],"wp:attachment":[{"href":"https:\/\/www.afecvigo.es\/web\/index.php?rest_route=%2Fwp%2Fv2%2Fmedia&parent=1698"}],"curies":[{"name":"wp","href":"https:\/\/api.w.org\/{rel}","templated":true}]}}